{"id":98,"date":"2013-08-26T07:16:20","date_gmt":"2013-08-26T07:16:20","guid":{"rendered":"https:\/\/www.sotronix.de\/?page_id=98"},"modified":"2019-10-05T06:47:27","modified_gmt":"2019-10-05T04:47:27","slug":"pl-25","status":"publish","type":"page","link":"https:\/\/www.sotronix.de\/index.php\/pl-25\/","title":{"rendered":"Drucklogger"},"content":{"rendered":"<p>[et_pb_section fb_built=&#8220;1&#8243; fullwidth=&#8220;on&#8220; _builder_version=&#8220;3.22&#8243; background_size=&#8220;contain&#8220; fb_built=&#8220;1&#8243; _i=&#8220;0&#8243; _address=&#8220;0&#8243;][et_pb_fullwidth_code admin_label=&#8220;%91rev_slider SliderPressureLogger%93&#8243; _builder_version=&#8220;3.29.3&#8243; custom_margin=&#8220;0px||||false|false&#8220; custom_margin_tablet=&#8220;-20px|||&#8220; custom_margin_phone=&#8220;-10px|||&#8220; custom_margin_last_edited=&#8220;on|desktop&#8220; custom_padding=&#8220;||0px|||&#8220; hover_enabled=&#8220;0&#8243; _i=&#8220;0&#8243; _address=&#8220;0.0&#8243;]\n\t\t\t<!-- START SliderPressureLogger REVOLUTION SLIDER 6.6.16 --><p class=\"rs-p-wp-fix\"><\/p>\n\t\t\t<rs-module-wrap id=\"rev_slider_12_1_wrapper\" data-source=\"gallery\" data-aimg=\"\"  style=\"visibility:hidden;background:#E9E9E9;padding:0;margin:0px auto;margin-top:0;margin-bottom:0;\">\n\t\t\t\t<rs-module id=\"rev_slider_12_1\" style=\"\" data-version=\"6.6.16\">\n\t\t\t\t\t<rs-slides style=\"overflow: hidden; position: absolute;\">\n\t\t\t\t\t\t<rs-slide style=\"position: absolute;\" data-key=\"rs-39\" data-title=\"Slide\" data-duration=\"4000ms\" data-ssop=\"true\" data-in=\"o:1;\" data-out=\"o:1;\">\n\t\t\t\t\t\t\t<img decoding=\"async\" src=\"\/\/www.sotronix.de\/wp-content\/plugins\/revslider\/public\/assets\/assets\/dummy.png\" alt=\"\" title=\"Drucklogger\" class=\"rev-slidebg tp-rs-img rs-lazyload\" data-lazyload=\"\/\/www.sotronix.de\/wp-content\/uploads\/2014\/09\/HeaderGrid.png\" data-bg=\"p:center top;\" data-no-retina>\n<!--\n\t\t\t\t\t\t\t--><rs-layer\n\t\t\t\t\t\t\t\tid=\"slider-12-slide-39-layer-1\" \n\t\t\t\t\t\t\t\tclass=\"large_bold_grey\"\n\t\t\t\t\t\t\t\tdata-type=\"text\"\n\t\t\t\t\t\t\t\tdata-color=\"#666666\"\n\t\t\t\t\t\t\t\tdata-rsp_ch=\"on\"\n\t\t\t\t\t\t\t\tdata-xy=\"x:299px;y:63px;\"\n\t\t\t\t\t\t\t\tdata-text=\"s:50;l:60;fw:800;a:inherit;\"\n\t\t\t\t\t\t\t\tdata-padding=\"t:1;r:4;l:4;\"\n\t\t\t\t\t\t\t\tdata-frame_0=\"y:top;\"\n\t\t\t\t\t\t\t\tdata-frame_1=\"st:1000;sp:1000;\"\n\t\t\t\t\t\t\t\tdata-frame_999=\"o:0;tp:600;e:nothing;st:w;sR:7250;\"\n\t\t\t\t\t\t\t\tstyle=\"z-index:11;font-family:'Open Sans';\"\n\t\t\t\t\t\t\t>Druckdatenlogger \n\t\t\t\t\t\t\t<\/rs-layer><!--\n\n\t\t\t\t\t\t\t--><rs-layer\n\t\t\t\t\t\t\t\tid=\"slider-12-slide-39-layer-2\" \n\t\t\t\t\t\t\t\tclass=\"large_bold_grey\"\n\t\t\t\t\t\t\t\tdata-type=\"text\"\n\t\t\t\t\t\t\t\tdata-color=\"#666666\"\n\t\t\t\t\t\t\t\tdata-rsp_ch=\"on\"\n\t\t\t\t\t\t\t\tdata-xy=\"x:305px;y:130px;\"\n\t\t\t\t\t\t\t\tdata-text=\"s:50;l:60;fw:800;a:inherit;\"\n\t\t\t\t\t\t\t\tdata-padding=\"t:1;r:4;l:4;\"\n\t\t\t\t\t\t\t\tdata-frame_0=\"y:top;\"\n\t\t\t\t\t\t\t\tdata-frame_1=\"st:1740;sp:1000;\"\n\t\t\t\t\t\t\t\tdata-frame_999=\"o:0;tp:600;e:nothing;st:w;sR:6510;\"\n\t\t\t\t\t\t\t\tstyle=\"z-index:10;font-family:'Open Sans';\"\n\t\t\t\t\t\t\t>von 100 mbar bis 40 bar   \n\t\t\t\t\t\t\t<\/rs-layer><!--\n\n\t\t\t\t\t\t\t--><rs-layer\n\t\t\t\t\t\t\t\tid=\"slider-12-slide-39-layer-4\" \n\t\t\t\t\t\t\t\tclass=\"Sot_Slider_Text_Black\"\n\t\t\t\t\t\t\t\tdata-type=\"text\"\n\t\t\t\t\t\t\t\tdata-color=\"#666666\"\n\t\t\t\t\t\t\t\tdata-rsp_ch=\"on\"\n\t\t\t\t\t\t\t\tdata-xy=\"x:306px;y:208px;\"\n\t\t\t\t\t\t\t\tdata-text=\"s:37;a:inherit;\"\n\t\t\t\t\t\t\t\tdata-dim=\"h:33px;\"\n\t\t\t\t\t\t\t\tdata-frame_0=\"y:top;\"\n\t\t\t\t\t\t\t\tdata-frame_1=\"st:2490;sp:1000;\"\n\t\t\t\t\t\t\t\tdata-frame_999=\"o:0;tp:600;e:nothing;st:w;sR:5760;\"\n\t\t\t\t\t\t\t\tstyle=\"z-index:9;font-family:'Open Sans';\"\n\t\t\t\t\t\t\t>Wasserdicht bis 30 cm Tauchtiefe \n\t\t\t\t\t\t\t<\/rs-layer><!--\n\n\t\t\t\t\t\t\t--><rs-layer\n\t\t\t\t\t\t\t\tid=\"slider-12-slide-39-layer-5\" \n\t\t\t\t\t\t\t\tdata-type=\"image\"\n\t\t\t\t\t\t\t\tdata-rsp_ch=\"on\"\n\t\t\t\t\t\t\t\tdata-xy=\"x:r;xo:176px;\"\n\t\t\t\t\t\t\t\tdata-text=\"l:22;a:inherit;\"\n\t\t\t\t\t\t\t\tdata-dim=\"w:400px;h:400px;\"\n\t\t\t\t\t\t\t\tdata-frame_0=\"o:1;\"\n\t\t\t\t\t\t\t\tdata-frame_999=\"o:1;st:w;\"\n\t\t\t\t\t\t\t\tstyle=\"z-index:12;\"\n\t\t\t\t\t\t\t><img decoding=\"async\" src=\"\/\/www.sotronix.de\/wp-content\/plugins\/revslider\/public\/assets\/assets\/dummy.png\" alt=\"\" class=\"tp-rs-img rs-lazyload\" width=\"512\" height=\"512\" data-lazyload=\"\/\/www.sotronix.de\/wp-content\/uploads\/2014\/11\/Icon-DataLogger-512px.png\" data-no-retina> \n\t\t\t\t\t\t\t<\/rs-layer><!--\n-->\t\t\t\t\t\t<\/rs-slide>\n\t\t\t\t\t\t<rs-slide style=\"position: absolute;\" data-key=\"rs-391\" data-title=\"Slide\" data-duration=\"4000ms\" data-ssop=\"true\" data-in=\"o:1;\" data-out=\"o:1;\">\n\t\t\t\t\t\t\t<img decoding=\"async\" src=\"\/\/www.sotronix.de\/wp-content\/plugins\/revslider\/public\/assets\/assets\/dummy.png\" alt=\"\" title=\"Drucklogger\" class=\"rev-slidebg tp-rs-img rs-lazyload\" data-lazyload=\"\/\/www.sotronix.de\/wp-content\/uploads\/2014\/09\/HeaderGrid.png\" data-bg=\"p:center top;\" data-no-retina>\n<!--\n\t\t\t\t\t\t\t--><rs-layer\n\t\t\t\t\t\t\t\tid=\"slider-12-slide-391-layer-1\" \n\t\t\t\t\t\t\t\tclass=\"large_bold_grey\"\n\t\t\t\t\t\t\t\tdata-type=\"text\"\n\t\t\t\t\t\t\t\tdata-color=\"#666666\"\n\t\t\t\t\t\t\t\tdata-rsp_ch=\"on\"\n\t\t\t\t\t\t\t\tdata-xy=\"x:299px;y:63px;\"\n\t\t\t\t\t\t\t\tdata-text=\"s:50;l:60;fw:800;a:inherit;\"\n\t\t\t\t\t\t\t\tdata-padding=\"t:1;r:4;l:4;\"\n\t\t\t\t\t\t\t\tdata-frame_0=\"y:top;\"\n\t\t\t\t\t\t\t\tdata-frame_1=\"st:1000;sp:1000;\"\n\t\t\t\t\t\t\t\tdata-frame_999=\"o:0;tp:600;e:nothing;st:w;sR:7250;\"\n\t\t\t\t\t\t\t\tstyle=\"z-index:11;font-family:'Open Sans';\"\n\t\t\t\t\t\t\t>Druckdatenlogger \n\t\t\t\t\t\t\t<\/rs-layer><!--\n\n\t\t\t\t\t\t\t--><rs-layer\n\t\t\t\t\t\t\t\tid=\"slider-12-slide-391-layer-2\" \n\t\t\t\t\t\t\t\tclass=\"large_bold_grey\"\n\t\t\t\t\t\t\t\tdata-type=\"text\"\n\t\t\t\t\t\t\t\tdata-color=\"#666666\"\n\t\t\t\t\t\t\t\tdata-rsp_ch=\"on\"\n\t\t\t\t\t\t\t\tdata-xy=\"x:305px;y:130px;\"\n\t\t\t\t\t\t\t\tdata-text=\"s:50;l:60;fw:800;a:inherit;\"\n\t\t\t\t\t\t\t\tdata-padding=\"t:1;r:4;l:4;\"\n\t\t\t\t\t\t\t\tdata-frame_0=\"y:top;\"\n\t\t\t\t\t\t\t\tdata-frame_1=\"st:1740;sp:1000;\"\n\t\t\t\t\t\t\t\tdata-frame_999=\"o:0;tp:600;e:nothing;st:w;sR:6510;\"\n\t\t\t\t\t\t\t\tstyle=\"z-index:10;font-family:'Open Sans';\"\n\t\t\t\t\t\t\t>von 100 mbar bis 40 bar   \n\t\t\t\t\t\t\t<\/rs-layer><!--\n\n\t\t\t\t\t\t\t--><rs-layer\n\t\t\t\t\t\t\t\tid=\"slider-12-slide-391-layer-4\" \n\t\t\t\t\t\t\t\tclass=\"Sot_Slider_Text_Black\"\n\t\t\t\t\t\t\t\tdata-type=\"text\"\n\t\t\t\t\t\t\t\tdata-color=\"#666666\"\n\t\t\t\t\t\t\t\tdata-rsp_ch=\"on\"\n\t\t\t\t\t\t\t\tdata-xy=\"x:306px;y:208px;\"\n\t\t\t\t\t\t\t\tdata-text=\"s:37;a:inherit;\"\n\t\t\t\t\t\t\t\tdata-dim=\"h:33px;\"\n\t\t\t\t\t\t\t\tdata-frame_0=\"y:top;\"\n\t\t\t\t\t\t\t\tdata-frame_1=\"st:2490;sp:1000;\"\n\t\t\t\t\t\t\t\tdata-frame_999=\"o:0;tp:600;e:nothing;st:w;sR:5760;\"\n\t\t\t\t\t\t\t\tstyle=\"z-index:9;font-family:'Open Sans';\"\n\t\t\t\t\t\t\t>Wasserdicht bis 30 cm Tauchtiefe \n\t\t\t\t\t\t\t<\/rs-layer><!--\n\n\t\t\t\t\t\t\t--><rs-layer\n\t\t\t\t\t\t\t\tid=\"slider-12-slide-391-layer-5\" \n\t\t\t\t\t\t\t\tdata-type=\"image\"\n\t\t\t\t\t\t\t\tdata-rsp_ch=\"on\"\n\t\t\t\t\t\t\t\tdata-xy=\"x:r;xo:176px;\"\n\t\t\t\t\t\t\t\tdata-text=\"l:22;a:inherit;\"\n\t\t\t\t\t\t\t\tdata-dim=\"w:400px;h:400px;\"\n\t\t\t\t\t\t\t\tdata-frame_0=\"o:1;\"\n\t\t\t\t\t\t\t\tdata-frame_999=\"o:1;st:w;\"\n\t\t\t\t\t\t\t\tstyle=\"z-index:12;\"\n\t\t\t\t\t\t\t><img decoding=\"async\" src=\"\/\/www.sotronix.de\/wp-content\/plugins\/revslider\/public\/assets\/assets\/dummy.png\" alt=\"\" class=\"tp-rs-img rs-lazyload\" width=\"512\" height=\"512\" data-lazyload=\"\/\/www.sotronix.de\/wp-content\/uploads\/2014\/11\/Icon-DataLogger-512px.png\" data-no-retina> \n\t\t\t\t\t\t\t<\/rs-layer><!--\n-->\t\t\t\t\t\t<\/rs-slide>\n\t\t\t\t\t<\/rs-slides>\n\t\t\t\t<\/rs-module>\n\t\t\t\t<script>\n\t\t\t\t\tsetREVStartSize({c: 'rev_slider_12_1',rl:[1240,1024,768,480],el:[400],gw:[1920],gh:[400],type:'standard',justify:'',layout:'fullwidth',mh:\"0\"});if (window.RS_MODULES!==undefined && window.RS_MODULES.modules!==undefined && window.RS_MODULES.modules[\"revslider121\"]!==undefined) {window.RS_MODULES.modules[\"revslider121\"].once = false;window.revapi12 = undefined;if (window.RS_MODULES.checkMinimal!==undefined) window.RS_MODULES.checkMinimal()}\n\t\t\t\t<\/script>\n\t\t\t<\/rs-module-wrap>\n\t\t\t<!-- END REVOLUTION SLIDER -->\n[\/et_pb_fullwidth_code][\/et_pb_section][et_pb_section fb_built=&#8220;1&#8243; _builder_version=&#8220;3.22&#8243; background_color=&#8220;#ffffff&#8220; custom_padding=&#8220;20px|||&#8220; fb_built=&#8220;1&#8243; _i=&#8220;1&#8243; _address=&#8220;1&#8243;][et_pb_row _builder_version=&#8220;3.25&#8243; custom_padding=&#8220;27px|0px|0|0px|false|false&#8220; border_color_top=&#8220;#dbdbdb&#8220; _i=&#8220;0&#8243; _address=&#8220;1.0&#8243;][et_pb_column type=&#8220;4_4&#8243; _builder_version=&#8220;3.25&#8243; custom_padding=&#8220;|||&#8220; custom_padding__hover=&#8220;|||&#8220; _i=&#8220;0&#8243; _address=&#8220;1.0.0&#8243;][et_pb_text admin_label=&#8220;SOTRONIX Druckdatenlogger&#8220; _builder_version=&#8220;3.27.4&#8243; text_font_size=&#8220;16px&#8220; header_line_height=&#8220;1.4em&#8220; _i=&#8220;0&#8243; _address=&#8220;1.0.0.0&#8243;]<\/p>\n<h2>SOTRONIX\u00a0Druckdatenlogger<\/h2>\n<p>[\/et_pb_text][et_pb_text admin_label=&#8220;Zur Rohrnetzanalyse, dem Auffinden \u2026&#8220; _builder_version=&#8220;3.27.4&#8243; text_font_size=&#8220;16px&#8220; header_line_height=&#8220;1.4em&#8220; header_2_font_size=&#8220;20px&#8220; _i=&#8220;1&#8243; _address=&#8220;1.0.0.1&#8243;]<\/p>\n<h2><span style=\"color: #80bc00;\">Zur Rohrnetzanalyse, dem Auffinden von Druckst\u00f6\u00dfen oder zur Langzeit\u00fcberwachung.<\/span><\/h2>\n<p>Sotronix Druckdatenlogger unterst\u00fctzen Sie bei diesen Aufgaben mit einer hervorragenden Genauigkeit, einfachster Bedienung und einem baustellengerechten Geh\u00e4use.<\/p>\n<p>[\/et_pb_text][\/et_pb_column][\/et_pb_row][et_pb_row _builder_version=&#8220;3.29.3&#8243; _i=&#8220;1&#8243; _address=&#8220;1.1&#8243;][et_pb_column type=&#8220;4_4&#8243; _builder_version=&#8220;3.29.3&#8243; _i=&#8220;0&#8243; _address=&#8220;1.1.0&#8243;][et_pb_text _builder_version=&#8220;3.29.3&#8243; custom_padding=&#8220;||0px|||&#8220; _i=&#8220;0&#8243; _address=&#8220;1.1.0.0&#8243;]<\/p>\n<p>Durch sein wasserdichtes Aluminium Geh\u00e4use sind auch Messungen unter schwierigen Umweltbedingungen m\u00f6glich.\u00a0 Eine \u00fcberflutete Hydrantenkappe stellt kein Problem dar und das stabile Geh\u00e4use nimmt auch eine rauhe Behandlung nicht \u00fcbel.<br \/>Mit einer Speicherm\u00f6glichkeit von bis zu 2 Millionen Messpunkten ist der Druckdatenlogger f\u00fcr langlaufende Messungen perfekt geeignet. Abh\u00e4ngig vom Speicherintervall k\u00f6nnen Messungen mit einer Laufzeit von bis zu 10 Jahren durchgef\u00fchrt werden.<\/p>\n<p>\u00a0Zum Auffinden von Druckst\u00f6\u00dfen steht ein Speicherintervall von 62 ms zur Verf\u00fcgung. Bei diesem Intervall ist der Logger in der Lage 24 Stunden lang aufzuzeichnen. \u00a0Durch die Analysem\u00f6glichkeiten im <a href=\"https:\/\/www.sotronix.de\/index.php\/stx-3\/\">STX-Controlcenter<\/a> ist es nachfolgend problemlos m\u00f6glich die Druckst\u00f6\u00dfe grafisch darzustellen.<\/p>\n<p>[\/et_pb_text][\/et_pb_column][\/et_pb_row][et_pb_row column_structure=&#8220;1_3,2_3&#8243; _builder_version=&#8220;3.29.3&#8243; _i=&#8220;2&#8243; _address=&#8220;1.2&#8243;][et_pb_column type=&#8220;1_3&#8243; _builder_version=&#8220;3.29.3&#8243; _i=&#8220;0&#8243; _address=&#8220;1.2.0&#8243;][et_pb_text _builder_version=&#8220;3.29.3&#8243; _i=&#8220;0&#8243; _address=&#8220;1.2.0.0&#8243;]<\/p>\n<p>Der Drucklogger wird mittels Bluetooth vom STX-Controlcenter ausgelesen.<br \/> Nachfolgend kann die Messung grafisch und tabelarisch dargestellt werden.<br \/>Innerhalb der nebenstehenden Abbildung k\u00f6nnen beliebige Anmerkungen und Hilfslinien auf der Zeit und Druckachse eingeblendet werden.<\/p>\n<p>&nbsp;<\/p>\n<p>[\/et_pb_text][\/et_pb_column][et_pb_column type=&#8220;2_3&#8243; _builder_version=&#8220;3.29.3&#8243; _i=&#8220;1&#8243; _address=&#8220;1.2.1&#8243;][et_pb_image src=&#8220;https:\/\/www.sotronix.de\/wp-content\/uploads\/2019\/10\/PL-Diangramm.png&#8220; show_in_lightbox=&#8220;on&#8220; _builder_version=&#8220;3.29.3&#8243; _i=&#8220;0&#8243; _address=&#8220;1.2.1.0&#8243;][\/et_pb_image][\/et_pb_column][\/et_pb_row][et_pb_row column_structure=&#8220;1_3,2_3&#8243; _builder_version=&#8220;3.29.3&#8243; _i=&#8220;3&#8243; _address=&#8220;1.3&#8243;][et_pb_column type=&#8220;1_3&#8243; _builder_version=&#8220;3.29.3&#8243; _i=&#8220;0&#8243; _address=&#8220;1.3.0&#8243;][et_pb_text _builder_version=&#8220;3.29.3&#8243; _i=&#8220;0&#8243; _address=&#8220;1.3.0.0&#8243;]<\/p>\n<p>Zur gleichzeitigen Darstellung und Analyse von Messungen ist es m\u00f6glich mehrere Messungen in einem Diagramm darzustellen.<br \/>Selbstverst\u00e4ndlich k\u00f6nnen auch hier verschiedene Hilfslinien eingeblendet werden.<\/p>\n<p>&nbsp;<\/p>\n<p>&nbsp;<\/p>\n<p>&nbsp;<\/p>\n<p>[\/et_pb_text][\/et_pb_column][et_pb_column type=&#8220;2_3&#8243; _builder_version=&#8220;3.29.3&#8243; _i=&#8220;1&#8243; _address=&#8220;1.3.1&#8243;][et_pb_image src=&#8220;https:\/\/www.sotronix.de\/wp-content\/uploads\/2019\/10\/STX-Analyzer.png&#8220; show_in_lightbox=&#8220;on&#8220; _builder_version=&#8220;3.29.3&#8243; _i=&#8220;0&#8243; _address=&#8220;1.3.1.0&#8243;][\/et_pb_image][\/et_pb_column][\/et_pb_row][et_pb_row column_structure=&#8220;1_2,1_2&#8243; _builder_version=&#8220;3.29.3&#8243; _i=&#8220;4&#8243; _address=&#8220;1.4&#8243;][et_pb_column type=&#8220;1_2&#8243; _builder_version=&#8220;3.29.3&#8243; _i=&#8220;0&#8243; _address=&#8220;1.4.0&#8243;][et_pb_text _builder_version=&#8220;3.29.3&#8243; _i=&#8220;0&#8243; _address=&#8220;1.4.0.0&#8243;]<\/p>\n<h4>Druckbereiche<\/h4>\n<p>Zur optimal Anpassung an die jeweilige Aufgabe sind verschiedene Druckbereiche erh\u00e4ltlich:<\/p>\n<ul>\n<li><i class=\"fa fa-pencil\"><\/i> 0 bis 100 millibar relativ<\/li>\n<li><i class=\"fa fa-pencil\"><\/i> -1 bis 10 bar relativ<\/li>\n<li><i class=\"fa fa-pencil\"><\/i> -1 bis 16 bar relativ<\/li>\n<li><i class=\"fa fa-pencil\"><\/i> -1 bis 25 bar relativ<\/li>\n<li><i class=\"fa fa-pencil\"><\/i> 1 bis 40 bar relativ<\/li>\n<\/ul>\n<p>Weitere Druckbereiche als Sonderausf\u00fchrung auf Anfrage.<\/p>\n<p>[\/et_pb_text][\/et_pb_column][et_pb_column type=&#8220;1_2&#8243; _builder_version=&#8220;3.29.3&#8243; _i=&#8220;1&#8243; _address=&#8220;1.4.1&#8243;][et_pb_text _builder_version=&#8220;3.29.3&#8243; _i=&#8220;0&#8243; _address=&#8220;1.4.1.0&#8243;]<\/p>\n<h4>Genauigkeit<\/h4>\n<p>Jeder einzelne Druckdatenlogger wird in einem Klimaschrank aufw\u00e4ndig kalibriert. Mit Ausnahme der 100 mbar Drucklogger, besitzen alle Ger\u00e4te eine Genauigkeit von 0,1% SKE \u00fcber den gesamten Temperaturbereich.<\/p>\n<p>Bei einem 25 bar Messger\u00e4t \u00a0bedeutet dies, dass die maximale Ungenauigkeit \u00b125 mbar betr\u00e4gt. Wesentlich ist, dass dies nicht nur bei Raumtemperatur gilt, sondern \u00fcber den gesamten Temperaturbereich.<\/p>\n<p>[\/et_pb_text][\/et_pb_column][\/et_pb_row][\/et_pb_section]<\/p>\n","protected":false},"excerpt":{"rendered":"<p>\n\t\t\t<!-- START SliderPressureLogger REVOLUTION SLIDER 6.6.16 --><p class=\"rs-p-wp-fix\"><\/p>\n\t\t\t<rs-module-wrap id=\"rev_slider_12_2_wrapper\" data-source=\"gallery\" data-aimg=\"\"  style=\"visibility:hidden;background:#E9E9E9;padding:0;margin:0px auto;margin-top:0;margin-bottom:0;\">\n\t\t\t\t<rs-module id=\"rev_slider_12_2\" style=\"\" data-version=\"6.6.16\">\n\t\t\t\t\t<rs-slides style=\"overflow: hidden; position: absolute;\">\n\t\t\t\t\t\t<rs-slide style=\"position: absolute;\" data-key=\"rs-39\" data-title=\"Slide\" data-duration=\"4000ms\" data-ssop=\"true\" data-in=\"o:1;\" data-out=\"o:1;\">\n\t\t\t\t\t\t\t<img decoding=\"async\" src=\"\/\/www.sotronix.de\/wp-content\/plugins\/revslider\/public\/assets\/assets\/dummy.png\" alt=\"\" title=\"Drucklogger\" class=\"rev-slidebg tp-rs-img rs-lazyload\" data-lazyload=\"\/\/www.sotronix.de\/wp-content\/uploads\/2014\/09\/HeaderGrid.png\" data-bg=\"p:center top;\" data-no-retina>\n<!--\n\t\t\t\t\t\t\t--><rs-layer\n\t\t\t\t\t\t\t\tid=\"slider-12-slide-39-layer-1\" \n\t\t\t\t\t\t\t\tclass=\"large_bold_grey\"\n\t\t\t\t\t\t\t\tdata-type=\"text\"\n\t\t\t\t\t\t\t\tdata-color=\"#666666\"\n\t\t\t\t\t\t\t\tdata-rsp_ch=\"on\"\n\t\t\t\t\t\t\t\tdata-xy=\"x:299px;y:63px;\"\n\t\t\t\t\t\t\t\tdata-text=\"s:50;l:60;fw:800;a:inherit;\"\n\t\t\t\t\t\t\t\tdata-padding=\"t:1;r:4;l:4;\"\n\t\t\t\t\t\t\t\tdata-frame_0=\"y:top;\"\n\t\t\t\t\t\t\t\tdata-frame_1=\"st:1000;sp:1000;\"\n\t\t\t\t\t\t\t\tdata-frame_999=\"o:0;tp:600;e:nothing;st:w;sR:7250;\"\n\t\t\t\t\t\t\t\tstyle=\"z-index:11;font-family:'Open Sans';\"\n\t\t\t\t\t\t\t>Druckdatenlogger \n\t\t\t\t\t\t\t<\/rs-layer><!--\n\n\t\t\t\t\t\t\t--><rs-layer\n\t\t\t\t\t\t\t\tid=\"slider-12-slide-39-layer-2\" \n\t\t\t\t\t\t\t\tclass=\"large_bold_grey\"\n\t\t\t\t\t\t\t\tdata-type=\"text\"\n\t\t\t\t\t\t\t\tdata-color=\"#666666\"\n\t\t\t\t\t\t\t\tdata-rsp_ch=\"on\"\n\t\t\t\t\t\t\t\tdata-xy=\"x:305px;y:130px;\"\n\t\t\t\t\t\t\t\tdata-text=\"s:50;l:60;fw:800;a:inherit;\"\n\t\t\t\t\t\t\t\tdata-padding=\"t:1;r:4;l:4;\"\n\t\t\t\t\t\t\t\tdata-frame_0=\"y:top;\"\n\t\t\t\t\t\t\t\tdata-frame_1=\"st:1740;sp:1000;\"\n\t\t\t\t\t\t\t\tdata-frame_999=\"o:0;tp:600;e:nothing;st:w;sR:6510;\"\n\t\t\t\t\t\t\t\tstyle=\"z-index:10;font-family:'Open Sans';\"\n\t\t\t\t\t\t\t>von 100 mbar bis 40 bar   \n\t\t\t\t\t\t\t<\/rs-layer><!--\n\n\t\t\t\t\t\t\t--><rs-layer\n\t\t\t\t\t\t\t\tid=\"slider-12-slide-39-layer-4\" \n\t\t\t\t\t\t\t\tclass=\"Sot_Slider_Text_Black\"\n\t\t\t\t\t\t\t\tdata-type=\"text\"\n\t\t\t\t\t\t\t\tdata-color=\"#666666\"\n\t\t\t\t\t\t\t\tdata-rsp_ch=\"on\"\n\t\t\t\t\t\t\t\tdata-xy=\"x:306px;y:208px;\"\n\t\t\t\t\t\t\t\tdata-text=\"s:37;a:inherit;\"\n\t\t\t\t\t\t\t\tdata-dim=\"h:33px;\"\n\t\t\t\t\t\t\t\tdata-frame_0=\"y:top;\"\n\t\t\t\t\t\t\t\tdata-frame_1=\"st:2490;sp:1000;\"\n\t\t\t\t\t\t\t\tdata-frame_999=\"o:0;tp:600;e:nothing;st:w;sR:5760;\"\n\t\t\t\t\t\t\t\tstyle=\"z-index:9;font-family:'Open Sans';\"\n\t\t\t\t\t\t\t>Wasserdicht bis 30 cm Tauchtiefe \n\t\t\t\t\t\t\t<\/rs-layer><!--\n\n\t\t\t\t\t\t\t--><rs-layer\n\t\t\t\t\t\t\t\tid=\"slider-12-slide-39-layer-5\" \n\t\t\t\t\t\t\t\tdata-type=\"image\"\n\t\t\t\t\t\t\t\tdata-rsp_ch=\"on\"\n\t\t\t\t\t\t\t\tdata-xy=\"x:r;xo:176px;\"\n\t\t\t\t\t\t\t\tdata-text=\"l:22;a:inherit;\"\n\t\t\t\t\t\t\t\tdata-dim=\"w:400px;h:400px;\"\n\t\t\t\t\t\t\t\tdata-frame_0=\"o:1;\"\n\t\t\t\t\t\t\t\tdata-frame_999=\"o:1;st:w;\"\n\t\t\t\t\t\t\t\tstyle=\"z-index:12;\"\n\t\t\t\t\t\t\t><img decoding=\"async\" src=\"\/\/www.sotronix.de\/wp-content\/plugins\/revslider\/public\/assets\/assets\/dummy.png\" alt=\"\" class=\"tp-rs-img rs-lazyload\" width=\"512\" height=\"512\" data-lazyload=\"\/\/www.sotronix.de\/wp-content\/uploads\/2014\/11\/Icon-DataLogger-512px.png\" data-no-retina> \n\t\t\t\t\t\t\t<\/rs-layer><!--\n-->\t\t\t\t\t\t<\/rs-slide>\n\t\t\t\t\t\t<rs-slide style=\"position: absolute;\" data-key=\"rs-391\" data-title=\"Slide\" data-duration=\"4000ms\" data-ssop=\"true\" data-in=\"o:1;\" data-out=\"o:1;\">\n\t\t\t\t\t\t\t<img decoding=\"async\" src=\"\/\/www.sotronix.de\/wp-content\/plugins\/revslider\/public\/assets\/assets\/dummy.png\" alt=\"\" title=\"Drucklogger\" class=\"rev-slidebg tp-rs-img rs-lazyload\" data-lazyload=\"\/\/www.sotronix.de\/wp-content\/uploads\/2014\/09\/HeaderGrid.png\" data-bg=\"p:center top;\" data-no-retina>\n<!--\n\t\t\t\t\t\t\t--><rs-layer\n\t\t\t\t\t\t\t\tid=\"slider-12-slide-391-layer-1\" \n\t\t\t\t\t\t\t\tclass=\"large_bold_grey\"\n\t\t\t\t\t\t\t\tdata-type=\"text\"\n\t\t\t\t\t\t\t\tdata-color=\"#666666\"\n\t\t\t\t\t\t\t\tdata-rsp_ch=\"on\"\n\t\t\t\t\t\t\t\tdata-xy=\"x:299px;y:63px;\"\n\t\t\t\t\t\t\t\tdata-text=\"s:50;l:60;fw:800;a:inherit;\"\n\t\t\t\t\t\t\t\tdata-padding=\"t:1;r:4;l:4;\"\n\t\t\t\t\t\t\t\tdata-frame_0=\"y:top;\"\n\t\t\t\t\t\t\t\tdata-frame_1=\"st:1000;sp:1000;\"\n\t\t\t\t\t\t\t\tdata-frame_999=\"o:0;tp:600;e:nothing;st:w;sR:7250;\"\n\t\t\t\t\t\t\t\tstyle=\"z-index:11;font-family:'Open Sans';\"\n\t\t\t\t\t\t\t>Druckdatenlogger \n\t\t\t\t\t\t\t<\/rs-layer><!--\n\n\t\t\t\t\t\t\t--><rs-layer\n\t\t\t\t\t\t\t\tid=\"slider-12-slide-391-layer-2\" \n\t\t\t\t\t\t\t\tclass=\"large_bold_grey\"\n\t\t\t\t\t\t\t\tdata-type=\"text\"\n\t\t\t\t\t\t\t\tdata-color=\"#666666\"\n\t\t\t\t\t\t\t\tdata-rsp_ch=\"on\"\n\t\t\t\t\t\t\t\tdata-xy=\"x:305px;y:130px;\"\n\t\t\t\t\t\t\t\tdata-text=\"s:50;l:60;fw:800;a:inherit;\"\n\t\t\t\t\t\t\t\tdata-padding=\"t:1;r:4;l:4;\"\n\t\t\t\t\t\t\t\tdata-frame_0=\"y:top;\"\n\t\t\t\t\t\t\t\tdata-frame_1=\"st:1740;sp:1000;\"\n\t\t\t\t\t\t\t\tdata-frame_999=\"o:0;tp:600;e:nothing;st:w;sR:6510;\"\n\t\t\t\t\t\t\t\tstyle=\"z-index:10;font-family:'Open Sans';\"\n\t\t\t\t\t\t\t>von 100 mbar bis 40 bar   \n\t\t\t\t\t\t\t<\/rs-layer><!--\n\n\t\t\t\t\t\t\t--><rs-layer\n\t\t\t\t\t\t\t\tid=\"slider-12-slide-391-layer-4\" \n\t\t\t\t\t\t\t\tclass=\"Sot_Slider_Text_Black\"\n\t\t\t\t\t\t\t\tdata-type=\"text\"\n\t\t\t\t\t\t\t\tdata-color=\"#666666\"\n\t\t\t\t\t\t\t\tdata-rsp_ch=\"on\"\n\t\t\t\t\t\t\t\tdata-xy=\"x:306px;y:208px;\"\n\t\t\t\t\t\t\t\tdata-text=\"s:37;a:inherit;\"\n\t\t\t\t\t\t\t\tdata-dim=\"h:33px;\"\n\t\t\t\t\t\t\t\tdata-frame_0=\"y:top;\"\n\t\t\t\t\t\t\t\tdata-frame_1=\"st:2490;sp:1000;\"\n\t\t\t\t\t\t\t\tdata-frame_999=\"o:0;tp:600;e:nothing;st:w;sR:5760;\"\n\t\t\t\t\t\t\t\tstyle=\"z-index:9;font-family:'Open Sans';\"\n\t\t\t\t\t\t\t>Wasserdicht bis 30 cm Tauchtiefe \n\t\t\t\t\t\t\t<\/rs-layer><!--\n\n\t\t\t\t\t\t\t--><rs-layer\n\t\t\t\t\t\t\t\tid=\"slider-12-slide-391-layer-5\" \n\t\t\t\t\t\t\t\tdata-type=\"image\"\n\t\t\t\t\t\t\t\tdata-rsp_ch=\"on\"\n\t\t\t\t\t\t\t\tdata-xy=\"x:r;xo:176px;\"\n\t\t\t\t\t\t\t\tdata-text=\"l:22;a:inherit;\"\n\t\t\t\t\t\t\t\tdata-dim=\"w:400px;h:400px;\"\n\t\t\t\t\t\t\t\tdata-frame_0=\"o:1;\"\n\t\t\t\t\t\t\t\tdata-frame_999=\"o:1;st:w;\"\n\t\t\t\t\t\t\t\tstyle=\"z-index:12;\"\n\t\t\t\t\t\t\t><img decoding=\"async\" src=\"\/\/www.sotronix.de\/wp-content\/plugins\/revslider\/public\/assets\/assets\/dummy.png\" alt=\"\" class=\"tp-rs-img rs-lazyload\" width=\"512\" height=\"512\" data-lazyload=\"\/\/www.sotronix.de\/wp-content\/uploads\/2014\/11\/Icon-DataLogger-512px.png\" data-no-retina> \n\t\t\t\t\t\t\t<\/rs-layer><!--\n-->\t\t\t\t\t\t<\/rs-slide>\n\t\t\t\t\t<\/rs-slides>\n\t\t\t\t<\/rs-module>\n\t\t\t\t<script>\n\t\t\t\t\tsetREVStartSize({c: 'rev_slider_12_2',rl:[1240,1024,768,480],el:[400],gw:[1920],gh:[400],type:'standard',justify:'',layout:'fullwidth',mh:\"0\"});if (window.RS_MODULES!==undefined && window.RS_MODULES.modules!==undefined && window.RS_MODULES.modules[\"revslider122\"]!==undefined) {window.RS_MODULES.modules[\"revslider122\"].once = false;window.revapi12_2 = undefined;if (window.RS_MODULES.checkMinimal!==undefined) window.RS_MODULES.checkMinimal()}\n\t\t\t\t<\/script>\n\t\t\t<\/rs-module-wrap>\n\t\t\t<!-- END REVOLUTION SLIDER -->\nSOTRONIX\u00a0Druckdatenlogger Zur Rohrnetzanalyse, dem Auffinden von Druckst\u00f6\u00dfen oder zur Langzeit\u00fcberwachung. Sotronix Druckdatenlogger unterst\u00fctzen Sie bei diesen Aufgaben mit einer hervorragenden Genauigkeit, einfachster Bedienung und einem baustellengerechten Geh\u00e4use.Durch sein wasserdichtes Aluminium Geh\u00e4use sind auch Messungen unter schwierigen Umweltbedingungen m\u00f6glich.\u00a0 Eine \u00fcberflutete Hydrantenkappe stellt kein Problem dar und das stabile Geh\u00e4use nimmt auch eine rauhe Behandlung [&hellip;]<\/p>\n","protected":false},"author":1,"featured_media":0,"parent":0,"menu_order":0,"comment_status":"closed","ping_status":"closed","template":"","meta":{"_et_pb_use_builder":"on","_et_pb_old_content":"","_et_gb_content_width":"","footnotes":""},"class_list":["post-98","page","type-page","status-publish","hentry"],"_links":{"self":[{"href":"https:\/\/www.sotronix.de\/index.php\/wp-json\/wp\/v2\/pages\/98","targetHints":{"allow":["GET"]}}],"collection":[{"href":"https:\/\/www.sotronix.de\/index.php\/wp-json\/wp\/v2\/pages"}],"about":[{"href":"https:\/\/www.sotronix.de\/index.php\/wp-json\/wp\/v2\/types\/page"}],"author":[{"embeddable":true,"href":"https:\/\/www.sotronix.de\/index.php\/wp-json\/wp\/v2\/users\/1"}],"replies":[{"embeddable":true,"href":"https:\/\/www.sotronix.de\/index.php\/wp-json\/wp\/v2\/comments?post=98"}],"version-history":[{"count":78,"href":"https:\/\/www.sotronix.de\/index.php\/wp-json\/wp\/v2\/pages\/98\/revisions"}],"predecessor-version":[{"id":2470,"href":"https:\/\/www.sotronix.de\/index.php\/wp-json\/wp\/v2\/pages\/98\/revisions\/2470"}],"wp:attachment":[{"href":"https:\/\/www.sotronix.de\/index.php\/wp-json\/wp\/v2\/media?parent=98"}],"curies":[{"name":"wp","href":"https:\/\/api.w.org\/{rel}","templated":true}]}}