{"id":2444,"date":"2019-11-22T06:43:19","date_gmt":"2019-11-22T04:43:19","guid":{"rendered":"https:\/\/www.sotronix.de\/?page_id=2444"},"modified":"2019-11-22T06:43:19","modified_gmt":"2019-11-22T04:43:19","slug":"m-bus-druckmessgeraet","status":"publish","type":"page","link":"https:\/\/www.sotronix.de\/index.php\/m-bus-druckmessgeraet\/","title":{"rendered":"M-Bus Druckmessger\u00e4t"},"content":{"rendered":"<p>[et_pb_section fb_built=&#8220;1&#8243; fullwidth=&#8220;on&#8220; _builder_version=&#8220;3.29.3&#8243; background_size=&#8220;contain&#8220; fb_built=&#8220;1&#8243; _i=&#8220;0&#8243; _address=&#8220;0&#8243;][et_pb_fullwidth_code admin_label=&#8220;%91rev_slider SliderPressureLogger%93&#8243; _builder_version=&#8220;3.29.3&#8243; custom_margin=&#8220;||||false|false&#8220; custom_margin_tablet=&#8220;-20px|||&#8220; custom_margin_phone=&#8220;-10px|||&#8220; custom_margin_last_edited=&#8220;on|desktop&#8220; custom_padding=&#8220;||0px|||&#8220; _i=&#8220;0&#8243; _address=&#8220;0.0&#8243;]\n\t\t\t<!-- START SliderMBusPressureLogger REVOLUTION SLIDER 6.6.16 --><p class=\"rs-p-wp-fix\"><\/p>\n\t\t\t<rs-module-wrap id=\"rev_slider_22_1_wrapper\" data-source=\"gallery\" data-aimg=\"\"  style=\"visibility:hidden;background:#E9E9E9;padding:0;margin:0px auto;margin-top:0;margin-bottom:0;background-image:url(https:\/\/www.sotronix.de\/wp-content\/uploads\/2014\/09\/HeaderGrid.png);background-repeat:no-repeat;background-size:cover;background-position:center top;\">\n\t\t\t\t<rs-module id=\"rev_slider_22_1\" style=\"\" data-version=\"6.6.16\">\n\t\t\t\t\t<rs-slides style=\"overflow: hidden; position: absolute;\">\n\t\t\t\t\t\t<rs-slide style=\"position: absolute;\" data-key=\"rs-54\" data-title=\"Slide\" data-duration=\"4000ms\" data-ssop=\"true\" data-anim=\"ms:110;\" data-in=\"o:1;\" data-out=\"o:1;\">\n\t\t\t\t\t\t\t<img decoding=\"async\" src=\"\/\/www.sotronix.de\/wp-content\/plugins\/revslider\/public\/assets\/assets\/dummy.png\" alt=\"\" title=\"M-Bus Druckmessger\u00e4t\" class=\"rev-slidebg tp-rs-img rs-lazyload\" data-lazyload=\"\/\/www.sotronix.de\/wp-content\/uploads\/2014\/09\/HeaderGrid.png\" data-bg=\"p:center top;f:auto;\" data-no-retina>\n<!--\n\t\t\t\t\t\t\t--><rs-layer\n\t\t\t\t\t\t\t\tid=\"slider-22-slide-54-layer-1\" \n\t\t\t\t\t\t\t\tdata-type=\"text\"\n\t\t\t\t\t\t\t\tdata-color=\"#666666\"\n\t\t\t\t\t\t\t\tdata-rsp_ch=\"on\"\n\t\t\t\t\t\t\t\tdata-xy=\"x:79px;y:102px;\"\n\t\t\t\t\t\t\t\tdata-text=\"w:normal;s:40;l:50;fw:800;\"\n\t\t\t\t\t\t\t\tdata-dim=\"minh:0px;\"\n\t\t\t\t\t\t\t\tdata-frame_1=\"e:power4.inOut;st:650;sp:750;sR:650;\"\n\t\t\t\t\t\t\t\tdata-frame_999=\"o:0;st:w;sR:2600;\"\n\t\t\t\t\t\t\t\tstyle=\"z-index:12;font-family:'Open Sans';\"\n\t\t\t\t\t\t\t>Druckmessger\u00e4t mit M-Bus  Anbindung<br \/>\n \n\t\t\t\t\t\t\t<\/rs-layer><!--\n\n\t\t\t\t\t\t\t--><rs-layer\n\t\t\t\t\t\t\t\tid=\"slider-22-slide-54-layer-2\" \n\t\t\t\t\t\t\t\tdata-type=\"text\"\n\t\t\t\t\t\t\t\tdata-color=\"#666666\"\n\t\t\t\t\t\t\t\tdata-rsp_ch=\"on\"\n\t\t\t\t\t\t\t\tdata-xy=\"x:80px;y:175px;\"\n\t\t\t\t\t\t\t\tdata-text=\"w:normal;s:30;l:40;\"\n\t\t\t\t\t\t\t\tdata-frame_1=\"e:power4.inOut;st:1370;sp:750;sR:1370;\"\n\t\t\t\t\t\t\t\tdata-frame_999=\"o:0;st:w;sR:1880;\"\n\t\t\t\t\t\t\t\tstyle=\"z-index:11;font-family:'Open Sans';\"\n\t\t\t\t\t\t\t>Wasserdichtes Edelstahlgeh\u00e4use \n\t\t\t\t\t\t\t<\/rs-layer><!--\n\n\t\t\t\t\t\t\t--><rs-layer\n\t\t\t\t\t\t\t\tid=\"slider-22-slide-54-layer-3\" \n\t\t\t\t\t\t\t\tdata-type=\"text\"\n\t\t\t\t\t\t\t\tdata-color=\"#666666\"\n\t\t\t\t\t\t\t\tdata-rsp_ch=\"on\"\n\t\t\t\t\t\t\t\tdata-xy=\"x:80px;y:218px;\"\n\t\t\t\t\t\t\t\tdata-text=\"w:normal;s:30;l:40;\"\n\t\t\t\t\t\t\t\tdata-frame_1=\"e:power4.inOut;st:2080;sp:750;sR:2080;\"\n\t\t\t\t\t\t\t\tdata-frame_999=\"o:0;st:w;sR:1170;\"\n\t\t\t\t\t\t\t\tstyle=\"z-index:10;font-family:'Open Sans';\"\n\t\t\t\t\t\t\t>Integrierte  Schacht\u00fcberwachung \n\t\t\t\t\t\t\t<\/rs-layer><!--\n\n\t\t\t\t\t\t\t--><rs-layer\n\t\t\t\t\t\t\t\tid=\"slider-22-slide-54-layer-4\" \n\t\t\t\t\t\t\t\tdata-type=\"text\"\n\t\t\t\t\t\t\t\tdata-color=\"#666666\"\n\t\t\t\t\t\t\t\tdata-rsp_ch=\"on\"\n\t\t\t\t\t\t\t\tdata-xy=\"x:80px;y:263px;\"\n\t\t\t\t\t\t\t\tdata-text=\"w:normal;s:30;l:40;\"\n\t\t\t\t\t\t\t\tdata-frame_1=\"e:power4.inOut;st:2810;sp:750;sR:2810;\"\n\t\t\t\t\t\t\t\tdata-frame_999=\"o:0;st:w;sR:440;\"\n\t\t\t\t\t\t\t\tstyle=\"z-index:9;font-family:'Open Sans';\"\n\t\t\t\t\t\t\t>Kabell\u00e4nge bis zu mehreren Kilometern \n\t\t\t\t\t\t\t<\/rs-layer><!--\n\n\t\t\t\t\t\t\t--><rs-layer\n\t\t\t\t\t\t\t\tid=\"slider-22-slide-54-layer-6\" \n\t\t\t\t\t\t\t\tdata-type=\"image\"\n\t\t\t\t\t\t\t\tdata-rsp_ch=\"on\"\n\t\t\t\t\t\t\t\tdata-xy=\"x:r;\"\n\t\t\t\t\t\t\t\tdata-text=\"w:normal;\"\n\t\t\t\t\t\t\t\tdata-dim=\"w:799px;h:400px;\"\n\t\t\t\t\t\t\t\tdata-frame_1=\"e:power4.inOut;sp:750;\"\n\t\t\t\t\t\t\t\tdata-frame_999=\"o:0;st:w;sR:3250;\"\n\t\t\t\t\t\t\t\tstyle=\"z-index:8;\"\n\t\t\t\t\t\t\t><img decoding=\"async\" src=\"\/\/www.sotronix.de\/wp-content\/plugins\/revslider\/public\/assets\/assets\/dummy.png\" alt=\"\" class=\"tp-rs-img rs-lazyload\" width=\"5482\" height=\"2743\" data-lazyload=\"\/\/www.sotronix.de\/wp-content\/uploads\/2019\/06\/Schaubild-Druckmessung-Wasserleitung.png\" data-no-retina> \n\t\t\t\t\t\t\t<\/rs-layer><!--\n-->\t\t\t\t\t\t<\/rs-slide>\n\t\t\t\t\t<\/rs-slides>\n\t\t\t\t<\/rs-module>\n\t\t\t\t<script>\n\t\t\t\t\tsetREVStartSize({c: 'rev_slider_22_1',rl:[1240,1024,768,480],el:[400],gw:[1920],gh:[400],type:'standard',justify:'',layout:'fullwidth',mh:\"0\"});if (window.RS_MODULES!==undefined && window.RS_MODULES.modules!==undefined && window.RS_MODULES.modules[\"revslider221\"]!==undefined) {window.RS_MODULES.modules[\"revslider221\"].once = false;window.revapi22 = undefined;if (window.RS_MODULES.checkMinimal!==undefined) window.RS_MODULES.checkMinimal()}\n\t\t\t\t<\/script>\n\t\t\t<\/rs-module-wrap>\n\t\t\t<!-- END REVOLUTION SLIDER -->\n[\/et_pb_fullwidth_code][\/et_pb_section][et_pb_section fb_built=&#8220;1&#8243; _builder_version=&#8220;3.29.3&#8243; fb_built=&#8220;1&#8243; _i=&#8220;1&#8243; _address=&#8220;1&#8243;][et_pb_row _builder_version=&#8220;3.29.3&#8243; _i=&#8220;0&#8243; _address=&#8220;1.0&#8243;][et_pb_column type=&#8220;4_4&#8243; _builder_version=&#8220;3.29.3&#8243; _i=&#8220;0&#8243; _address=&#8220;1.0.0&#8243;][et_pb_text _builder_version=&#8220;3.29.3&#8243; _i=&#8220;0&#8243; _address=&#8220;1.0.0.0&#8243;]<\/p>\n<h2>Sotronix PL-MB-25 Druckmessger\u00e4t<\/h2>\n<div style=\"background: initial !important; border: initial !important; border-radius: initial !important; border-spacing: initial !important; border-collapse: initial !important; direction: ltr !important; flex-direction: initial !important; font-weight: initial !important; height: initial !important; letter-spacing: initial !important; min-width: initial !important; max-width: initial !important; min-height: initial !important; max-height: initial !important; margin: auto !important; outline: initial !important; padding: initial !important; position: absolute; table-layout: initial !important; text-align: initial !important; text-shadow: initial !important; width: initial !important; word-break: initial !important; word-spacing: initial !important; overflow-wrap: initial !important; box-sizing: initial !important; display: initial !important; color: inherit !important; font-size: 13px !important; font-family: X-LocaleSpecific, sans-serif, Tahoma, Helvetica !important; line-height: 13px !important; vertical-align: top !important; white-space: inherit !important; left: 10px; top: 35px; opacity: 0.6;\" id=\"s3gt_translate_tooltip_mini\" class=\"s3gt_translate_tooltip_mini_box\" is_bottom=\"true\" is_mini=\"true\">\n<div id=\"s3gt_translate_tooltip_mini_logo\" class=\"s3gt_translate_tooltip_mini\" title=\"Markierten Text \u00fcbersetzen\"><\/div>\n<div id=\"s3gt_translate_tooltip_mini_sound\" class=\"s3gt_translate_tooltip_mini\" title=\"Abspielen\" title_play=\"Abspielen\" title_stop=\"Stop\"><\/div>\n<div id=\"s3gt_translate_tooltip_mini_copy\" class=\"s3gt_translate_tooltip_mini\" title=\"In Zwischenablage kopieren\"><\/div>\n<\/div>\n<p>[\/et_pb_text][\/et_pb_column][\/et_pb_row][et_pb_row column_structure=&#8220;1_2,1_2&#8243; _builder_version=&#8220;3.29.3&#8243; _i=&#8220;1&#8243; _address=&#8220;1.1&#8243;][et_pb_column type=&#8220;1_2&#8243; _builder_version=&#8220;3.29.3&#8243; _i=&#8220;0&#8243; _address=&#8220;1.1.0&#8243;][et_pb_text _builder_version=&#8220;3.29.3&#8243; custom_margin=&#8220;||3px|||&#8220; hover_enabled=&#8220;0&#8243; _i=&#8220;0&#8243; _address=&#8220;1.1.0.0&#8243;]<\/p>\n<h4 style=\"box-sizing: border-box; margin: 0px; padding: 0px 0px 10px; border: 0px; outline: 0px; background: 0px 0px #ffffff; font-size: 15px; vertical-align: baseline; text-size-adjust: 100%; color: #333333; font-weight: bold; line-height: 1.5em; font-style: normal; text-transform: none; text-decoration: none; font-family: 'Open Sans', Helvetica, Arial, Lucida, sans-serif; font-variant-ligatures: normal; font-variant-caps: normal; letter-spacing: normal; orphans: 2; text-align: left; text-indent: 0px; white-space: normal; widows: 2; word-spacing: 0px; -webkit-text-stroke-width: 0px;\">Funktion<\/h4>\n<p>Der PL-MB-25 besitzt einen M-Bus Anschluss und kann so mit nur 2 Dr\u00e4hten\u00a0 angeschlossen werden.<br \/>Je nach Beschaffenheit dieser Leitung k\u00f6nnen mehrere Kilometer \u00fcberbr\u00fcckt werden.<br \/>Die Leistungsaufnahme liegt bei nur 3 M-Bus Lasten, somit kann eine Vielzahl von PL-MB&#8211;25 Ger\u00e4ten an einen Strang angeschlossen werden.<\/p>\n<p>Neben der reinen Druckmessung besteht die M\u00f6glichkeit zwei externe Schalter anzuschlie\u00dfen.<br \/>Hiermit l\u00e4sst sich auf einfache Weise z.B. eine \u00dcberflutung des Schachtes feststellen.<\/p>\n<p style=\"box-sizing: border-box; margin: 0px; padding: 0px; border: 0px; outline: 0px; background: 0px 0px #ffffff; font-size: 14px; vertical-align: baseline; text-size-adjust: 100%; color: #666666; font-family: 'Open Sans', Helvetica, Arial, Lucida, sans-serif; font-style: normal; font-variant-ligatures: normal; font-variant-caps: normal; font-weight: 500; letter-spacing: normal; orphans: 2; text-align: left; text-indent: 0px; text-transform: none; white-space: normal; widows: 2; word-spacing: 0px; -webkit-text-stroke-width: 0px; text-decoration-style: initial; text-decoration-color: initial;\">\n<div style=\"background: initial !important; border: initial !important; border-radius: initial !important; border-spacing: initial !important; border-collapse: initial !important; direction: ltr !important; flex-direction: initial !important; font-weight: initial !important; height: initial !important; letter-spacing: initial !important; min-width: initial !important; max-width: initial !important; min-height: initial !important; max-height: initial !important; margin: auto !important; outline: initial !important; padding: initial !important; position: absolute; table-layout: initial !important; text-align: initial !important; text-shadow: initial !important; width: initial !important; word-break: initial !important; word-spacing: initial !important; overflow-wrap: initial !important; box-sizing: initial !important; display: initial !important; color: inherit !important; font-size: 13px !important; font-family: X-LocaleSpecific, sans-serif, Tahoma, Helvetica !important; line-height: 13px !important; vertical-align: top !important; white-space: inherit !important; left: 214px; top: 238px; opacity: 0.6;\" id=\"s3gt_translate_tooltip_mini\" class=\"s3gt_translate_tooltip_mini_box\" is_bottom=\"true\" is_mini=\"true\">\n<div id=\"s3gt_translate_tooltip_mini_logo\" class=\"s3gt_translate_tooltip_mini\" title=\"Markierten Text \u00fcbersetzen\"><\/div>\n<div id=\"s3gt_translate_tooltip_mini_sound\" class=\"s3gt_translate_tooltip_mini\" title=\"Abspielen\" title_play=\"Abspielen\" title_stop=\"Stop\"><\/div>\n<div id=\"s3gt_translate_tooltip_mini_copy\" class=\"s3gt_translate_tooltip_mini\" title=\"In Zwischenablage kopieren\"><\/div>\n<\/div>\n<p>[\/et_pb_text][\/et_pb_column][et_pb_column type=&#8220;1_2&#8243; _builder_version=&#8220;3.29.3&#8243; _i=&#8220;1&#8243; _address=&#8220;1.1.1&#8243;][et_pb_image src=&#8220;https:\/\/www.sotronix.de\/wp-content\/uploads\/2019\/10\/PL-MB-25-Single.png&#8220; _builder_version=&#8220;3.29.3&#8243; max_height=&#8220;177px&#8220; hover_enabled=&#8220;0&#8243; _i=&#8220;0&#8243; _address=&#8220;1.1.1.0&#8243; align=&#8220;center&#8220;][\/et_pb_image][\/et_pb_column][\/et_pb_row][et_pb_row _builder_version=&#8220;3.29.3&#8243; column_structure=&#8220;1_2,1_2&#8243;][et_pb_column _builder_version=&#8220;3.29.3&#8243; type=&#8220;1_2&#8243;][et_pb_text _builder_version=&#8220;3.29.3&#8243; hover_enabled=&#8220;0&#8243;]<\/p>\n<h4 style=\"box-sizing: border-box; margin: 0px; padding: 0px 0px 10px; border: 0px; outline: 0px; background: 0px 0px #ffffff; font-size: 15px; vertical-align: baseline; text-size-adjust: 100%; color: #333333; font-weight: bold; line-height: 1.5em; font-style: normal; text-transform: none; text-decoration: none; font-family: 'Open Sans', Helvetica, Arial, Lucida, sans-serif; font-variant-ligatures: normal; font-variant-caps: normal; letter-spacing: normal; orphans: 2; text-align: left; text-indent: 0px; white-space: normal; widows: 2; word-spacing: 0px; -webkit-text-stroke-width: 0px;\">Druckbereiche<\/h4>\n<p style=\"box-sizing: border-box; margin: 0px; padding: 0px 0px 1em; border: 0px; outline: 0px; background: 0px 0px #ffffff; font-size: 14px; vertical-align: baseline; text-size-adjust: 100%; color: #666666; font-family: 'Open Sans', Helvetica, Arial, Lucida, sans-serif; font-style: normal; font-variant-ligatures: normal; font-variant-caps: normal; font-weight: 500; letter-spacing: normal; orphans: 2; text-align: left; text-indent: 0px; text-transform: none; white-space: normal; widows: 2; word-spacing: 0px; -webkit-text-stroke-width: 0px; text-decoration-style: initial; text-decoration-color: initial;\">Zur optimal Anpassung an die jeweilige Aufgabe sind verschiedene Druckbereiche erh\u00e4ltlich<\/p>\n<ul style=\"box-sizing: border-box; margin: 0px; padding: 0px 0px 1em 1em; border: 0px; outline: 0px; background: 0px 0px #ffffff; font-size: 14px; vertical-align: baseline; text-size-adjust: 100%; list-style: circle; line-height: 26px; color: #666666; font-family: 'Open Sans', Helvetica, Arial, Lucida, sans-serif; font-style: normal; font-variant-ligatures: normal; font-variant-caps: normal; font-weight: 500; letter-spacing: normal; orphans: 2; text-align: left; text-indent: 0px; text-transform: none; white-space: normal; widows: 2; word-spacing: 0px; -webkit-text-stroke-width: 0px; text-decoration-style: initial; text-decoration-color: initial;\">\n<li style=\"box-sizing: border-box; margin: 0px; padding: 0px; border: 0px; outline: 0px; background: 0px 0px; font-size: 14px; vertical-align: baseline; text-size-adjust: 100%;\"><i class=\"fa fa-pencil\" style=\"box-sizing: border-box; margin: 0px; padding: 0px; border: 0px; outline: 0px; background: 0px 0px; font-size: 14px; vertical-align: baseline; text-size-adjust: 100%; font-style: italic;\"><\/i>-1 bis 10 bar relativ<\/li>\n<li style=\"box-sizing: border-box; margin: 0px; padding: 0px; border: 0px; outline: 0px; background: 0px 0px; font-size: 14px; vertical-align: baseline; text-size-adjust: 100%;\"><i class=\"fa fa-pencil\" style=\"box-sizing: border-box; margin: 0px; padding: 0px; border: 0px; outline: 0px; background: 0px 0px; font-size: 14px; vertical-align: baseline; text-size-adjust: 100%; font-style: italic;\"><\/i>-1 bis 16 bar relativ<\/li>\n<li style=\"box-sizing: border-box; margin: 0px; padding: 0px; border: 0px; outline: 0px; background: 0px 0px; font-size: 14px; vertical-align: baseline; text-size-adjust: 100%;\"><i class=\"fa fa-pencil\" style=\"box-sizing: border-box; margin: 0px; padding: 0px; border: 0px; outline: 0px; background: 0px 0px; font-size: 14px; vertical-align: baseline; text-size-adjust: 100%; font-style: italic;\"><\/i>-1 bis 25 bar relativ<\/li>\n<\/ul>\n<p style=\"box-sizing: border-box; margin: 0px; padding: 0px; border: 0px; outline: 0px; background: 0px 0px #ffffff; font-size: 14px; vertical-align: baseline; text-size-adjust: 100%; color: #666666; font-family: 'Open Sans', Helvetica, Arial, Lucida, sans-serif; font-style: normal; font-variant-ligatures: normal; font-variant-caps: normal; font-weight: 500; letter-spacing: normal; orphans: 2; text-align: left; text-indent: 0px; text-transform: none; white-space: normal; widows: 2; word-spacing: 0px; -webkit-text-stroke-width: 0px; text-decoration-style: initial; text-decoration-color: initial;\">Weitere Druckbereiche als Sonderausf\u00fchrung auf Anfrage.<\/p>\n<p>[\/et_pb_text][\/et_pb_column][et_pb_column _builder_version=&#8220;3.29.3&#8243; type=&#8220;1_2&#8243;][et_pb_text _builder_version=&#8220;3.29.3&#8243; hover_enabled=&#8220;0&#8243;]<\/p>\n<h4 style=\"box-sizing: border-box; margin: 0px; padding: 0px 0px 10px; border: 0px; outline: 0px; background: 0px 0px #ffffff; font-size: 15px; vertical-align: baseline; text-size-adjust: 100%; color: #333333; font-weight: bold; line-height: 1.5em; font-style: normal; text-transform: none; text-decoration: none; font-family: 'Open Sans', Helvetica, Arial, Lucida, sans-serif; font-variant-ligatures: normal; font-variant-caps: normal; letter-spacing: normal; orphans: 2; text-align: left; text-indent: 0px; white-space: normal; widows: 2; word-spacing: 0px; -webkit-text-stroke-width: 0px;\">Genauigkeit<\/h4>\n<p style=\"box-sizing: border-box; margin: 0px; padding: 0px 0px 1em; border: 0px; outline: 0px; background: 0px 0px #ffffff; font-size: 14px; vertical-align: baseline; text-size-adjust: 100%; color: #666666; font-family: 'Open Sans', Helvetica, Arial, Lucida, sans-serif; font-style: normal; font-variant-ligatures: normal; font-variant-caps: normal; font-weight: 500; letter-spacing: normal; orphans: 2; text-align: left; text-indent: 0px; text-transform: none; white-space: normal; widows: 2; word-spacing: 0px; -webkit-text-stroke-width: 0px; text-decoration-style: initial; text-decoration-color: initial;\">Jedes einzelne Ger\u00e4t wird in einem Klimaschrank aufw\u00e4ndig kalibriert. Alle Ger\u00e4te besitzen eine Genauigkeit von 0,1% SKE \u00fcber den gesamten Temperaturbereich.<\/p>\n<p style=\"box-sizing: border-box; margin: 0px; padding: 0px; border: 0px; outline: 0px; background: 0px 0px #ffffff; font-size: 14px; vertical-align: baseline; text-size-adjust: 100%; color: #666666; font-family: 'Open Sans', Helvetica, Arial, Lucida, sans-serif; font-style: normal; font-variant-ligatures: normal; font-variant-caps: normal; font-weight: 500; letter-spacing: normal; orphans: 2; text-align: left; text-indent: 0px; text-transform: none; white-space: normal; widows: 2; word-spacing: 0px; -webkit-text-stroke-width: 0px; text-decoration-style: initial; text-decoration-color: initial;\">Bei einem 25 bar Messger\u00e4t \u00a0bedeutet dies, dass die maximale Ungenauigkeit \u00b125 mbar betr\u00e4gt. Wesentlich ist, dass dies nicht nur bei Raumtemperatur gilt, sondern \u00fcber den gesamten Temperaturbereich.<\/p>\n<p>[\/et_pb_text][\/et_pb_column][\/et_pb_row][\/et_pb_section]<\/p>\n","protected":false},"excerpt":{"rendered":"<p>\n\t\t\t<!-- START SliderMBusPressureLogger REVOLUTION SLIDER 6.6.16 --><p class=\"rs-p-wp-fix\"><\/p>\n\t\t\t<rs-module-wrap id=\"rev_slider_22_2_wrapper\" data-source=\"gallery\" data-aimg=\"\"  style=\"visibility:hidden;background:#E9E9E9;padding:0;margin:0px auto;margin-top:0;margin-bottom:0;background-image:url(https:\/\/www.sotronix.de\/wp-content\/uploads\/2014\/09\/HeaderGrid.png);background-repeat:no-repeat;background-size:cover;background-position:center top;\">\n\t\t\t\t<rs-module id=\"rev_slider_22_2\" style=\"\" data-version=\"6.6.16\">\n\t\t\t\t\t<rs-slides style=\"overflow: hidden; position: absolute;\">\n\t\t\t\t\t\t<rs-slide style=\"position: absolute;\" data-key=\"rs-54\" data-title=\"Slide\" data-duration=\"4000ms\" data-ssop=\"true\" data-anim=\"ms:110;\" data-in=\"o:1;\" data-out=\"o:1;\">\n\t\t\t\t\t\t\t<img decoding=\"async\" src=\"\/\/www.sotronix.de\/wp-content\/plugins\/revslider\/public\/assets\/assets\/dummy.png\" alt=\"\" title=\"M-Bus Druckmessger\u00e4t\" class=\"rev-slidebg tp-rs-img rs-lazyload\" data-lazyload=\"\/\/www.sotronix.de\/wp-content\/uploads\/2014\/09\/HeaderGrid.png\" data-bg=\"p:center top;f:auto;\" data-no-retina>\n<!--\n\t\t\t\t\t\t\t--><rs-layer\n\t\t\t\t\t\t\t\tid=\"slider-22-slide-54-layer-1\" \n\t\t\t\t\t\t\t\tdata-type=\"text\"\n\t\t\t\t\t\t\t\tdata-color=\"#666666\"\n\t\t\t\t\t\t\t\tdata-rsp_ch=\"on\"\n\t\t\t\t\t\t\t\tdata-xy=\"x:79px;y:102px;\"\n\t\t\t\t\t\t\t\tdata-text=\"w:normal;s:40;l:50;fw:800;\"\n\t\t\t\t\t\t\t\tdata-dim=\"minh:0px;\"\n\t\t\t\t\t\t\t\tdata-frame_1=\"e:power4.inOut;st:650;sp:750;sR:650;\"\n\t\t\t\t\t\t\t\tdata-frame_999=\"o:0;st:w;sR:2600;\"\n\t\t\t\t\t\t\t\tstyle=\"z-index:12;font-family:'Open Sans';\"\n\t\t\t\t\t\t\t>Druckmessger\u00e4t mit M-Bus  Anbindung<br \/>\n \n\t\t\t\t\t\t\t<\/rs-layer><!--\n\n\t\t\t\t\t\t\t--><rs-layer\n\t\t\t\t\t\t\t\tid=\"slider-22-slide-54-layer-2\" \n\t\t\t\t\t\t\t\tdata-type=\"text\"\n\t\t\t\t\t\t\t\tdata-color=\"#666666\"\n\t\t\t\t\t\t\t\tdata-rsp_ch=\"on\"\n\t\t\t\t\t\t\t\tdata-xy=\"x:80px;y:175px;\"\n\t\t\t\t\t\t\t\tdata-text=\"w:normal;s:30;l:40;\"\n\t\t\t\t\t\t\t\tdata-frame_1=\"e:power4.inOut;st:1370;sp:750;sR:1370;\"\n\t\t\t\t\t\t\t\tdata-frame_999=\"o:0;st:w;sR:1880;\"\n\t\t\t\t\t\t\t\tstyle=\"z-index:11;font-family:'Open Sans';\"\n\t\t\t\t\t\t\t>Wasserdichtes Edelstahlgeh\u00e4use \n\t\t\t\t\t\t\t<\/rs-layer><!--\n\n\t\t\t\t\t\t\t--><rs-layer\n\t\t\t\t\t\t\t\tid=\"slider-22-slide-54-layer-3\" \n\t\t\t\t\t\t\t\tdata-type=\"text\"\n\t\t\t\t\t\t\t\tdata-color=\"#666666\"\n\t\t\t\t\t\t\t\tdata-rsp_ch=\"on\"\n\t\t\t\t\t\t\t\tdata-xy=\"x:80px;y:218px;\"\n\t\t\t\t\t\t\t\tdata-text=\"w:normal;s:30;l:40;\"\n\t\t\t\t\t\t\t\tdata-frame_1=\"e:power4.inOut;st:2080;sp:750;sR:2080;\"\n\t\t\t\t\t\t\t\tdata-frame_999=\"o:0;st:w;sR:1170;\"\n\t\t\t\t\t\t\t\tstyle=\"z-index:10;font-family:'Open Sans';\"\n\t\t\t\t\t\t\t>Integrierte  Schacht\u00fcberwachung \n\t\t\t\t\t\t\t<\/rs-layer><!--\n\n\t\t\t\t\t\t\t--><rs-layer\n\t\t\t\t\t\t\t\tid=\"slider-22-slide-54-layer-4\" \n\t\t\t\t\t\t\t\tdata-type=\"text\"\n\t\t\t\t\t\t\t\tdata-color=\"#666666\"\n\t\t\t\t\t\t\t\tdata-rsp_ch=\"on\"\n\t\t\t\t\t\t\t\tdata-xy=\"x:80px;y:263px;\"\n\t\t\t\t\t\t\t\tdata-text=\"w:normal;s:30;l:40;\"\n\t\t\t\t\t\t\t\tdata-frame_1=\"e:power4.inOut;st:2810;sp:750;sR:2810;\"\n\t\t\t\t\t\t\t\tdata-frame_999=\"o:0;st:w;sR:440;\"\n\t\t\t\t\t\t\t\tstyle=\"z-index:9;font-family:'Open Sans';\"\n\t\t\t\t\t\t\t>Kabell\u00e4nge bis zu mehreren Kilometern \n\t\t\t\t\t\t\t<\/rs-layer><!--\n\n\t\t\t\t\t\t\t--><rs-layer\n\t\t\t\t\t\t\t\tid=\"slider-22-slide-54-layer-6\" \n\t\t\t\t\t\t\t\tdata-type=\"image\"\n\t\t\t\t\t\t\t\tdata-rsp_ch=\"on\"\n\t\t\t\t\t\t\t\tdata-xy=\"x:r;\"\n\t\t\t\t\t\t\t\tdata-text=\"w:normal;\"\n\t\t\t\t\t\t\t\tdata-dim=\"w:799px;h:400px;\"\n\t\t\t\t\t\t\t\tdata-frame_1=\"e:power4.inOut;sp:750;\"\n\t\t\t\t\t\t\t\tdata-frame_999=\"o:0;st:w;sR:3250;\"\n\t\t\t\t\t\t\t\tstyle=\"z-index:8;\"\n\t\t\t\t\t\t\t><img decoding=\"async\" src=\"\/\/www.sotronix.de\/wp-content\/plugins\/revslider\/public\/assets\/assets\/dummy.png\" alt=\"\" class=\"tp-rs-img rs-lazyload\" width=\"5482\" height=\"2743\" data-lazyload=\"\/\/www.sotronix.de\/wp-content\/uploads\/2019\/06\/Schaubild-Druckmessung-Wasserleitung.png\" data-no-retina> \n\t\t\t\t\t\t\t<\/rs-layer><!--\n-->\t\t\t\t\t\t<\/rs-slide>\n\t\t\t\t\t<\/rs-slides>\n\t\t\t\t<\/rs-module>\n\t\t\t\t<script>\n\t\t\t\t\tsetREVStartSize({c: 'rev_slider_22_2',rl:[1240,1024,768,480],el:[400],gw:[1920],gh:[400],type:'standard',justify:'',layout:'fullwidth',mh:\"0\"});if (window.RS_MODULES!==undefined && window.RS_MODULES.modules!==undefined && window.RS_MODULES.modules[\"revslider222\"]!==undefined) {window.RS_MODULES.modules[\"revslider222\"].once = false;window.revapi22_2 = undefined;if (window.RS_MODULES.checkMinimal!==undefined) window.RS_MODULES.checkMinimal()}\n\t\t\t\t<\/script>\n\t\t\t<\/rs-module-wrap>\n\t\t\t<!-- END REVOLUTION SLIDER -->\nSotronix PL-MB-25 Druckmessger\u00e4t Funktion Der PL-MB-25 besitzt einen M-Bus Anschluss und kann so mit nur 2 Dr\u00e4hten\u00a0 angeschlossen werden.Je nach Beschaffenheit dieser Leitung k\u00f6nnen mehrere Kilometer \u00fcberbr\u00fcckt werden.Die Leistungsaufnahme liegt bei nur 3 M-Bus Lasten, somit kann eine Vielzahl von PL-MB&#8211;25 Ger\u00e4ten an einen Strang angeschlossen werden. Neben der reinen Druckmessung besteht die M\u00f6glichkeit [&hellip;]<\/p>\n","protected":false},"author":1,"featured_media":0,"parent":0,"menu_order":0,"comment_status":"closed","ping_status":"closed","template":"","meta":{"_et_pb_use_builder":"on","_et_pb_old_content":"","_et_gb_content_width":"","footnotes":""},"class_list":["post-2444","page","type-page","status-publish","hentry"],"_links":{"self":[{"href":"https:\/\/www.sotronix.de\/index.php\/wp-json\/wp\/v2\/pages\/2444","targetHints":{"allow":["GET"]}}],"collection":[{"href":"https:\/\/www.sotronix.de\/index.php\/wp-json\/wp\/v2\/pages"}],"about":[{"href":"https:\/\/www.sotronix.de\/index.php\/wp-json\/wp\/v2\/types\/page"}],"author":[{"embeddable":true,"href":"https:\/\/www.sotronix.de\/index.php\/wp-json\/wp\/v2\/users\/1"}],"replies":[{"embeddable":true,"href":"https:\/\/www.sotronix.de\/index.php\/wp-json\/wp\/v2\/comments?post=2444"}],"version-history":[{"count":20,"href":"https:\/\/www.sotronix.de\/index.php\/wp-json\/wp\/v2\/pages\/2444\/revisions"}],"predecessor-version":[{"id":2518,"href":"https:\/\/www.sotronix.de\/index.php\/wp-json\/wp\/v2\/pages\/2444\/revisions\/2518"}],"wp:attachment":[{"href":"https:\/\/www.sotronix.de\/index.php\/wp-json\/wp\/v2\/media?parent=2444"}],"curies":[{"name":"wp","href":"https:\/\/api.w.org\/{rel}","templated":true}]}}