{"id":1411,"date":"2017-07-08T14:31:01","date_gmt":"2017-07-08T12:31:01","guid":{"rendered":"https:\/\/www.sotronix.de\/?page_id=1411"},"modified":"2019-10-05T08:07:17","modified_gmt":"2019-10-05T06:07:17","slug":"faq","status":"publish","type":"page","link":"https:\/\/www.sotronix.de\/index.php\/faq\/","title":{"rendered":"H\u00e4ufige Fragen"},"content":{"rendered":"<p>[et_pb_section fb_built=&#8220;1&#8243; fullwidth=&#8220;on&#8220; _builder_version=&#8220;3.22&#8243; background_size=&#8220;contain&#8220; fb_built=&#8220;1&#8243; _i=&#8220;0&#8243; _address=&#8220;0&#8243;][et_pb_fullwidth_code admin_label=&#8220;%91rev_slider sliderFaq%93&#8243; _builder_version=&#8220;3.29.3&#8243; custom_margin=&#8220;||||false|false&#8220; custom_margin_tablet=&#8220;-20px|||&#8220; custom_margin_phone=&#8220;-10px|||&#8220; custom_margin_last_edited=&#8220;on|desktop&#8220; hover_enabled=&#8220;0&#8243; _i=&#8220;0&#8243; _address=&#8220;0.0&#8243;]\n\t\t\t<!-- START sliderFaq REVOLUTION SLIDER 6.6.16 --><p class=\"rs-p-wp-fix\"><\/p>\n\t\t\t<rs-module-wrap id=\"rev_slider_17_1_wrapper\" data-source=\"gallery\" data-aimg=\"\"  style=\"visibility:hidden;background:#E9E9E9;padding:0;margin:0px auto;margin-top:0;margin-bottom:0;background-image:url(https:\/\/www.sotronix.de\/wp-content\/uploads\/2014\/09\/HeaderGrid.png);background-repeat:no-repeat;background-size:cover;background-position:center top;\">\n\t\t\t\t<rs-module id=\"rev_slider_17_1\" style=\"\" data-version=\"6.6.16\">\n\t\t\t\t\t<rs-slides style=\"overflow: hidden; position: absolute;\">\n\t\t\t\t\t\t<rs-slide style=\"position: absolute;\" data-key=\"rs-56\" data-title=\"Slide\" data-duration=\"4000ms\" data-ssop=\"true\" data-anim=\"ms:50;r:0;\" data-in=\"o:0;\" data-out=\"a:false;\">\n\t\t\t\t\t\t\t<img decoding=\"async\" src=\"\/\/www.sotronix.de\/wp-content\/plugins\/revslider\/public\/assets\/assets\/dummy.png\" alt=\"\" title=\"HeaderGrid\" width=\"1920\" height=\"600\" class=\"rev-slidebg tp-rs-img rs-lazyload\" data-lazyload=\"\/\/www.sotronix.de\/wp-content\/uploads\/2014\/09\/HeaderGrid.png\" data-bg=\"f:auto;r:repeat-x;\" data-no-retina>\n<!--\n\t\t\t\t\t\t\t--><rs-layer\n\t\t\t\t\t\t\t\tid=\"slider-17-slide-56-layer-2\" \n\t\t\t\t\t\t\t\tdata-type=\"text\"\n\t\t\t\t\t\t\t\tdata-color=\"#666666\"\n\t\t\t\t\t\t\t\tdata-rsp_ch=\"on\"\n\t\t\t\t\t\t\t\tdata-xy=\"x:248px;y:198px;\"\n\t\t\t\t\t\t\t\tdata-text=\"w:normal;s:50;l:60;\"\n\t\t\t\t\t\t\t\tdata-frame_1=\"e:power4.inOut;st:1290;sp:1500;\"\n\t\t\t\t\t\t\t\tdata-frame_999=\"o:0;st:w;sR:1710;\"\n\t\t\t\t\t\t\t\tstyle=\"z-index:10;font-family:'Open Sans';\"\n\t\t\t\t\t\t\t>Tips und Tricks \n\t\t\t\t\t\t\t<\/rs-layer><!--\n\n\t\t\t\t\t\t\t--><rs-layer\n\t\t\t\t\t\t\t\tid=\"slider-17-slide-56-layer-3\" \n\t\t\t\t\t\t\t\tdata-type=\"image\"\n\t\t\t\t\t\t\t\tdata-rsp_ch=\"on\"\n\t\t\t\t\t\t\t\tdata-xy=\"x:r;xo:100px;y:b;\"\n\t\t\t\t\t\t\t\tdata-text=\"w:normal;\"\n\t\t\t\t\t\t\t\tdata-dim=\"w:566px;h:400px;\"\n\t\t\t\t\t\t\t\tdata-frame_1=\"e:power4.inOut;sp:1500;\"\n\t\t\t\t\t\t\t\tdata-frame_999=\"o:0;st:w;sR:3710;\"\n\t\t\t\t\t\t\t\tstyle=\"z-index:8;\"\n\t\t\t\t\t\t\t><img decoding=\"async\" src=\"\/\/www.sotronix.de\/wp-content\/plugins\/revslider\/public\/assets\/assets\/dummy.png\" alt=\"\" class=\"tp-rs-img rs-lazyload\" width=\"700\" height=\"495\" data-lazyload=\"\/\/www.sotronix.de\/wp-content\/uploads\/2017\/06\/FAQ-Bereich.png\" data-no-retina> \n\t\t\t\t\t\t\t<\/rs-layer><!--\n\n\t\t\t\t\t\t\t--><rs-layer\n\t\t\t\t\t\t\t\tid=\"slider-17-slide-56-layer-4\" \n\t\t\t\t\t\t\t\tdata-type=\"text\"\n\t\t\t\t\t\t\t\tdata-color=\"#666666\"\n\t\t\t\t\t\t\t\tdata-rsp_ch=\"on\"\n\t\t\t\t\t\t\t\tdata-xy=\"x:250px;y:120px;\"\n\t\t\t\t\t\t\t\tdata-text=\"w:normal;s:50;l:60;\"\n\t\t\t\t\t\t\t\tdata-frame_1=\"e:power4.inOut;st:310;sp:1500;\"\n\t\t\t\t\t\t\t\tdata-frame_999=\"o:0;st:w;sR:2690;\"\n\t\t\t\t\t\t\t\tstyle=\"z-index:9;font-family:'Open Sans';\"\n\t\t\t\t\t\t\t>Fragen und Antworten \n\t\t\t\t\t\t\t<\/rs-layer><!--\n-->\t\t\t\t\t\t<\/rs-slide>\n\t\t\t\t\t\t<rs-slide style=\"position: absolute;\" data-key=\"rs-561\" data-title=\"Slide\" data-duration=\"4000ms\" data-ssop=\"true\" data-anim=\"ms:50;r:0;\" data-in=\"o:0;\" data-out=\"a:false;\">\n\t\t\t\t\t\t\t<img decoding=\"async\" src=\"\/\/www.sotronix.de\/wp-content\/plugins\/revslider\/public\/assets\/assets\/dummy.png\" alt=\"\" title=\"HeaderGrid\" width=\"1920\" height=\"600\" class=\"rev-slidebg tp-rs-img rs-lazyload\" data-lazyload=\"\/\/www.sotronix.de\/wp-content\/uploads\/2014\/09\/HeaderGrid.png\" data-bg=\"f:auto;r:repeat-x;\" data-no-retina>\n<!--\n\t\t\t\t\t\t\t--><rs-layer\n\t\t\t\t\t\t\t\tid=\"slider-17-slide-561-layer-2\" \n\t\t\t\t\t\t\t\tdata-type=\"text\"\n\t\t\t\t\t\t\t\tdata-color=\"#666666\"\n\t\t\t\t\t\t\t\tdata-rsp_ch=\"on\"\n\t\t\t\t\t\t\t\tdata-xy=\"x:248px;y:198px;\"\n\t\t\t\t\t\t\t\tdata-text=\"w:normal;s:50;l:60;\"\n\t\t\t\t\t\t\t\tdata-frame_1=\"e:power4.inOut;st:1290;sp:1500;\"\n\t\t\t\t\t\t\t\tdata-frame_999=\"o:0;st:w;sR:1710;\"\n\t\t\t\t\t\t\t\tstyle=\"z-index:10;font-family:'Open Sans';\"\n\t\t\t\t\t\t\t>Tips und Tricks \n\t\t\t\t\t\t\t<\/rs-layer><!--\n\n\t\t\t\t\t\t\t--><rs-layer\n\t\t\t\t\t\t\t\tid=\"slider-17-slide-561-layer-3\" \n\t\t\t\t\t\t\t\tdata-type=\"image\"\n\t\t\t\t\t\t\t\tdata-rsp_ch=\"on\"\n\t\t\t\t\t\t\t\tdata-xy=\"x:r;xo:100px;y:b;\"\n\t\t\t\t\t\t\t\tdata-text=\"w:normal;\"\n\t\t\t\t\t\t\t\tdata-dim=\"w:566px;h:400px;\"\n\t\t\t\t\t\t\t\tdata-frame_1=\"e:power4.inOut;sp:1500;\"\n\t\t\t\t\t\t\t\tdata-frame_999=\"o:0;st:w;sR:3710;\"\n\t\t\t\t\t\t\t\tstyle=\"z-index:8;\"\n\t\t\t\t\t\t\t><img decoding=\"async\" src=\"\/\/www.sotronix.de\/wp-content\/plugins\/revslider\/public\/assets\/assets\/dummy.png\" alt=\"\" class=\"tp-rs-img rs-lazyload\" width=\"700\" height=\"495\" data-lazyload=\"\/\/www.sotronix.de\/wp-content\/uploads\/2017\/06\/FAQ-Bereich.png\" data-no-retina> \n\t\t\t\t\t\t\t<\/rs-layer><!--\n\n\t\t\t\t\t\t\t--><rs-layer\n\t\t\t\t\t\t\t\tid=\"slider-17-slide-561-layer-4\" \n\t\t\t\t\t\t\t\tdata-type=\"text\"\n\t\t\t\t\t\t\t\tdata-color=\"#666666\"\n\t\t\t\t\t\t\t\tdata-rsp_ch=\"on\"\n\t\t\t\t\t\t\t\tdata-xy=\"x:250px;y:120px;\"\n\t\t\t\t\t\t\t\tdata-text=\"w:normal;s:50;l:60;\"\n\t\t\t\t\t\t\t\tdata-frame_1=\"e:power4.inOut;st:310;sp:1500;\"\n\t\t\t\t\t\t\t\tdata-frame_999=\"o:0;st:w;sR:2690;\"\n\t\t\t\t\t\t\t\tstyle=\"z-index:9;font-family:'Open Sans';\"\n\t\t\t\t\t\t\t>Fragen und Antworten \n\t\t\t\t\t\t\t<\/rs-layer><!--\n-->\t\t\t\t\t\t<\/rs-slide>\n\t\t\t\t\t<\/rs-slides>\n\t\t\t\t\t<rs-static-layers><!--\n\t\t\t\t\t--><\/rs-static-layers>\n\t\t\t\t<\/rs-module>\n\t\t\t\t<script>\n\t\t\t\t\tsetREVStartSize({c: 'rev_slider_17_1',rl:[1240,1024,768,480],el:[400],gw:[1920],gh:[400],type:'standard',justify:'',layout:'fullwidth',mh:\"0\"});if (window.RS_MODULES!==undefined && window.RS_MODULES.modules!==undefined && window.RS_MODULES.modules[\"revslider171\"]!==undefined) {window.RS_MODULES.modules[\"revslider171\"].once = false;window.revapi17 = undefined;if (window.RS_MODULES.checkMinimal!==undefined) window.RS_MODULES.checkMinimal()}\n\t\t\t\t<\/script>\n\t\t\t<\/rs-module-wrap>\n\t\t\t<!-- END REVOLUTION SLIDER -->\n[\/et_pb_fullwidth_code][\/et_pb_section][et_pb_section fb_built=&#8220;1&#8243; _builder_version=&#8220;3.22&#8243; background_color=&#8220;#ffffff&#8220; custom_padding=&#8220;20px|||&#8220; fb_built=&#8220;1&#8243; _i=&#8220;1&#8243; _address=&#8220;1&#8243;][et_pb_row _builder_version=&#8220;3.25&#8243; custom_padding=&#8220;27px|0px|0|0px|false|false&#8220; _i=&#8220;0&#8243; _address=&#8220;1.0&#8243;][et_pb_column type=&#8220;4_4&#8243; _builder_version=&#8220;3.25&#8243; custom_padding=&#8220;|||&#8220; custom_padding__hover=&#8220;|||&#8220; _i=&#8220;0&#8243; _address=&#8220;1.0.0&#8243;][et_pb_text admin_label=&#8220;Hier finden Sie eine Sammlung von Tips und Tricks, \u2026&#8220; _builder_version=&#8220;3.27.4&#8243; text_font_size=&#8220;16px&#8220; header_line_height=&#8220;1.4em&#8220; _i=&#8220;0&#8243; _address=&#8220;1.0.0.0&#8243;]<\/p>\n<h1>Hier finden Sie eine Sammlung von Tips und Tricks, die nicht unbedingt in der integrierten Hilfe zu finden sind.<\/h1>\n<p>[\/et_pb_text][\/et_pb_column][\/et_pb_row][et_pb_row column_structure=&#8220;1_2,1_2&#8243; _builder_version=&#8220;3.25&#8243; background_size=&#8220;initial&#8220; background_position=&#8220;top_left&#8220; background_repeat=&#8220;repeat&#8220; custom_padding=&#8220;24px|0px|0|0px|false|false&#8220; _i=&#8220;1&#8243; _address=&#8220;1.1&#8243;][et_pb_column type=&#8220;1_2&#8243; _builder_version=&#8220;3.25&#8243; custom_padding=&#8220;|||&#8220; custom_padding__hover=&#8220;|||&#8220; _i=&#8220;0&#8243; _address=&#8220;1.1.0&#8243;][et_pb_toggle title=&#8220;Beim Start wird eine Exception angezeigt&#8220; open_toggle_text_color=&#8220;#80bc00&#8243; icon_color=&#8220;#80bc00&#8243; admin_label=&#8220;Beim Start wird eine Exception angezeigt&#8220; _builder_version=&#8220;3.9&#8243; _i=&#8220;0&#8243; _address=&#8220;1.1.0.0&#8243;]<img loading=\"lazy\" decoding=\"async\" src=\"https:\/\/www.sotronix.de\/wp-content\/uploads\/2017\/06\/Exception-STX.png\" alt=\"STX-Exception wcl not found\" width=\"459\" height=\"183\"><\/p>\n<p>Der Grund f\u00fcr diese Exception liegt in einem fehlenden Update f\u00fcr Windows (KB2999226)<br \/>\nSie k\u00f6nnen es entweder \u00fcber \u201eWindows Update\u201c installieren oder <a href=\"https:\/\/support.microsoft.com\/de-de\/help\/2999226\/update-for-universal-c-runtime-in-windows\">hier <\/a>herunterladen.<br \/>\nNach der Installation startet das STX-Controlcenter wie erwartet.<br \/>\n[\/et_pb_toggle][et_pb_toggle title=&#8220;Wo speichert das STX-Controlcenter meine Messungen?&#8220; open_toggle_text_color=&#8220;#80bc00&#8243; icon_color=&#8220;#80bc00&#8243; admin_label=&#8220;Wo speichert das STX-Controlcenter meine Messungen?&#8220; _builder_version=&#8220;3.9&#8243; _i=&#8220;1&#8243; _address=&#8220;1.1.0.1&#8243;]Alle Messungen werden in einer SQLite-Datenbank abgelegt.<br \/>\nEin wesentlicher Vorteil von SQLite ist, dass die Datenbank praktisch nur aus einer Datei besteht.<br \/>\nSie finden den Pfad zu dieser Datei in den Konfigurationseinstellungen.<\/p>\n<p><img loading=\"lazy\" decoding=\"async\" src=\"https:\/\/www.sotronix.de\/wp-content\/uploads\/2017\/06\/STX-Konfiguration.png\" alt=\"Speicherort der Datenbankdatei\" width=\"651\" height=\"451\"><\/p>\n<p>Zur Datensicherung ist es hinreichend diese Datei regelm\u00e4\u00dfig zu sichern.<br \/>\n[\/et_pb_toggle][et_pb_toggle title=&#8220;Kann ich die exportierten Excel-Dateien anpassen?&#8220; open_toggle_text_color=&#8220;#80bc00&#8243; icon_color=&#8220;#80bc00&#8243; admin_label=&#8220;Kann ich die exportierten Excel-Dateien anpassen?&#8220; _builder_version=&#8220;3.9&#8243; _i=&#8220;2&#8243; _address=&#8220;1.1.0.2&#8243;]Ja!<br \/>\nSie finden im Installationsverzeichnis (meist C:\\Programme\\Sotronix\\STXControlcenter) einen Ordner \u201etemplates\u201c.<br \/>\nDiese Templates werden zur Generierung der Exporte benutzt und k\u00f6nnen von Ihnen angepasst werden.<br \/>\nAn allen Stellen an denen Sie einen Audruck der Art &lt;#Platzhalter&gt; finden werden die Daten f\u00fcr den Export eingesetzt.<\/p>\n<p>Bedenken Sie bitte, dass bei einem Update die ge\u00e4nderten Templates \u00fcberschrieben werden. Sichern Sie diese also bitte entsprechend und kopieren Sie sie nach einem Update zur\u00fcck.<br \/>\n[\/et_pb_toggle][et_pb_toggle title=&#8220;In der Kartenansicht steht &#8218;Kartenserver nicht erreichbar'&#8220; open_toggle_text_color=&#8220;#80bc00&#8243; icon_color=&#8220;#80bc00&#8243; admin_label=&#8220;In der Kartenansicht steht &#8218;Kartenserver nicht erreichbar'&#8220; _builder_version=&#8220;3.9&#8243; _i=&#8220;3&#8243; _address=&#8220;1.1.0.3&#8243;]Wir verwenden die Kartenbasis von Openstreetmap, stellen aber einen eigenen Server zur Verteilung der Karten bereit.<br \/>\nEs ist daher am wahrscheinlichsten, dass Ihre Firewall den Zugriff auf das Internet f\u00fcr das STX-Controlcenter unterbindet.<br \/>\nBitte erg\u00e4nzen Sie Ihre Firewallregeln wie folgt und erlauben dem STX-Controlcenter Zugriff auf:<\/p>\n<p>http:\/\/tiles.sotronix.de (Port 80)<br \/>\nhttps:\/\/tiles.sotronix.de (Port 443)<br \/>\nDNS (Port 53)<br \/>\n[\/et_pb_toggle][\/et_pb_column][et_pb_column type=&#8220;1_2&#8243; _builder_version=&#8220;3.25&#8243; custom_padding=&#8220;|||&#8220; custom_padding__hover=&#8220;|||&#8220; _i=&#8220;1&#8243; _address=&#8220;1.1.1&#8243;][et_pb_toggle title=&#8220;Kann ich die Bezeichnung einer Messung nachtr\u00e4glich \u00e4ndern?&#8220; open_toggle_text_color=&#8220;#80bc00&#8243; icon_color=&#8220;#80bc00&#8243; admin_label=&#8220;Kann ich die Bezeichnung einer Messung nachtr\u00e4glich \u00e4ndern?&#8220; _builder_version=&#8220;3.9&#8243; _i=&#8220;0&#8243; _address=&#8220;1.1.1.0&#8243;]Ja, das ist m\u00f6glich.<br \/>\nKlicken Sie hierzu im Fenster \u201eGespeicherte Messungen\u201c einmal auf den Namen der Messung.<\/p>\n<p><img loading=\"lazy\" decoding=\"async\" src=\"https:\/\/www.sotronix.de\/wp-content\/uploads\/2017\/07\/ChangeDescription.png\" alt=\"\" width=\"370\" height=\"130\" \/><\/p>\n<p>Das Feld wird daraufhin gr\u00fcn und Sie k\u00f6nnen einen beliebigen Namen f\u00fcr die Messung eingeben.<br \/>\nBitte best\u00e4tigen Sie den neuen Namen mit Return.<br \/>\n[\/et_pb_toggle][et_pb_toggle title=&#8220;Suche in der Hydrantenverwaltung&#8220; open_toggle_text_color=&#8220;#80bc00&#8243; icon_color=&#8220;#80bc00&#8243; admin_label=&#8220;Suche in der Hydrantenverwaltung&#8220; _builder_version=&#8220;3.9&#8243; _i=&#8220;1&#8243; _address=&#8220;1.1.1.1&#8243;]Ich habe etwa 2000 verbaute Hydranten in der Datenbank, besteht die M\u00f6glichkeit eine Suche nach einem bestimmten Stichwort durchzuf\u00fchren?<\/p>\n<p>Sicher, das Suchfeld ist aber normalerweise ausgeblendet.<\/p>\n<p><img loading=\"lazy\" decoding=\"async\" src=\"https:\/\/www.sotronix.de\/wp-content\/uploads\/2017\/07\/Searchhydrants.png\" alt=\"\" width=\"601\" height=\"397\" \/><\/p>\n<p>Bitte klicken Sie mit der rechten Maustaste auf eine beliebige Spalten\u00fcberschrift und w\u00e4hlen dann \u201eSuche einblenden\u201c.<br \/>\nIm nun erscheinenden Feld k\u00f6nnen Sie einen beliebigen Text eingeben nach dem dann alle Felder durchsucht werden.<br \/>\nM\u00f6chten Sie die Suche schlie\u00dfen klicken Sie bitte auf das \u201ex\u201c neben dem Suchfeld.<br \/>\n[\/et_pb_toggle][et_pb_toggle title=&#8220;Wie kann ich Hydranten und Leistungstest in einer App darstellen?&#8220; open_toggle_text_color=&#8220;#80bc00&#8243; icon_color=&#8220;#80bc00&#8243; admin_label=&#8220;Wie kann ich Hydranten und Leistungstest in einer App darstellen?&#8220; _builder_version=&#8220;3.9&#8243; _i=&#8220;2&#8243; _address=&#8220;1.1.1.2&#8243;]Dies ist \u00fcber den Export einer KML-Datei m\u00f6glich.<br \/>\nNeben der Position der Hydranten k\u00f6nnen in ihr auch Leistungstest und Hydranteninspektionen gespeichert werden.<br \/>\nGehen Sie hierzu bitte in die Hydrantenverwaltung und klicken auf \u201eExport von Hydranten, Leistungstests und Inspektionen\u201c.<br \/>\nAktivieren Sie die Kontrolk\u00e4stchen \u201eMit Leistungsmessung\u201c und \u201eMit Inspektion\u201c bei Bedarf.<br \/>\nNachfolgend klicken Sie auf \u201eKML-File erstellen\u201c.<br \/>\nDiese Datei muss jetzt auf das Smartphone kopiert werden.<\/p>\n<p>Im Playstore finden Sie die App \u201eGoogle Earth\u201c.<br \/>\nInstallieren Sie diese und \u00f6ffnen das Men\u00fc. Nach einem Klick auf \u201eMeine Orte\u201c k\u00f6nnen Sie die KML-Datei importieren.<\/p>\n<p>Die durchgef\u00fchrten Leistungsmessungen und Inspektionen k\u00f6nnen Sie durch einen Klick auf den entsprechenden Hydranten anzeigen.<br \/>\n[\/et_pb_toggle][et_pb_toggle title=&#8220;Ich ben\u00f6tige eine MSI-Datei&#8220; open_toggle_text_color=&#8220;#80bc00&#8243; icon_color=&#8220;#80bc00&#8243; admin_label=&#8220;Wie kann ich Hydranten und Leistungstest in einer App darstellen?&#8220; _builder_version=&#8220;3.26.3&#8243; _i=&#8220;3&#8243; _address=&#8220;1.1.1.3&#8243;]<\/p>\n<p>Diese kann mittels des Windows-Installers aus der vorhandenen Installationsdatei erzeugt werden.<\/p>\n<p>Hierzu eine Kommandozeile mit administrativen Rechten \u00f6ffnen und die Setupdatei mit dem Parameter &#8222;\/extract&#8220; aufrufen. Die MSI-Dateien werden dann in das selbe Verzeichnis extrahiert.<\/p>\n<p>[\/et_pb_toggle][\/et_pb_column][\/et_pb_row][et_pb_row _builder_version=&#8220;3.25&#8243; custom_padding=&#8220;27px|0px|0|0px|false|false&#8220; _i=&#8220;2&#8243; _address=&#8220;1.2&#8243;][et_pb_column type=&#8220;4_4&#8243; _builder_version=&#8220;3.25&#8243; custom_padding=&#8220;|||&#8220; custom_padding__hover=&#8220;|||&#8220; _i=&#8220;0&#8243; _address=&#8220;1.2.0&#8243;][et_pb_text admin_label=&#8220;Sollte Ihre Frage hier nicht beantwortet worden sein, \u2026&#8220; _builder_version=&#8220;3.27.4&#8243; text_font_size=&#8220;16px&#8220; header_line_height=&#8220;1.4em&#8220; _i=&#8220;0&#8243; _address=&#8220;1.2.0.0&#8243;]<\/p>\n<h3><span style=\"color: #80bc00;\">Sollte Ihre Frage hier nicht beantwortet worden sein, so z\u00f6gern Sie bitte nicht uns telefonisch oder per LiveChat zu kontaktieren.<\/span><\/h3>\n<p>[\/et_pb_text][\/et_pb_column][\/et_pb_row][\/et_pb_section]<\/p>\n","protected":false},"excerpt":{"rendered":"<p>\n\t\t\t<!-- START sliderFaq REVOLUTION SLIDER 6.6.16 --><p class=\"rs-p-wp-fix\"><\/p>\n\t\t\t<rs-module-wrap id=\"rev_slider_17_2_wrapper\" data-source=\"gallery\" data-aimg=\"\"  style=\"visibility:hidden;background:#E9E9E9;padding:0;margin:0px auto;margin-top:0;margin-bottom:0;background-image:url(https:\/\/www.sotronix.de\/wp-content\/uploads\/2014\/09\/HeaderGrid.png);background-repeat:no-repeat;background-size:cover;background-position:center top;\">\n\t\t\t\t<rs-module id=\"rev_slider_17_2\" style=\"\" data-version=\"6.6.16\">\n\t\t\t\t\t<rs-slides style=\"overflow: hidden; position: absolute;\">\n\t\t\t\t\t\t<rs-slide style=\"position: absolute;\" data-key=\"rs-56\" data-title=\"Slide\" data-duration=\"4000ms\" data-ssop=\"true\" data-anim=\"ms:50;r:0;\" data-in=\"o:0;\" data-out=\"a:false;\">\n\t\t\t\t\t\t\t<img decoding=\"async\" src=\"\/\/www.sotronix.de\/wp-content\/plugins\/revslider\/public\/assets\/assets\/dummy.png\" alt=\"\" title=\"HeaderGrid\" width=\"1920\" height=\"600\" class=\"rev-slidebg tp-rs-img rs-lazyload\" data-lazyload=\"\/\/www.sotronix.de\/wp-content\/uploads\/2014\/09\/HeaderGrid.png\" data-bg=\"f:auto;r:repeat-x;\" data-no-retina>\n<!--\n\t\t\t\t\t\t\t--><rs-layer\n\t\t\t\t\t\t\t\tid=\"slider-17-slide-56-layer-2\" \n\t\t\t\t\t\t\t\tdata-type=\"text\"\n\t\t\t\t\t\t\t\tdata-color=\"#666666\"\n\t\t\t\t\t\t\t\tdata-rsp_ch=\"on\"\n\t\t\t\t\t\t\t\tdata-xy=\"x:248px;y:198px;\"\n\t\t\t\t\t\t\t\tdata-text=\"w:normal;s:50;l:60;\"\n\t\t\t\t\t\t\t\tdata-frame_1=\"e:power4.inOut;st:1290;sp:1500;\"\n\t\t\t\t\t\t\t\tdata-frame_999=\"o:0;st:w;sR:1710;\"\n\t\t\t\t\t\t\t\tstyle=\"z-index:10;font-family:'Open Sans';\"\n\t\t\t\t\t\t\t>Tips und Tricks \n\t\t\t\t\t\t\t<\/rs-layer><!--\n\n\t\t\t\t\t\t\t--><rs-layer\n\t\t\t\t\t\t\t\tid=\"slider-17-slide-56-layer-3\" \n\t\t\t\t\t\t\t\tdata-type=\"image\"\n\t\t\t\t\t\t\t\tdata-rsp_ch=\"on\"\n\t\t\t\t\t\t\t\tdata-xy=\"x:r;xo:100px;y:b;\"\n\t\t\t\t\t\t\t\tdata-text=\"w:normal;\"\n\t\t\t\t\t\t\t\tdata-dim=\"w:566px;h:400px;\"\n\t\t\t\t\t\t\t\tdata-frame_1=\"e:power4.inOut;sp:1500;\"\n\t\t\t\t\t\t\t\tdata-frame_999=\"o:0;st:w;sR:3710;\"\n\t\t\t\t\t\t\t\tstyle=\"z-index:8;\"\n\t\t\t\t\t\t\t><img decoding=\"async\" src=\"\/\/www.sotronix.de\/wp-content\/plugins\/revslider\/public\/assets\/assets\/dummy.png\" alt=\"\" class=\"tp-rs-img rs-lazyload\" width=\"700\" height=\"495\" data-lazyload=\"\/\/www.sotronix.de\/wp-content\/uploads\/2017\/06\/FAQ-Bereich.png\" data-no-retina> \n\t\t\t\t\t\t\t<\/rs-layer><!--\n\n\t\t\t\t\t\t\t--><rs-layer\n\t\t\t\t\t\t\t\tid=\"slider-17-slide-56-layer-4\" \n\t\t\t\t\t\t\t\tdata-type=\"text\"\n\t\t\t\t\t\t\t\tdata-color=\"#666666\"\n\t\t\t\t\t\t\t\tdata-rsp_ch=\"on\"\n\t\t\t\t\t\t\t\tdata-xy=\"x:250px;y:120px;\"\n\t\t\t\t\t\t\t\tdata-text=\"w:normal;s:50;l:60;\"\n\t\t\t\t\t\t\t\tdata-frame_1=\"e:power4.inOut;st:310;sp:1500;\"\n\t\t\t\t\t\t\t\tdata-frame_999=\"o:0;st:w;sR:2690;\"\n\t\t\t\t\t\t\t\tstyle=\"z-index:9;font-family:'Open Sans';\"\n\t\t\t\t\t\t\t>Fragen und Antworten \n\t\t\t\t\t\t\t<\/rs-layer><!--\n-->\t\t\t\t\t\t<\/rs-slide>\n\t\t\t\t\t\t<rs-slide style=\"position: absolute;\" data-key=\"rs-561\" data-title=\"Slide\" data-duration=\"4000ms\" data-ssop=\"true\" data-anim=\"ms:50;r:0;\" data-in=\"o:0;\" data-out=\"a:false;\">\n\t\t\t\t\t\t\t<img decoding=\"async\" src=\"\/\/www.sotronix.de\/wp-content\/plugins\/revslider\/public\/assets\/assets\/dummy.png\" alt=\"\" title=\"HeaderGrid\" width=\"1920\" height=\"600\" class=\"rev-slidebg tp-rs-img rs-lazyload\" data-lazyload=\"\/\/www.sotronix.de\/wp-content\/uploads\/2014\/09\/HeaderGrid.png\" data-bg=\"f:auto;r:repeat-x;\" data-no-retina>\n<!--\n\t\t\t\t\t\t\t--><rs-layer\n\t\t\t\t\t\t\t\tid=\"slider-17-slide-561-layer-2\" \n\t\t\t\t\t\t\t\tdata-type=\"text\"\n\t\t\t\t\t\t\t\tdata-color=\"#666666\"\n\t\t\t\t\t\t\t\tdata-rsp_ch=\"on\"\n\t\t\t\t\t\t\t\tdata-xy=\"x:248px;y:198px;\"\n\t\t\t\t\t\t\t\tdata-text=\"w:normal;s:50;l:60;\"\n\t\t\t\t\t\t\t\tdata-frame_1=\"e:power4.inOut;st:1290;sp:1500;\"\n\t\t\t\t\t\t\t\tdata-frame_999=\"o:0;st:w;sR:1710;\"\n\t\t\t\t\t\t\t\tstyle=\"z-index:10;font-family:'Open Sans';\"\n\t\t\t\t\t\t\t>Tips und Tricks \n\t\t\t\t\t\t\t<\/rs-layer><!--\n\n\t\t\t\t\t\t\t--><rs-layer\n\t\t\t\t\t\t\t\tid=\"slider-17-slide-561-layer-3\" \n\t\t\t\t\t\t\t\tdata-type=\"image\"\n\t\t\t\t\t\t\t\tdata-rsp_ch=\"on\"\n\t\t\t\t\t\t\t\tdata-xy=\"x:r;xo:100px;y:b;\"\n\t\t\t\t\t\t\t\tdata-text=\"w:normal;\"\n\t\t\t\t\t\t\t\tdata-dim=\"w:566px;h:400px;\"\n\t\t\t\t\t\t\t\tdata-frame_1=\"e:power4.inOut;sp:1500;\"\n\t\t\t\t\t\t\t\tdata-frame_999=\"o:0;st:w;sR:3710;\"\n\t\t\t\t\t\t\t\tstyle=\"z-index:8;\"\n\t\t\t\t\t\t\t><img decoding=\"async\" src=\"\/\/www.sotronix.de\/wp-content\/plugins\/revslider\/public\/assets\/assets\/dummy.png\" alt=\"\" class=\"tp-rs-img rs-lazyload\" width=\"700\" height=\"495\" data-lazyload=\"\/\/www.sotronix.de\/wp-content\/uploads\/2017\/06\/FAQ-Bereich.png\" data-no-retina> \n\t\t\t\t\t\t\t<\/rs-layer><!--\n\n\t\t\t\t\t\t\t--><rs-layer\n\t\t\t\t\t\t\t\tid=\"slider-17-slide-561-layer-4\" \n\t\t\t\t\t\t\t\tdata-type=\"text\"\n\t\t\t\t\t\t\t\tdata-color=\"#666666\"\n\t\t\t\t\t\t\t\tdata-rsp_ch=\"on\"\n\t\t\t\t\t\t\t\tdata-xy=\"x:250px;y:120px;\"\n\t\t\t\t\t\t\t\tdata-text=\"w:normal;s:50;l:60;\"\n\t\t\t\t\t\t\t\tdata-frame_1=\"e:power4.inOut;st:310;sp:1500;\"\n\t\t\t\t\t\t\t\tdata-frame_999=\"o:0;st:w;sR:2690;\"\n\t\t\t\t\t\t\t\tstyle=\"z-index:9;font-family:'Open Sans';\"\n\t\t\t\t\t\t\t>Fragen und Antworten \n\t\t\t\t\t\t\t<\/rs-layer><!--\n-->\t\t\t\t\t\t<\/rs-slide>\n\t\t\t\t\t<\/rs-slides>\n\t\t\t\t\t<rs-static-layers><!--\n\t\t\t\t\t--><\/rs-static-layers>\n\t\t\t\t<\/rs-module>\n\t\t\t\t<script>\n\t\t\t\t\tsetREVStartSize({c: 'rev_slider_17_2',rl:[1240,1024,768,480],el:[400],gw:[1920],gh:[400],type:'standard',justify:'',layout:'fullwidth',mh:\"0\"});if (window.RS_MODULES!==undefined && window.RS_MODULES.modules!==undefined && window.RS_MODULES.modules[\"revslider172\"]!==undefined) {window.RS_MODULES.modules[\"revslider172\"].once = false;window.revapi17_2 = undefined;if (window.RS_MODULES.checkMinimal!==undefined) window.RS_MODULES.checkMinimal()}\n\t\t\t\t<\/script>\n\t\t\t<\/rs-module-wrap>\n\t\t\t<!-- END REVOLUTION SLIDER -->\nHier finden Sie eine Sammlung von Tips und Tricks, die nicht unbedingt in der integrierten Hilfe zu finden sind. Der Grund f\u00fcr diese Exception liegt in einem fehlenden Update f\u00fcr Windows (KB2999226) Sie k\u00f6nnen es entweder \u00fcber \u201eWindows Update\u201c installieren oder hier herunterladen. Nach der Installation startet das STX-Controlcenter wie erwartet. Alle Messungen werden [&hellip;]<\/p>\n","protected":false},"author":1,"featured_media":0,"parent":0,"menu_order":0,"comment_status":"closed","ping_status":"closed","template":"","meta":{"_et_pb_use_builder":"on","_et_pb_old_content":"","_et_gb_content_width":"","footnotes":""},"class_list":["post-1411","page","type-page","status-publish","hentry"],"_links":{"self":[{"href":"https:\/\/www.sotronix.de\/index.php\/wp-json\/wp\/v2\/pages\/1411","targetHints":{"allow":["GET"]}}],"collection":[{"href":"https:\/\/www.sotronix.de\/index.php\/wp-json\/wp\/v2\/pages"}],"about":[{"href":"https:\/\/www.sotronix.de\/index.php\/wp-json\/wp\/v2\/types\/page"}],"author":[{"embeddable":true,"href":"https:\/\/www.sotronix.de\/index.php\/wp-json\/wp\/v2\/users\/1"}],"replies":[{"embeddable":true,"href":"https:\/\/www.sotronix.de\/index.php\/wp-json\/wp\/v2\/comments?post=1411"}],"version-history":[{"count":53,"href":"https:\/\/www.sotronix.de\/index.php\/wp-json\/wp\/v2\/pages\/1411\/revisions"}],"predecessor-version":[{"id":2484,"href":"https:\/\/www.sotronix.de\/index.php\/wp-json\/wp\/v2\/pages\/1411\/revisions\/2484"}],"wp:attachment":[{"href":"https:\/\/www.sotronix.de\/index.php\/wp-json\/wp\/v2\/media?parent=1411"}],"curies":[{"name":"wp","href":"https:\/\/api.w.org\/{rel}","templated":true}]}}