{"id":1340,"date":"2015-04-19T13:46:58","date_gmt":"2015-04-19T11:46:58","guid":{"rendered":"https:\/\/www.sotronix.de\/?page_id=1340"},"modified":"2018-08-03T16:02:10","modified_gmt":"2018-08-03T14:02:10","slug":"softwareentwicklung","status":"publish","type":"page","link":"https:\/\/www.sotronix.de\/index.php\/softwareentwicklung\/","title":{"rendered":"Softwareentwicklung"},"content":{"rendered":"<p>[et_pb_section bb_built=&#8220;1&#8243; fullwidth=&#8220;on&#8220; _builder_version=&#8220;3.9&#8243; background_size=&#8220;contain&#8220; next_background_color=&#8220;#000000&#8243;][et_pb_fullwidth_code admin_label=&#8220;%91rev_slider sliderSoftwareEntwicklung%93&#8243; _builder_version=&#8220;3.9&#8243; custom_margin=&#8220;-80px|||&#8220; custom_margin_tablet=&#8220;-20px|||&#8220; custom_margin_phone=&#8220;-10px|||&#8220; custom_margin_last_edited=&#8220;on|desktop&#8220;]\n\t\t\t<!-- START SliderSoftwareEntwicklung REVOLUTION SLIDER 6.6.16 --><p class=\"rs-p-wp-fix\"><\/p>\n\t\t\t<rs-module-wrap id=\"rev_slider_15_1_wrapper\" data-source=\"gallery\" data-aimg=\"\"  style=\"visibility:hidden;background:#E9E9E9;padding:0;margin:0px auto;margin-top:0;margin-bottom:0;\">\n\t\t\t\t<rs-module id=\"rev_slider_15_1\" style=\"\" data-version=\"6.6.16\">\n\t\t\t\t\t<rs-slides style=\"overflow: hidden; position: absolute;\">\n\t\t\t\t\t\t<rs-slide style=\"position: absolute;\" data-key=\"rs-45\" data-title=\"Slide\" data-anim=\"ms:50,2000,2000,2000;r:0,0,0;\" data-in=\"x:(100%);e:d,d,d;\" data-alttrans=\"fade,scaledownfromright,3dcurtain-horizontal\">\n\t\t\t\t\t\t\t<img decoding=\"async\" src=\"\/\/www.sotronix.de\/wp-content\/plugins\/revslider\/public\/assets\/assets\/dummy.png\" alt=\"\" title=\"Softwareentwicklung\" class=\"rev-slidebg tp-rs-img rs-lazyload\" data-lazyload=\"\/\/www.sotronix.de\/wp-content\/uploads\/2014\/09\/HeaderGrid.png\" data-bg=\"p:center top;\" data-no-retina>\n<!--\n\t\t\t\t\t\t\t--><rs-layer\n\t\t\t\t\t\t\t\tid=\"slider-15-slide-45-layer-1\" \n\t\t\t\t\t\t\t\tclass=\"large_bold_grey\"\n\t\t\t\t\t\t\t\tdata-type=\"text\"\n\t\t\t\t\t\t\t\tdata-color=\"#666666\"\n\t\t\t\t\t\t\t\tdata-rsp_ch=\"on\"\n\t\t\t\t\t\t\t\tdata-xy=\"x:220px;y:235px;\"\n\t\t\t\t\t\t\t\tdata-text=\"s:50;l:60;fw:800;a:inherit;\"\n\t\t\t\t\t\t\t\tdata-padding=\"t:1;r:4;l:4;\"\n\t\t\t\t\t\t\t\tdata-frame_0=\"o:1;\"\n\t\t\t\t\t\t\t\tdata-frame_1=\"st:500;\"\n\t\t\t\t\t\t\t\tdata-frame_999=\"st:w;auto:true;\"\n\t\t\t\t\t\t\t\tstyle=\"z-index:8;font-family:'Open Sans';\"\n\t\t\t\t\t\t\t>Individuelle \n\t\t\t\t\t\t\t<\/rs-layer><!--\n\n\t\t\t\t\t\t\t--><rs-layer\n\t\t\t\t\t\t\t\tid=\"slider-15-slide-45-layer-2\" \n\t\t\t\t\t\t\t\tclass=\"large_bold_grey\"\n\t\t\t\t\t\t\t\tdata-type=\"text\"\n\t\t\t\t\t\t\t\tdata-color=\"#666666\"\n\t\t\t\t\t\t\t\tdata-rsp_ch=\"on\"\n\t\t\t\t\t\t\t\tdata-xy=\"x:220px;y:290px;\"\n\t\t\t\t\t\t\t\tdata-text=\"s:50;l:60;fw:800;a:inherit;\"\n\t\t\t\t\t\t\t\tdata-padding=\"t:1;r:4;l:4;\"\n\t\t\t\t\t\t\t\tdata-frame_0=\"o:1;\"\n\t\t\t\t\t\t\t\tdata-frame_1=\"st:500;\"\n\t\t\t\t\t\t\t\tdata-frame_999=\"st:w;auto:true;\"\n\t\t\t\t\t\t\t\tstyle=\"z-index:9;font-family:'Open Sans';\"\n\t\t\t\t\t\t\t>Softwareentwicklung \n\t\t\t\t\t\t\t<\/rs-layer><!--\n\n\t\t\t\t\t\t\t--><rs-layer\n\t\t\t\t\t\t\t\tid=\"slider-15-slide-45-layer-4\" \n\t\t\t\t\t\t\t\tclass=\"Sot_Slider_Text_Black\"\n\t\t\t\t\t\t\t\tdata-type=\"text\"\n\t\t\t\t\t\t\t\tdata-color=\"#666666\"\n\t\t\t\t\t\t\t\tdata-rsp_ch=\"on\"\n\t\t\t\t\t\t\t\tdata-xy=\"x:224px;y:390px;\"\n\t\t\t\t\t\t\t\tdata-text=\"s:37;a:inherit;\"\n\t\t\t\t\t\t\t\tdata-dim=\"w:573px;h:40px;\"\n\t\t\t\t\t\t\t\tdata-frame_0=\"o:1;\"\n\t\t\t\t\t\t\t\tdata-frame_1=\"st:500;\"\n\t\t\t\t\t\t\t\tdata-frame_999=\"st:w;auto:true;\"\n\t\t\t\t\t\t\t\tstyle=\"z-index:10;font-family:'Open Sans';\"\n\t\t\t\t\t\t\t>f\u00fcr Windows, Android und Cloud \n\t\t\t\t\t\t\t<\/rs-layer><!--\n\n\t\t\t\t\t\t\t--><rs-layer\n\t\t\t\t\t\t\t\tid=\"slider-15-slide-45-layer-5\" \n\t\t\t\t\t\t\t\tdata-type=\"image\"\n\t\t\t\t\t\t\t\tdata-rsp_ch=\"on\"\n\t\t\t\t\t\t\t\tdata-xy=\"x:1135px;y:1px;\"\n\t\t\t\t\t\t\t\tdata-text=\"l:22;a:inherit;\"\n\t\t\t\t\t\t\t\tdata-dim=\"w:694;h:600;\"\n\t\t\t\t\t\t\t\tdata-frame_0=\"o:1;\"\n\t\t\t\t\t\t\t\tdata-frame_1=\"st:500;\"\n\t\t\t\t\t\t\t\tdata-frame_999=\"st:w;auto:true;\"\n\t\t\t\t\t\t\t\tstyle=\"z-index:11;\"\n\t\t\t\t\t\t\t><img decoding=\"async\" src=\"\/\/www.sotronix.de\/wp-content\/plugins\/revslider\/public\/assets\/assets\/dummy.png\" alt=\"\" class=\"tp-rs-img rs-lazyload\" width=\"694\" height=\"600\" data-lazyload=\"\/\/www.sotronix.de\/wp-content\/uploads\/2014\/11\/Softwareentwicklung-Dame-RGB-freigestellt.png\" data-no-retina> \n\t\t\t\t\t\t\t<\/rs-layer><!--\n-->\t\t\t\t\t\t<\/rs-slide>\n\t\t\t\t\t\t<rs-slide style=\"position: absolute;\" data-key=\"rs-451\" data-title=\"Slide\" data-anim=\"ms:50,2000,2000,2000;r:0,0,0;\" data-in=\"x:(100%);e:d,d,d;\" data-alttrans=\"fade,scaledownfromright,3dcurtain-horizontal\">\n\t\t\t\t\t\t\t<img decoding=\"async\" src=\"\/\/www.sotronix.de\/wp-content\/plugins\/revslider\/public\/assets\/assets\/dummy.png\" alt=\"\" title=\"Softwareentwicklung\" class=\"rev-slidebg tp-rs-img rs-lazyload\" data-lazyload=\"\/\/www.sotronix.de\/wp-content\/uploads\/2014\/09\/HeaderGrid.png\" data-bg=\"p:center top;\" data-no-retina>\n<!--\n\t\t\t\t\t\t\t--><rs-layer\n\t\t\t\t\t\t\t\tid=\"slider-15-slide-451-layer-1\" \n\t\t\t\t\t\t\t\tclass=\"large_bold_grey\"\n\t\t\t\t\t\t\t\tdata-type=\"text\"\n\t\t\t\t\t\t\t\tdata-color=\"#666666\"\n\t\t\t\t\t\t\t\tdata-rsp_ch=\"on\"\n\t\t\t\t\t\t\t\tdata-xy=\"x:220px;y:235px;\"\n\t\t\t\t\t\t\t\tdata-text=\"s:50;l:60;fw:800;a:inherit;\"\n\t\t\t\t\t\t\t\tdata-padding=\"t:1;r:4;l:4;\"\n\t\t\t\t\t\t\t\tdata-frame_0=\"o:1;\"\n\t\t\t\t\t\t\t\tdata-frame_1=\"st:500;\"\n\t\t\t\t\t\t\t\tdata-frame_999=\"st:w;auto:true;\"\n\t\t\t\t\t\t\t\tstyle=\"z-index:8;font-family:'Open Sans';\"\n\t\t\t\t\t\t\t>Individuelle \n\t\t\t\t\t\t\t<\/rs-layer><!--\n\n\t\t\t\t\t\t\t--><rs-layer\n\t\t\t\t\t\t\t\tid=\"slider-15-slide-451-layer-2\" \n\t\t\t\t\t\t\t\tclass=\"large_bold_grey\"\n\t\t\t\t\t\t\t\tdata-type=\"text\"\n\t\t\t\t\t\t\t\tdata-color=\"#666666\"\n\t\t\t\t\t\t\t\tdata-rsp_ch=\"on\"\n\t\t\t\t\t\t\t\tdata-xy=\"x:220px;y:290px;\"\n\t\t\t\t\t\t\t\tdata-text=\"s:50;l:60;fw:800;a:inherit;\"\n\t\t\t\t\t\t\t\tdata-padding=\"t:1;r:4;l:4;\"\n\t\t\t\t\t\t\t\tdata-frame_0=\"o:1;\"\n\t\t\t\t\t\t\t\tdata-frame_1=\"st:500;\"\n\t\t\t\t\t\t\t\tdata-frame_999=\"st:w;auto:true;\"\n\t\t\t\t\t\t\t\tstyle=\"z-index:9;font-family:'Open Sans';\"\n\t\t\t\t\t\t\t>Softwareentwicklung \n\t\t\t\t\t\t\t<\/rs-layer><!--\n\n\t\t\t\t\t\t\t--><rs-layer\n\t\t\t\t\t\t\t\tid=\"slider-15-slide-451-layer-4\" \n\t\t\t\t\t\t\t\tclass=\"Sot_Slider_Text_Black\"\n\t\t\t\t\t\t\t\tdata-type=\"text\"\n\t\t\t\t\t\t\t\tdata-color=\"#666666\"\n\t\t\t\t\t\t\t\tdata-rsp_ch=\"on\"\n\t\t\t\t\t\t\t\tdata-xy=\"x:224px;y:390px;\"\n\t\t\t\t\t\t\t\tdata-text=\"s:37;a:inherit;\"\n\t\t\t\t\t\t\t\tdata-dim=\"w:573px;h:40px;\"\n\t\t\t\t\t\t\t\tdata-frame_0=\"o:1;\"\n\t\t\t\t\t\t\t\tdata-frame_1=\"st:500;\"\n\t\t\t\t\t\t\t\tdata-frame_999=\"st:w;auto:true;\"\n\t\t\t\t\t\t\t\tstyle=\"z-index:10;font-family:'Open Sans';\"\n\t\t\t\t\t\t\t>f\u00fcr Windows, Android und Cloud \n\t\t\t\t\t\t\t<\/rs-layer><!--\n\n\t\t\t\t\t\t\t--><rs-layer\n\t\t\t\t\t\t\t\tid=\"slider-15-slide-451-layer-5\" \n\t\t\t\t\t\t\t\tdata-type=\"image\"\n\t\t\t\t\t\t\t\tdata-rsp_ch=\"on\"\n\t\t\t\t\t\t\t\tdata-xy=\"x:1135px;y:1px;\"\n\t\t\t\t\t\t\t\tdata-text=\"l:22;a:inherit;\"\n\t\t\t\t\t\t\t\tdata-dim=\"w:694;h:600;\"\n\t\t\t\t\t\t\t\tdata-frame_0=\"o:1;\"\n\t\t\t\t\t\t\t\tdata-frame_1=\"st:500;\"\n\t\t\t\t\t\t\t\tdata-frame_999=\"st:w;auto:true;\"\n\t\t\t\t\t\t\t\tstyle=\"z-index:11;\"\n\t\t\t\t\t\t\t><img decoding=\"async\" src=\"\/\/www.sotronix.de\/wp-content\/plugins\/revslider\/public\/assets\/assets\/dummy.png\" alt=\"\" class=\"tp-rs-img rs-lazyload\" width=\"694\" height=\"600\" data-lazyload=\"\/\/www.sotronix.de\/wp-content\/uploads\/2014\/11\/Softwareentwicklung-Dame-RGB-freigestellt.png\" data-no-retina> \n\t\t\t\t\t\t\t<\/rs-layer><!--\n-->\t\t\t\t\t\t<\/rs-slide>\n\t\t\t\t\t<\/rs-slides>\n\t\t\t\t<\/rs-module>\n\t\t\t\t<script>\n\t\t\t\t\tsetREVStartSize({c: 'rev_slider_15_1',rl:[1240,1024,768,480],el:[600],gw:[1920],gh:[600],type:'standard',justify:'',layout:'fullwidth',mh:\"0\"});if (window.RS_MODULES!==undefined && window.RS_MODULES.modules!==undefined && window.RS_MODULES.modules[\"revslider151\"]!==undefined) {window.RS_MODULES.modules[\"revslider151\"].once = false;window.revapi15 = undefined;if (window.RS_MODULES.checkMinimal!==undefined) window.RS_MODULES.checkMinimal()}\n\t\t\t\t<\/script>\n\t\t\t<\/rs-module-wrap>\n\t\t\t<!-- END REVOLUTION SLIDER -->\n[\/et_pb_fullwidth_code][\/et_pb_section][et_pb_section bb_built=&#8220;1&#8243; _builder_version=&#8220;3.9&#8243; background_color=&#8220;#ffffff&#8220; custom_padding=&#8220;20px|||&#8220; prev_background_color=&#8220;#000000&#8243;][et_pb_row custom_padding=&#8220;27px|0px|0|0px|false|false&#8220; _builder_version=&#8220;3.9&#8243;][et_pb_column type=&#8220;4_4&#8243;][et_pb_text admin_label=&#8220;Individuelle Systeme erfordern individuelle Software.&#8220; _builder_version=&#8220;3.9&#8243; text_font_size=&#8220;16px&#8220; header_line_height=&#8220;1.4em&#8220;]<\/p>\n<h1>Individuelle Systeme erfordern individuelle Software.<\/h1>\n<p>[\/et_pb_text][et_pb_text admin_label=&#8220;Fast immer sind die f\u00fcr unsere Kunden entwickelten Systeme&#8220; _builder_version=&#8220;3.9&#8243; text_font_size=&#8220;16px&#8220; header_line_height=&#8220;1.4em&#8220; header_2_font_size=&#8220;20px&#8220;]<\/p>\n<h2><span style=\"color: #80bc00;\">Fast immer sind die f\u00fcr unsere Kunden entwickelten Systeme nicht mehr alleinstehend, sondern auf vielf\u00e4ltige Art vernetzt. Diese Vernetzung bedingt in den meisten F\u00e4llen entsprechende Konfigurationssoftware oder sogar ein komplexes Cloud gest\u00fctztes System.<\/span><\/h2>\n<p>[\/et_pb_text][et_pb_text admin_label=&#8220;Wir haben uns darauf spezialisiert&#8220; _builder_version=&#8220;3.9&#8243; text_font_size=&#8220;16px&#8220; header_line_height=&#8220;1.4em&#8220; header_2_font_size=&#8220;20px&#8220;]<\/p>\n<h3>Wir haben uns darauf spezialisiert die passende Anwendungssoftware f\u00fcr solche Systeme zu entwickeln, sei es f\u00fcr Windows, Android oder die Cloud. Durch unsere langj\u00e4hrige Erfahrung kennen wir die Probleme, die bei der Kommunikation mit vernetzten Systemen auftreten und k\u00f6nnen so die optimale L\u00f6sung f\u00fcr Sie entwickeln.<\/h3>\n<p>[\/et_pb_text][\/et_pb_column][\/et_pb_row][et_pb_row custom_padding=&#8220;40px|0px|0|0px|false|false&#8220; _builder_version=&#8220;3.0.48&#8243; background_size=&#8220;initial&#8220; background_position=&#8220;top_left&#8220; background_repeat=&#8220;repeat&#8220;][et_pb_column type=&#8220;1_2&#8243;][et_pb_text admin_label=&#8220;Windows Software&#8220; _builder_version=&#8220;3.9&#8243;]<\/p>\n<h3>Windows Software<\/h3>\n<p>Ihre Windows Applikation entwickeln wir in C# und mithilfe des .net Frameworks. Sie k\u00f6nnen so sicher sein, alle Betriebssysteme ab Windows XP bis hin zum kommenden Windows 10 abzudecken.<br \/>\nNeben der fehlerfreien Funktion ist eine professionell gestaltete, intuitive Oberfl\u00e4che wichtig. F\u00fcr das perfekte Aussehen Ihrer Anwendung arbeiten wir daher mit einem hervorragenden <a href=\"https:\/\/kooky-arts.de\" target=\"_blank\" rel=\"noopener\">Designer<\/a> zusammen.<\/p>\n<p>Selbstverst\u00e4ndlich geh\u00f6rt zu jeder Anwendung ebenfalls ein Installationsprogramm, dass wir auf Wunsch mit Ihrem oder unserem Code signing Zertifikat signieren.<\/p>\n<p>Auf folgenden Gebieten verf\u00fcgen wir \u00fcber langj\u00e4hrige Erfahrung:<\/p>\n<ul>\n<li>Relationale Datenbanksysteme insbesondere sqlite und postgres<\/li>\n<li>Kommunikation \u00fcber TCP\/IP, Bluetooth, Serielle Schnittstelle<\/li>\n<li>C#, .net, WPF und Winforms<\/li>\n<li><a href=\"https:\/\/www.devexpress.com\" target=\"_blank\" rel=\"noopener\">DevExpress<\/a> Suite<\/li>\n<li>Einsatz von bew\u00e4hrten Entwurfsmustern<\/li>\n<\/ul>\n<p>Als bestes Beispiel f\u00fcr unsere Arbeit mag unser <a href=\"\/index.php\/referenzstx\/\">STX-Controlcenter<\/a> dienen. Gern sind wir hier bereit, Ihnen bei einem pers\u00f6nlichen Gespr\u00e4ch Einblick in den Quellcode zu gew\u00e4hren, um Sie von der Qualit\u00e4t unserer Arbeit zu \u00fcberzeugen.<\/p>\n<p>[\/et_pb_text][\/et_pb_column][et_pb_column type=&#8220;1_2&#8243;][et_pb_text admin_label=&#8220;Android Apps&#8220; _builder_version=&#8220;3.9&#8243;]<\/p>\n<h3>Android Apps<\/h3>\n<p>Mit \u00fcber 70% ist Android das verbreitetste Betriebssystem unter den mobilen Ger\u00e4ten und seit \u00fcber drei Jahren entwickeln auch wir Software f\u00fcr dieses System.<\/p>\n<p>Unsere Spezialgebiet ist hier die Anbindung externer Ger\u00e4te und aller damit zusammenh\u00e4ngender Themen:<\/p>\n<ul>\n<li>Kommunikation \u00fcber Bluetooth oder TCP\/IP inklusive Handling instabiler Verbindungen.<\/li>\n<li>Darstellung gro\u00dfer Datenmengen als Chart<\/li>\n<li>Verschl\u00fcsselte Firmwareupdates und Kommunikation.<\/li>\n<li>Anbindung von Serverdiensten mittels REST<\/li>\n<li>Relationales Datenbank Design<\/li>\n<\/ul>\n<p>Aufgrund bestehender Geheimhaltungsvereinbarungen k\u00f6nnen wir hier leider auf keine Referenz verweisen. Bei einem pers\u00f6nlichen Gespr\u00e4ch stehen wir Ihnen aber gern Rede und Antwort um unsere fachlichen F\u00e4higkeiten unter Beweis zu stellen.<\/p>\n<p>&nbsp;<\/p>\n<p>[\/et_pb_text][et_pb_text admin_label=&#8220;Cloud Anwendungen&#8220; _builder_version=&#8220;3.9&#8243;]<\/p>\n<h3>Cloud Anwendungen<\/h3>\n<p>Apps auf mobilen Ger\u00e4ten ben\u00f6tigen in vielen F\u00e4llen einen permanent erreichbaren Server zum Ablegen, Verarbeiten oder Austauschen der Daten.<br \/>\nMittels ASP.NET Web API entwickeln wir f\u00fcr Sie die passenden Serverdienste und mittels ASP.NET MVC gern auch die passende Site.<\/p>\n<p>Auf Wunsch bieten wir f\u00fcr das Hosting der Dienste Server in deutschen Rechenzentren an, die den strengen deutschen Datenschutzbestimmungen entsprechen.<\/p>\n<p>[\/et_pb_text][\/et_pb_column][\/et_pb_row][\/et_pb_section]<\/p>\n","protected":false},"excerpt":{"rendered":"<p>\n\t\t\t<!-- START SliderSoftwareEntwicklung REVOLUTION SLIDER 6.6.16 --><p class=\"rs-p-wp-fix\"><\/p>\n\t\t\t<rs-module-wrap id=\"rev_slider_15_2_wrapper\" data-source=\"gallery\" data-aimg=\"\"  style=\"visibility:hidden;background:#E9E9E9;padding:0;margin:0px auto;margin-top:0;margin-bottom:0;\">\n\t\t\t\t<rs-module id=\"rev_slider_15_2\" style=\"\" data-version=\"6.6.16\">\n\t\t\t\t\t<rs-slides style=\"overflow: hidden; position: absolute;\">\n\t\t\t\t\t\t<rs-slide style=\"position: absolute;\" data-key=\"rs-45\" data-title=\"Slide\" data-anim=\"ms:50,2000,2000,2000;r:0,0,0;\" data-in=\"x:(100%);e:d,d,d;\" data-alttrans=\"fade,scaledownfromright,3dcurtain-horizontal\">\n\t\t\t\t\t\t\t<img decoding=\"async\" src=\"\/\/www.sotronix.de\/wp-content\/plugins\/revslider\/public\/assets\/assets\/dummy.png\" alt=\"\" title=\"Softwareentwicklung\" class=\"rev-slidebg tp-rs-img rs-lazyload\" data-lazyload=\"\/\/www.sotronix.de\/wp-content\/uploads\/2014\/09\/HeaderGrid.png\" data-bg=\"p:center top;\" data-no-retina>\n<!--\n\t\t\t\t\t\t\t--><rs-layer\n\t\t\t\t\t\t\t\tid=\"slider-15-slide-45-layer-1\" \n\t\t\t\t\t\t\t\tclass=\"large_bold_grey\"\n\t\t\t\t\t\t\t\tdata-type=\"text\"\n\t\t\t\t\t\t\t\tdata-color=\"#666666\"\n\t\t\t\t\t\t\t\tdata-rsp_ch=\"on\"\n\t\t\t\t\t\t\t\tdata-xy=\"x:220px;y:235px;\"\n\t\t\t\t\t\t\t\tdata-text=\"s:50;l:60;fw:800;a:inherit;\"\n\t\t\t\t\t\t\t\tdata-padding=\"t:1;r:4;l:4;\"\n\t\t\t\t\t\t\t\tdata-frame_0=\"o:1;\"\n\t\t\t\t\t\t\t\tdata-frame_1=\"st:500;\"\n\t\t\t\t\t\t\t\tdata-frame_999=\"st:w;auto:true;\"\n\t\t\t\t\t\t\t\tstyle=\"z-index:8;font-family:'Open Sans';\"\n\t\t\t\t\t\t\t>Individuelle \n\t\t\t\t\t\t\t<\/rs-layer><!--\n\n\t\t\t\t\t\t\t--><rs-layer\n\t\t\t\t\t\t\t\tid=\"slider-15-slide-45-layer-2\" \n\t\t\t\t\t\t\t\tclass=\"large_bold_grey\"\n\t\t\t\t\t\t\t\tdata-type=\"text\"\n\t\t\t\t\t\t\t\tdata-color=\"#666666\"\n\t\t\t\t\t\t\t\tdata-rsp_ch=\"on\"\n\t\t\t\t\t\t\t\tdata-xy=\"x:220px;y:290px;\"\n\t\t\t\t\t\t\t\tdata-text=\"s:50;l:60;fw:800;a:inherit;\"\n\t\t\t\t\t\t\t\tdata-padding=\"t:1;r:4;l:4;\"\n\t\t\t\t\t\t\t\tdata-frame_0=\"o:1;\"\n\t\t\t\t\t\t\t\tdata-frame_1=\"st:500;\"\n\t\t\t\t\t\t\t\tdata-frame_999=\"st:w;auto:true;\"\n\t\t\t\t\t\t\t\tstyle=\"z-index:9;font-family:'Open Sans';\"\n\t\t\t\t\t\t\t>Softwareentwicklung \n\t\t\t\t\t\t\t<\/rs-layer><!--\n\n\t\t\t\t\t\t\t--><rs-layer\n\t\t\t\t\t\t\t\tid=\"slider-15-slide-45-layer-4\" \n\t\t\t\t\t\t\t\tclass=\"Sot_Slider_Text_Black\"\n\t\t\t\t\t\t\t\tdata-type=\"text\"\n\t\t\t\t\t\t\t\tdata-color=\"#666666\"\n\t\t\t\t\t\t\t\tdata-rsp_ch=\"on\"\n\t\t\t\t\t\t\t\tdata-xy=\"x:224px;y:390px;\"\n\t\t\t\t\t\t\t\tdata-text=\"s:37;a:inherit;\"\n\t\t\t\t\t\t\t\tdata-dim=\"w:573px;h:40px;\"\n\t\t\t\t\t\t\t\tdata-frame_0=\"o:1;\"\n\t\t\t\t\t\t\t\tdata-frame_1=\"st:500;\"\n\t\t\t\t\t\t\t\tdata-frame_999=\"st:w;auto:true;\"\n\t\t\t\t\t\t\t\tstyle=\"z-index:10;font-family:'Open Sans';\"\n\t\t\t\t\t\t\t>f\u00fcr Windows, Android und Cloud \n\t\t\t\t\t\t\t<\/rs-layer><!--\n\n\t\t\t\t\t\t\t--><rs-layer\n\t\t\t\t\t\t\t\tid=\"slider-15-slide-45-layer-5\" \n\t\t\t\t\t\t\t\tdata-type=\"image\"\n\t\t\t\t\t\t\t\tdata-rsp_ch=\"on\"\n\t\t\t\t\t\t\t\tdata-xy=\"x:1135px;y:1px;\"\n\t\t\t\t\t\t\t\tdata-text=\"l:22;a:inherit;\"\n\t\t\t\t\t\t\t\tdata-dim=\"w:694;h:600;\"\n\t\t\t\t\t\t\t\tdata-frame_0=\"o:1;\"\n\t\t\t\t\t\t\t\tdata-frame_1=\"st:500;\"\n\t\t\t\t\t\t\t\tdata-frame_999=\"st:w;auto:true;\"\n\t\t\t\t\t\t\t\tstyle=\"z-index:11;\"\n\t\t\t\t\t\t\t><img decoding=\"async\" src=\"\/\/www.sotronix.de\/wp-content\/plugins\/revslider\/public\/assets\/assets\/dummy.png\" alt=\"\" class=\"tp-rs-img rs-lazyload\" width=\"694\" height=\"600\" data-lazyload=\"\/\/www.sotronix.de\/wp-content\/uploads\/2014\/11\/Softwareentwicklung-Dame-RGB-freigestellt.png\" data-no-retina> \n\t\t\t\t\t\t\t<\/rs-layer><!--\n-->\t\t\t\t\t\t<\/rs-slide>\n\t\t\t\t\t\t<rs-slide style=\"position: absolute;\" data-key=\"rs-451\" data-title=\"Slide\" data-anim=\"ms:50,2000,2000,2000;r:0,0,0;\" data-in=\"x:(100%);e:d,d,d;\" data-alttrans=\"fade,scaledownfromright,3dcurtain-horizontal\">\n\t\t\t\t\t\t\t<img decoding=\"async\" src=\"\/\/www.sotronix.de\/wp-content\/plugins\/revslider\/public\/assets\/assets\/dummy.png\" alt=\"\" title=\"Softwareentwicklung\" class=\"rev-slidebg tp-rs-img rs-lazyload\" data-lazyload=\"\/\/www.sotronix.de\/wp-content\/uploads\/2014\/09\/HeaderGrid.png\" data-bg=\"p:center top;\" data-no-retina>\n<!--\n\t\t\t\t\t\t\t--><rs-layer\n\t\t\t\t\t\t\t\tid=\"slider-15-slide-451-layer-1\" \n\t\t\t\t\t\t\t\tclass=\"large_bold_grey\"\n\t\t\t\t\t\t\t\tdata-type=\"text\"\n\t\t\t\t\t\t\t\tdata-color=\"#666666\"\n\t\t\t\t\t\t\t\tdata-rsp_ch=\"on\"\n\t\t\t\t\t\t\t\tdata-xy=\"x:220px;y:235px;\"\n\t\t\t\t\t\t\t\tdata-text=\"s:50;l:60;fw:800;a:inherit;\"\n\t\t\t\t\t\t\t\tdata-padding=\"t:1;r:4;l:4;\"\n\t\t\t\t\t\t\t\tdata-frame_0=\"o:1;\"\n\t\t\t\t\t\t\t\tdata-frame_1=\"st:500;\"\n\t\t\t\t\t\t\t\tdata-frame_999=\"st:w;auto:true;\"\n\t\t\t\t\t\t\t\tstyle=\"z-index:8;font-family:'Open Sans';\"\n\t\t\t\t\t\t\t>Individuelle \n\t\t\t\t\t\t\t<\/rs-layer><!--\n\n\t\t\t\t\t\t\t--><rs-layer\n\t\t\t\t\t\t\t\tid=\"slider-15-slide-451-layer-2\" \n\t\t\t\t\t\t\t\tclass=\"large_bold_grey\"\n\t\t\t\t\t\t\t\tdata-type=\"text\"\n\t\t\t\t\t\t\t\tdata-color=\"#666666\"\n\t\t\t\t\t\t\t\tdata-rsp_ch=\"on\"\n\t\t\t\t\t\t\t\tdata-xy=\"x:220px;y:290px;\"\n\t\t\t\t\t\t\t\tdata-text=\"s:50;l:60;fw:800;a:inherit;\"\n\t\t\t\t\t\t\t\tdata-padding=\"t:1;r:4;l:4;\"\n\t\t\t\t\t\t\t\tdata-frame_0=\"o:1;\"\n\t\t\t\t\t\t\t\tdata-frame_1=\"st:500;\"\n\t\t\t\t\t\t\t\tdata-frame_999=\"st:w;auto:true;\"\n\t\t\t\t\t\t\t\tstyle=\"z-index:9;font-family:'Open Sans';\"\n\t\t\t\t\t\t\t>Softwareentwicklung \n\t\t\t\t\t\t\t<\/rs-layer><!--\n\n\t\t\t\t\t\t\t--><rs-layer\n\t\t\t\t\t\t\t\tid=\"slider-15-slide-451-layer-4\" \n\t\t\t\t\t\t\t\tclass=\"Sot_Slider_Text_Black\"\n\t\t\t\t\t\t\t\tdata-type=\"text\"\n\t\t\t\t\t\t\t\tdata-color=\"#666666\"\n\t\t\t\t\t\t\t\tdata-rsp_ch=\"on\"\n\t\t\t\t\t\t\t\tdata-xy=\"x:224px;y:390px;\"\n\t\t\t\t\t\t\t\tdata-text=\"s:37;a:inherit;\"\n\t\t\t\t\t\t\t\tdata-dim=\"w:573px;h:40px;\"\n\t\t\t\t\t\t\t\tdata-frame_0=\"o:1;\"\n\t\t\t\t\t\t\t\tdata-frame_1=\"st:500;\"\n\t\t\t\t\t\t\t\tdata-frame_999=\"st:w;auto:true;\"\n\t\t\t\t\t\t\t\tstyle=\"z-index:10;font-family:'Open Sans';\"\n\t\t\t\t\t\t\t>f\u00fcr Windows, Android und Cloud \n\t\t\t\t\t\t\t<\/rs-layer><!--\n\n\t\t\t\t\t\t\t--><rs-layer\n\t\t\t\t\t\t\t\tid=\"slider-15-slide-451-layer-5\" \n\t\t\t\t\t\t\t\tdata-type=\"image\"\n\t\t\t\t\t\t\t\tdata-rsp_ch=\"on\"\n\t\t\t\t\t\t\t\tdata-xy=\"x:1135px;y:1px;\"\n\t\t\t\t\t\t\t\tdata-text=\"l:22;a:inherit;\"\n\t\t\t\t\t\t\t\tdata-dim=\"w:694;h:600;\"\n\t\t\t\t\t\t\t\tdata-frame_0=\"o:1;\"\n\t\t\t\t\t\t\t\tdata-frame_1=\"st:500;\"\n\t\t\t\t\t\t\t\tdata-frame_999=\"st:w;auto:true;\"\n\t\t\t\t\t\t\t\tstyle=\"z-index:11;\"\n\t\t\t\t\t\t\t><img decoding=\"async\" src=\"\/\/www.sotronix.de\/wp-content\/plugins\/revslider\/public\/assets\/assets\/dummy.png\" alt=\"\" class=\"tp-rs-img rs-lazyload\" width=\"694\" height=\"600\" data-lazyload=\"\/\/www.sotronix.de\/wp-content\/uploads\/2014\/11\/Softwareentwicklung-Dame-RGB-freigestellt.png\" data-no-retina> \n\t\t\t\t\t\t\t<\/rs-layer><!--\n-->\t\t\t\t\t\t<\/rs-slide>\n\t\t\t\t\t<\/rs-slides>\n\t\t\t\t<\/rs-module>\n\t\t\t\t<script>\n\t\t\t\t\tsetREVStartSize({c: 'rev_slider_15_2',rl:[1240,1024,768,480],el:[600],gw:[1920],gh:[600],type:'standard',justify:'',layout:'fullwidth',mh:\"0\"});if (window.RS_MODULES!==undefined && window.RS_MODULES.modules!==undefined && window.RS_MODULES.modules[\"revslider152\"]!==undefined) {window.RS_MODULES.modules[\"revslider152\"].once = false;window.revapi15_2 = undefined;if (window.RS_MODULES.checkMinimal!==undefined) window.RS_MODULES.checkMinimal()}\n\t\t\t\t<\/script>\n\t\t\t<\/rs-module-wrap>\n\t\t\t<!-- END REVOLUTION SLIDER -->\n Individuelle Systeme erfordern individuelle Software. Fast immer sind die f\u00fcr unsere Kunden entwickelten Systeme nicht mehr alleinstehend, sondern auf vielf\u00e4ltige Art vernetzt. Diese Vernetzung bedingt in den meisten F\u00e4llen entsprechende Konfigurationssoftware oder sogar ein komplexes Cloud gest\u00fctztes System. Wir haben uns darauf spezialisiert die passende Anwendungssoftware f\u00fcr solche Systeme zu entwickeln, sei es [&hellip;]<\/p>\n","protected":false},"author":1,"featured_media":0,"parent":0,"menu_order":0,"comment_status":"closed","ping_status":"closed","template":"","meta":{"_et_pb_use_builder":"on","_et_pb_old_content":"","_et_gb_content_width":"","footnotes":""},"class_list":["post-1340","page","type-page","status-publish","hentry"],"_links":{"self":[{"href":"https:\/\/www.sotronix.de\/index.php\/wp-json\/wp\/v2\/pages\/1340","targetHints":{"allow":["GET"]}}],"collection":[{"href":"https:\/\/www.sotronix.de\/index.php\/wp-json\/wp\/v2\/pages"}],"about":[{"href":"https:\/\/www.sotronix.de\/index.php\/wp-json\/wp\/v2\/types\/page"}],"author":[{"embeddable":true,"href":"https:\/\/www.sotronix.de\/index.php\/wp-json\/wp\/v2\/users\/1"}],"replies":[{"embeddable":true,"href":"https:\/\/www.sotronix.de\/index.php\/wp-json\/wp\/v2\/comments?post=1340"}],"version-history":[{"count":48,"href":"https:\/\/www.sotronix.de\/index.php\/wp-json\/wp\/v2\/pages\/1340\/revisions"}],"predecessor-version":[{"id":1997,"href":"https:\/\/www.sotronix.de\/index.php\/wp-json\/wp\/v2\/pages\/1340\/revisions\/1997"}],"wp:attachment":[{"href":"https:\/\/www.sotronix.de\/index.php\/wp-json\/wp\/v2\/media?parent=1340"}],"curies":[{"name":"wp","href":"https:\/\/api.w.org\/{rel}","templated":true}]}}