{"id":1288,"date":"2015-04-15T13:42:35","date_gmt":"2015-04-15T11:42:35","guid":{"rendered":"https:\/\/www.sotronix.de\/?page_id=1288"},"modified":"2018-08-03T16:00:58","modified_gmt":"2018-08-03T14:00:58","slug":"elektronikentwicklung-3","status":"publish","type":"page","link":"https:\/\/www.sotronix.de\/index.php\/elektronikentwicklung-3\/","title":{"rendered":"Elektronikentwicklung"},"content":{"rendered":"<p>[et_pb_section bb_built=&#8220;1&#8243; fullwidth=&#8220;on&#8220; _builder_version=&#8220;3.9&#8243; background_size=&#8220;contain&#8220; next_background_color=&#8220;#000000&#8243;][et_pb_fullwidth_code admin_label=&#8220;%91rev_slider sliderElektronikEntwicklung%93&#8243; _builder_version=&#8220;3.9&#8243; custom_margin=&#8220;-80px|||&#8220; custom_margin_tablet=&#8220;-20px|||&#8220; custom_margin_phone=&#8220;-10px|||&#8220; custom_margin_last_edited=&#8220;on|desktop&#8220;]\n\t\t\t<!-- START SliderElektronikEntwicklung REVOLUTION SLIDER 6.6.16 --><p class=\"rs-p-wp-fix\"><\/p>\n\t\t\t<rs-module-wrap id=\"rev_slider_14_1_wrapper\" data-source=\"gallery\" data-aimg=\"\"  style=\"visibility:hidden;background:#E9E9E9;padding:0;margin:0px auto;margin-top:0;margin-bottom:0;\">\n\t\t\t\t<rs-module id=\"rev_slider_14_1\" style=\"\" data-version=\"6.6.16\">\n\t\t\t\t\t<rs-slides style=\"overflow: hidden; position: absolute;\">\n\t\t\t\t\t\t<rs-slide style=\"position: absolute;\" data-key=\"rs-44\" data-title=\"Slide\" data-anim=\"ms:50;\" data-in=\"o:1;\" data-out=\"o:1;\">\n\t\t\t\t\t\t\t<img decoding=\"async\" src=\"\/\/www.sotronix.de\/wp-content\/plugins\/revslider\/public\/assets\/assets\/dummy.png\" alt=\"\" title=\"Elektronikentwicklung\" class=\"rev-slidebg tp-rs-img rs-lazyload\" data-lazyload=\"\/\/www.sotronix.de\/wp-content\/uploads\/2014\/09\/HeaderGrid.png\" data-bg=\"p:center top;\" data-no-retina>\n<!--\n\t\t\t\t\t\t\t--><rs-layer\n\t\t\t\t\t\t\t\tid=\"slider-14-slide-44-layer-1\" \n\t\t\t\t\t\t\t\tdata-type=\"image\"\n\t\t\t\t\t\t\t\tdata-rsp_ch=\"on\"\n\t\t\t\t\t\t\t\tdata-xy=\"x:r;y:b;yo:-10px;\"\n\t\t\t\t\t\t\t\tdata-text=\"l:22;a:inherit;\"\n\t\t\t\t\t\t\t\tdata-dim=\"w:985;h:689;\"\n\t\t\t\t\t\t\t\tdata-frame_0=\"o:1;\"\n\t\t\t\t\t\t\t\tdata-frame_999=\"o:1;st:w;\"\n\t\t\t\t\t\t\t\tstyle=\"z-index:5;\"\n\t\t\t\t\t\t\t><img decoding=\"async\" src=\"\/\/www.sotronix.de\/wp-content\/plugins\/revslider\/public\/assets\/assets\/dummy.png\" alt=\"\" class=\"tp-rs-img rs-lazyload\" width=\"900\" height=\"600\" data-lazyload=\"\/\/www.sotronix.de\/wp-content\/uploads\/2015\/04\/Elektronikentwicklung.png\" data-no-retina> \n\t\t\t\t\t\t\t<\/rs-layer><!--\n\n\t\t\t\t\t\t\t--><rs-layer\n\t\t\t\t\t\t\t\tid=\"slider-14-slide-44-layer-2\" \n\t\t\t\t\t\t\t\tclass=\"large_bold_grey\"\n\t\t\t\t\t\t\t\tdata-type=\"text\"\n\t\t\t\t\t\t\t\tdata-color=\"#666666\"\n\t\t\t\t\t\t\t\tdata-rsp_ch=\"on\"\n\t\t\t\t\t\t\t\tdata-xy=\"x:219px;y:183px;\"\n\t\t\t\t\t\t\t\tdata-text=\"s:50;l:60;fw:800;a:inherit;\"\n\t\t\t\t\t\t\t\tdata-padding=\"t:1;r:4;l:4;\"\n\t\t\t\t\t\t\t\tdata-frame_0=\"o:1;\"\n\t\t\t\t\t\t\t\tdata-frame_999=\"o:1;st:w;\"\n\t\t\t\t\t\t\t\tstyle=\"z-index:6;font-family:'Open Sans';\"\n\t\t\t\t\t\t\t>Firmwareentwicklung \n\t\t\t\t\t\t\t<\/rs-layer><!--\n\n\t\t\t\t\t\t\t--><rs-layer\n\t\t\t\t\t\t\t\tid=\"slider-14-slide-44-layer-3\" \n\t\t\t\t\t\t\t\tclass=\"large_bold_grey\"\n\t\t\t\t\t\t\t\tdata-type=\"text\"\n\t\t\t\t\t\t\t\tdata-color=\"#666666\"\n\t\t\t\t\t\t\t\tdata-rsp_ch=\"on\"\n\t\t\t\t\t\t\t\tdata-xy=\"x:220px;y:245px;\"\n\t\t\t\t\t\t\t\tdata-text=\"s:50;l:60;fw:800;a:inherit;\"\n\t\t\t\t\t\t\t\tdata-padding=\"t:1;r:4;l:4;\"\n\t\t\t\t\t\t\t\tdata-frame_0=\"o:1;\"\n\t\t\t\t\t\t\t\tdata-frame_999=\"o:1;st:w;\"\n\t\t\t\t\t\t\t\tstyle=\"z-index:7;font-family:'Open Sans';\"\n\t\t\t\t\t\t\t>in C und C++ \n\t\t\t\t\t\t\t<\/rs-layer><!--\n\n\t\t\t\t\t\t\t--><rs-layer\n\t\t\t\t\t\t\t\tid=\"slider-14-slide-44-layer-4\" \n\t\t\t\t\t\t\t\tclass=\"Sot_Slider_Text_Black\"\n\t\t\t\t\t\t\t\tdata-type=\"text\"\n\t\t\t\t\t\t\t\tdata-color=\"#666666\"\n\t\t\t\t\t\t\t\tdata-rsp_ch=\"on\"\n\t\t\t\t\t\t\t\tdata-xy=\"x:220px;y:322px;\"\n\t\t\t\t\t\t\t\tdata-text=\"s:37;a:inherit;\"\n\t\t\t\t\t\t\t\tdata-dim=\"h:37px;\"\n\t\t\t\t\t\t\t\tdata-frame_0=\"o:1;\"\n\t\t\t\t\t\t\t\tdata-frame_999=\"o:1;st:w;\"\n\t\t\t\t\t\t\t\tstyle=\"z-index:8;font-family:'Open Sans';\"\n\t\t\t\t\t\t\t>Schaltungs- und Layoutdesign \n\t\t\t\t\t\t\t<\/rs-layer><!--\n\n\t\t\t\t\t\t\t--><rs-layer\n\t\t\t\t\t\t\t\tid=\"slider-14-slide-44-layer-5\" \n\t\t\t\t\t\t\t\tclass=\"Sot_Slider_Text_Black\"\n\t\t\t\t\t\t\t\tdata-type=\"text\"\n\t\t\t\t\t\t\t\tdata-color=\"#666666\"\n\t\t\t\t\t\t\t\tdata-rsp_ch=\"on\"\n\t\t\t\t\t\t\t\tdata-xy=\"x:220px;y:369px;\"\n\t\t\t\t\t\t\t\tdata-text=\"s:37;a:inherit;\"\n\t\t\t\t\t\t\t\tdata-dim=\"h:41px;\"\n\t\t\t\t\t\t\t\tdata-frame_0=\"o:1;\"\n\t\t\t\t\t\t\t\tdata-frame_999=\"o:1;st:w;\"\n\t\t\t\t\t\t\t\tstyle=\"z-index:9;font-family:'Open Sans';\"\n\t\t\t\t\t\t\t>(Altium Designer) \n\t\t\t\t\t\t\t<\/rs-layer><!--\n\n\t\t\t\t\t\t\t--><rs-layer\n\t\t\t\t\t\t\t\tid=\"slider-14-slide-44-layer-6\" \n\t\t\t\t\t\t\t\tclass=\"Sot_Slider_Text_Black\"\n\t\t\t\t\t\t\t\tdata-type=\"text\"\n\t\t\t\t\t\t\t\tdata-color=\"#666666\"\n\t\t\t\t\t\t\t\tdata-rsp_ch=\"on\"\n\t\t\t\t\t\t\t\tdata-xy=\"x:222px;y:421px;\"\n\t\t\t\t\t\t\t\tdata-text=\"s:37;a:inherit;\"\n\t\t\t\t\t\t\t\tdata-dim=\"h:43px;\"\n\t\t\t\t\t\t\t\tdata-frame_0=\"o:1;\"\n\t\t\t\t\t\t\t\tdata-frame_999=\"o:1;st:w;\"\n\t\t\t\t\t\t\t\tstyle=\"z-index:10;font-family:'Open Sans';\"\n\t\t\t\t\t\t\t>Lieferung von Baugruppen \n\t\t\t\t\t\t\t<\/rs-layer><!--\n-->\t\t\t\t\t\t<\/rs-slide>\n\t\t\t\t\t\t<rs-slide style=\"position: absolute;\" data-key=\"rs-441\" data-title=\"Slide\" data-anim=\"ms:50;\" data-in=\"o:1;\" data-out=\"o:1;\">\n\t\t\t\t\t\t\t<img decoding=\"async\" src=\"\/\/www.sotronix.de\/wp-content\/plugins\/revslider\/public\/assets\/assets\/dummy.png\" alt=\"\" title=\"Elektronikentwicklung\" class=\"rev-slidebg tp-rs-img rs-lazyload\" data-lazyload=\"\/\/www.sotronix.de\/wp-content\/uploads\/2014\/09\/HeaderGrid.png\" data-bg=\"p:center top;\" data-no-retina>\n<!--\n\t\t\t\t\t\t\t--><rs-layer\n\t\t\t\t\t\t\t\tid=\"slider-14-slide-441-layer-1\" \n\t\t\t\t\t\t\t\tdata-type=\"image\"\n\t\t\t\t\t\t\t\tdata-rsp_ch=\"on\"\n\t\t\t\t\t\t\t\tdata-xy=\"x:r;y:b;yo:-10px;\"\n\t\t\t\t\t\t\t\tdata-text=\"l:22;a:inherit;\"\n\t\t\t\t\t\t\t\tdata-dim=\"w:985;h:689;\"\n\t\t\t\t\t\t\t\tdata-frame_0=\"o:1;\"\n\t\t\t\t\t\t\t\tdata-frame_999=\"o:1;st:w;\"\n\t\t\t\t\t\t\t\tstyle=\"z-index:5;\"\n\t\t\t\t\t\t\t><img decoding=\"async\" src=\"\/\/www.sotronix.de\/wp-content\/plugins\/revslider\/public\/assets\/assets\/dummy.png\" alt=\"\" class=\"tp-rs-img rs-lazyload\" width=\"900\" height=\"600\" data-lazyload=\"\/\/www.sotronix.de\/wp-content\/uploads\/2015\/04\/Elektronikentwicklung.png\" data-no-retina> \n\t\t\t\t\t\t\t<\/rs-layer><!--\n\n\t\t\t\t\t\t\t--><rs-layer\n\t\t\t\t\t\t\t\tid=\"slider-14-slide-441-layer-2\" \n\t\t\t\t\t\t\t\tclass=\"large_bold_grey\"\n\t\t\t\t\t\t\t\tdata-type=\"text\"\n\t\t\t\t\t\t\t\tdata-color=\"#666666\"\n\t\t\t\t\t\t\t\tdata-rsp_ch=\"on\"\n\t\t\t\t\t\t\t\tdata-xy=\"x:219px;y:183px;\"\n\t\t\t\t\t\t\t\tdata-text=\"s:50;l:60;fw:800;a:inherit;\"\n\t\t\t\t\t\t\t\tdata-padding=\"t:1;r:4;l:4;\"\n\t\t\t\t\t\t\t\tdata-frame_0=\"o:1;\"\n\t\t\t\t\t\t\t\tdata-frame_999=\"o:1;st:w;\"\n\t\t\t\t\t\t\t\tstyle=\"z-index:6;font-family:'Open Sans';\"\n\t\t\t\t\t\t\t>Firmwareentwicklung \n\t\t\t\t\t\t\t<\/rs-layer><!--\n\n\t\t\t\t\t\t\t--><rs-layer\n\t\t\t\t\t\t\t\tid=\"slider-14-slide-441-layer-3\" \n\t\t\t\t\t\t\t\tclass=\"large_bold_grey\"\n\t\t\t\t\t\t\t\tdata-type=\"text\"\n\t\t\t\t\t\t\t\tdata-color=\"#666666\"\n\t\t\t\t\t\t\t\tdata-rsp_ch=\"on\"\n\t\t\t\t\t\t\t\tdata-xy=\"x:220px;y:245px;\"\n\t\t\t\t\t\t\t\tdata-text=\"s:50;l:60;fw:800;a:inherit;\"\n\t\t\t\t\t\t\t\tdata-padding=\"t:1;r:4;l:4;\"\n\t\t\t\t\t\t\t\tdata-frame_0=\"o:1;\"\n\t\t\t\t\t\t\t\tdata-frame_999=\"o:1;st:w;\"\n\t\t\t\t\t\t\t\tstyle=\"z-index:7;font-family:'Open Sans';\"\n\t\t\t\t\t\t\t>in C und C++ \n\t\t\t\t\t\t\t<\/rs-layer><!--\n\n\t\t\t\t\t\t\t--><rs-layer\n\t\t\t\t\t\t\t\tid=\"slider-14-slide-441-layer-4\" \n\t\t\t\t\t\t\t\tclass=\"Sot_Slider_Text_Black\"\n\t\t\t\t\t\t\t\tdata-type=\"text\"\n\t\t\t\t\t\t\t\tdata-color=\"#666666\"\n\t\t\t\t\t\t\t\tdata-rsp_ch=\"on\"\n\t\t\t\t\t\t\t\tdata-xy=\"x:220px;y:322px;\"\n\t\t\t\t\t\t\t\tdata-text=\"s:37;a:inherit;\"\n\t\t\t\t\t\t\t\tdata-dim=\"h:37px;\"\n\t\t\t\t\t\t\t\tdata-frame_0=\"o:1;\"\n\t\t\t\t\t\t\t\tdata-frame_999=\"o:1;st:w;\"\n\t\t\t\t\t\t\t\tstyle=\"z-index:8;font-family:'Open Sans';\"\n\t\t\t\t\t\t\t>Schaltungs- und Layoutdesign \n\t\t\t\t\t\t\t<\/rs-layer><!--\n\n\t\t\t\t\t\t\t--><rs-layer\n\t\t\t\t\t\t\t\tid=\"slider-14-slide-441-layer-5\" \n\t\t\t\t\t\t\t\tclass=\"Sot_Slider_Text_Black\"\n\t\t\t\t\t\t\t\tdata-type=\"text\"\n\t\t\t\t\t\t\t\tdata-color=\"#666666\"\n\t\t\t\t\t\t\t\tdata-rsp_ch=\"on\"\n\t\t\t\t\t\t\t\tdata-xy=\"x:220px;y:369px;\"\n\t\t\t\t\t\t\t\tdata-text=\"s:37;a:inherit;\"\n\t\t\t\t\t\t\t\tdata-dim=\"h:41px;\"\n\t\t\t\t\t\t\t\tdata-frame_0=\"o:1;\"\n\t\t\t\t\t\t\t\tdata-frame_999=\"o:1;st:w;\"\n\t\t\t\t\t\t\t\tstyle=\"z-index:9;font-family:'Open Sans';\"\n\t\t\t\t\t\t\t>(Altium Designer) \n\t\t\t\t\t\t\t<\/rs-layer><!--\n\n\t\t\t\t\t\t\t--><rs-layer\n\t\t\t\t\t\t\t\tid=\"slider-14-slide-441-layer-6\" \n\t\t\t\t\t\t\t\tclass=\"Sot_Slider_Text_Black\"\n\t\t\t\t\t\t\t\tdata-type=\"text\"\n\t\t\t\t\t\t\t\tdata-color=\"#666666\"\n\t\t\t\t\t\t\t\tdata-rsp_ch=\"on\"\n\t\t\t\t\t\t\t\tdata-xy=\"x:222px;y:421px;\"\n\t\t\t\t\t\t\t\tdata-text=\"s:37;a:inherit;\"\n\t\t\t\t\t\t\t\tdata-dim=\"h:43px;\"\n\t\t\t\t\t\t\t\tdata-frame_0=\"o:1;\"\n\t\t\t\t\t\t\t\tdata-frame_999=\"o:1;st:w;\"\n\t\t\t\t\t\t\t\tstyle=\"z-index:10;font-family:'Open Sans';\"\n\t\t\t\t\t\t\t>Lieferung von Baugruppen \n\t\t\t\t\t\t\t<\/rs-layer><!--\n-->\t\t\t\t\t\t<\/rs-slide>\n\t\t\t\t\t<\/rs-slides>\n\t\t\t\t<\/rs-module>\n\t\t\t\t<script>\n\t\t\t\t\tsetREVStartSize({c: 'rev_slider_14_1',rl:[1240,1024,768,480],el:[600],gw:[1920],gh:[600],type:'standard',justify:'',layout:'fullwidth',mh:\"0px\"});if (window.RS_MODULES!==undefined && window.RS_MODULES.modules!==undefined && window.RS_MODULES.modules[\"revslider141\"]!==undefined) {window.RS_MODULES.modules[\"revslider141\"].once = false;window.revapi14 = undefined;if (window.RS_MODULES.checkMinimal!==undefined) window.RS_MODULES.checkMinimal()}\n\t\t\t\t<\/script>\n\t\t\t<\/rs-module-wrap>\n\t\t\t<!-- END REVOLUTION SLIDER -->\n[\/et_pb_fullwidth_code][\/et_pb_section][et_pb_section bb_built=&#8220;1&#8243; _builder_version=&#8220;3.9&#8243; background_color=&#8220;#ffffff&#8220; custom_padding=&#8220;20px|||&#8220; prev_background_color=&#8220;#000000&#8243;][et_pb_row custom_padding=&#8220;27px|0px|0|0px|false|false&#8220; _builder_version=&#8220;3.9&#8243;][et_pb_column type=&#8220;4_4&#8243;][et_pb_text admin_label=&#8220;Normen, Pr\u00fcfungen, Schaltungen, Software \u2026&#8220; _builder_version=&#8220;3.9&#8243; text_font_size=&#8220;16px&#8220; header_line_height=&#8220;1.4em&#8220;]<\/p>\n<h1>Normen, Pr\u00fcfungen, Schaltungen, Software \u2026<br \/>\nDer Bereich der Elektronikentwicklung ist ein weites Feld.<\/h1>\n<p>[\/et_pb_text][et_pb_text admin_label=&#8220;Wir sehen unsere Aufgabe darin,&#8220; _builder_version=&#8220;3.9&#8243; text_font_size=&#8220;16px&#8220; header_line_height=&#8220;1.4em&#8220; header_2_font_size=&#8220;20px&#8220;]<\/p>\n<h2><span style=\"color: #80bc00;\">Wir sehen unsere Aufgabe darin, Ihre Ideen nach den einschl\u00e4gigen Vorschriften umzusetzen und zu einem erfolgreichen Produkt zu f\u00fchren.<\/span><\/h2>\n<p>[\/et_pb_text][\/et_pb_column][\/et_pb_row][et_pb_row custom_padding=&#8220;24px|0px|0|0px|false|false&#8220; _builder_version=&#8220;3.0.48&#8243; background_size=&#8220;initial&#8220; background_position=&#8220;top_left&#8220; background_repeat=&#8220;repeat&#8220;][et_pb_column type=&#8220;1_2&#8243;][et_pb_text admin_label=&#8220;Neuentwicklung elektronischer Systeme&#8220; _builder_version=&#8220;3.9&#8243;]<\/p>\n<h3>Neuentwicklung elektronischer Systeme<\/h3>\n<p>Sie m\u00f6chten eine Produktidee realisieren und sind auf der Suche nach einem passenden Dienstleister? Lassen Sie uns miteinander sprechen.<\/p>\n<p>Wir bieten Ihnen von der ersten Beratung bis zur Lieferung komplett gepr\u00fcfter Baugruppen alles aus einer Hand an.<\/p>\n<p>[\/et_pb_text][\/et_pb_column][et_pb_column type=&#8220;1_2&#8243;][et_pb_text admin_label=&#8220;Ein Ausschnitt aus unserem Leistungspektrum&#8220; _builder_version=&#8220;3.9&#8243;]<\/p>\n<h3>Ein Ausschnitt aus unserem Leistungspektrum<\/h3>\n<ul>\n<li>Layouterstellung<\/li>\n<li>Einsatz verschiedener \u00b5Controller (8, 16 und 32 Bit)<\/li>\n<li>Firmwareerstellung in Assembler, C oder C++<\/li>\n<li>Verschiedene Bussysteme, I2C, RS485, USB usw.<\/li>\n<li>CPLD und FPGA in VHDL<\/li>\n<li>Termingerechte Lieferung von Baugruppen<\/li>\n<li>Vieles mehr, bitte fragen Sie uns oder werfen einen Blick auf unsere Referenzen<\/li>\n<\/ul>\n<p>[\/et_pb_text][\/et_pb_column][\/et_pb_row][et_pb_row custom_padding=&#8220;0|0px|27px|0px|false|false&#8220; _builder_version=&#8220;3.0.48&#8243; background_size=&#8220;initial&#8220; background_position=&#8220;top_left&#8220; background_repeat=&#8220;repeat&#8220;][et_pb_column type=&#8220;1_2&#8243;][et_pb_text admin_label=&#8220;Nachentwicklung vorhandener Systeme&#8220; _builder_version=&#8220;3.9&#8243;]<\/p>\n<h3>Nachentwicklung vorhandener Systeme<\/h3>\n<p>Sie haben Ihr Produkt erfolgreich in den Markt eingef\u00fchrt und m\u00f6chten jetzt (warum auch immer) nicht mehr mit dem urspr\u00fcnglichen Entwicklungsb\u00fcro zusammenarbeiten? Abh\u00e4ngig von den vorhandenen Unterlagen (Schaltpl\u00e4ne, Layouts, Quellcodes und Dokumentation) erarbeiten wir mit Ihnen das weitere Vorgehen.<\/p>\n<p>Im besten Fall sind Sie im Besitz aller erforderlichen Quellcodes und Schaltungsunterlagen. Zusammen mit Ihnen pr\u00fcfen wir dann, inwiefern wir diese \u00fcbernehmen und fortf\u00fchren k\u00f6nnen.<\/p>\n<p>Oftmals ist es jedoch der Fall, dass keine Vereinbarung auf Lieferung der Quellcodes mit dem Entwicklungsb\u00fcro getroffen wurde. In diesem Fall erarbeiten wir zusammen mit Ihnen einen Weg das Produkt an den aktuellen Stand der Technik anzupassen.<\/p>\n<p>[\/et_pb_text][\/et_pb_column][et_pb_column type=&#8220;1_2&#8243;][et_pb_text admin_label=&#8220;Ein Ausschnitt aus unserem Leistungspektrum&#8220; _builder_version=&#8220;3.9&#8243;]<\/p>\n<h3>EMV-Pr\u00fcfung<\/h3>\n<p>Gern wird die EMV-Pr\u00fcfung als ein notwendiges \u00dcbel gesehen, dass m\u00f6glichst lange und weit hinausgeschoben wird. So gut wir das verstehen k\u00f6nnen, so dringend m\u00f6chten wir davon abraten. Erwiesenerma\u00dfen werden die Kosten f\u00fcr m\u00f6glicherweise notwendige Design\u00e4nderungen umso h\u00f6her je sp\u00e4ter die EMV-Probleme erkannt werden.<\/p>\n<p>In enger Zusammenarbeit mit einem akkreditierten Labor f\u00fchren wir entwicklungsbegleitende- als auch abschlie\u00dfende Pr\u00fcfungen durch.<\/p>\n<p>[\/et_pb_text][\/et_pb_column][\/et_pb_row][\/et_pb_section]<\/p>\n","protected":false},"excerpt":{"rendered":"<p>\n\t\t\t<!-- START SliderElektronikEntwicklung REVOLUTION SLIDER 6.6.16 --><p class=\"rs-p-wp-fix\"><\/p>\n\t\t\t<rs-module-wrap id=\"rev_slider_14_2_wrapper\" data-source=\"gallery\" data-aimg=\"\"  style=\"visibility:hidden;background:#E9E9E9;padding:0;margin:0px auto;margin-top:0;margin-bottom:0;\">\n\t\t\t\t<rs-module id=\"rev_slider_14_2\" style=\"\" data-version=\"6.6.16\">\n\t\t\t\t\t<rs-slides style=\"overflow: hidden; position: absolute;\">\n\t\t\t\t\t\t<rs-slide style=\"position: absolute;\" data-key=\"rs-44\" data-title=\"Slide\" data-anim=\"ms:50;\" data-in=\"o:1;\" data-out=\"o:1;\">\n\t\t\t\t\t\t\t<img decoding=\"async\" src=\"\/\/www.sotronix.de\/wp-content\/plugins\/revslider\/public\/assets\/assets\/dummy.png\" alt=\"\" title=\"Elektronikentwicklung\" class=\"rev-slidebg tp-rs-img rs-lazyload\" data-lazyload=\"\/\/www.sotronix.de\/wp-content\/uploads\/2014\/09\/HeaderGrid.png\" data-bg=\"p:center top;\" data-no-retina>\n<!--\n\t\t\t\t\t\t\t--><rs-layer\n\t\t\t\t\t\t\t\tid=\"slider-14-slide-44-layer-1\" \n\t\t\t\t\t\t\t\tdata-type=\"image\"\n\t\t\t\t\t\t\t\tdata-rsp_ch=\"on\"\n\t\t\t\t\t\t\t\tdata-xy=\"x:r;y:b;yo:-10px;\"\n\t\t\t\t\t\t\t\tdata-text=\"l:22;a:inherit;\"\n\t\t\t\t\t\t\t\tdata-dim=\"w:985;h:689;\"\n\t\t\t\t\t\t\t\tdata-frame_0=\"o:1;\"\n\t\t\t\t\t\t\t\tdata-frame_999=\"o:1;st:w;\"\n\t\t\t\t\t\t\t\tstyle=\"z-index:5;\"\n\t\t\t\t\t\t\t><img decoding=\"async\" src=\"\/\/www.sotronix.de\/wp-content\/plugins\/revslider\/public\/assets\/assets\/dummy.png\" alt=\"\" class=\"tp-rs-img rs-lazyload\" width=\"900\" height=\"600\" data-lazyload=\"\/\/www.sotronix.de\/wp-content\/uploads\/2015\/04\/Elektronikentwicklung.png\" data-no-retina> \n\t\t\t\t\t\t\t<\/rs-layer><!--\n\n\t\t\t\t\t\t\t--><rs-layer\n\t\t\t\t\t\t\t\tid=\"slider-14-slide-44-layer-2\" \n\t\t\t\t\t\t\t\tclass=\"large_bold_grey\"\n\t\t\t\t\t\t\t\tdata-type=\"text\"\n\t\t\t\t\t\t\t\tdata-color=\"#666666\"\n\t\t\t\t\t\t\t\tdata-rsp_ch=\"on\"\n\t\t\t\t\t\t\t\tdata-xy=\"x:219px;y:183px;\"\n\t\t\t\t\t\t\t\tdata-text=\"s:50;l:60;fw:800;a:inherit;\"\n\t\t\t\t\t\t\t\tdata-padding=\"t:1;r:4;l:4;\"\n\t\t\t\t\t\t\t\tdata-frame_0=\"o:1;\"\n\t\t\t\t\t\t\t\tdata-frame_999=\"o:1;st:w;\"\n\t\t\t\t\t\t\t\tstyle=\"z-index:6;font-family:'Open Sans';\"\n\t\t\t\t\t\t\t>Firmwareentwicklung \n\t\t\t\t\t\t\t<\/rs-layer><!--\n\n\t\t\t\t\t\t\t--><rs-layer\n\t\t\t\t\t\t\t\tid=\"slider-14-slide-44-layer-3\" \n\t\t\t\t\t\t\t\tclass=\"large_bold_grey\"\n\t\t\t\t\t\t\t\tdata-type=\"text\"\n\t\t\t\t\t\t\t\tdata-color=\"#666666\"\n\t\t\t\t\t\t\t\tdata-rsp_ch=\"on\"\n\t\t\t\t\t\t\t\tdata-xy=\"x:220px;y:245px;\"\n\t\t\t\t\t\t\t\tdata-text=\"s:50;l:60;fw:800;a:inherit;\"\n\t\t\t\t\t\t\t\tdata-padding=\"t:1;r:4;l:4;\"\n\t\t\t\t\t\t\t\tdata-frame_0=\"o:1;\"\n\t\t\t\t\t\t\t\tdata-frame_999=\"o:1;st:w;\"\n\t\t\t\t\t\t\t\tstyle=\"z-index:7;font-family:'Open Sans';\"\n\t\t\t\t\t\t\t>in C und C++ \n\t\t\t\t\t\t\t<\/rs-layer><!--\n\n\t\t\t\t\t\t\t--><rs-layer\n\t\t\t\t\t\t\t\tid=\"slider-14-slide-44-layer-4\" \n\t\t\t\t\t\t\t\tclass=\"Sot_Slider_Text_Black\"\n\t\t\t\t\t\t\t\tdata-type=\"text\"\n\t\t\t\t\t\t\t\tdata-color=\"#666666\"\n\t\t\t\t\t\t\t\tdata-rsp_ch=\"on\"\n\t\t\t\t\t\t\t\tdata-xy=\"x:220px;y:322px;\"\n\t\t\t\t\t\t\t\tdata-text=\"s:37;a:inherit;\"\n\t\t\t\t\t\t\t\tdata-dim=\"h:37px;\"\n\t\t\t\t\t\t\t\tdata-frame_0=\"o:1;\"\n\t\t\t\t\t\t\t\tdata-frame_999=\"o:1;st:w;\"\n\t\t\t\t\t\t\t\tstyle=\"z-index:8;font-family:'Open Sans';\"\n\t\t\t\t\t\t\t>Schaltungs- und Layoutdesign \n\t\t\t\t\t\t\t<\/rs-layer><!--\n\n\t\t\t\t\t\t\t--><rs-layer\n\t\t\t\t\t\t\t\tid=\"slider-14-slide-44-layer-5\" \n\t\t\t\t\t\t\t\tclass=\"Sot_Slider_Text_Black\"\n\t\t\t\t\t\t\t\tdata-type=\"text\"\n\t\t\t\t\t\t\t\tdata-color=\"#666666\"\n\t\t\t\t\t\t\t\tdata-rsp_ch=\"on\"\n\t\t\t\t\t\t\t\tdata-xy=\"x:220px;y:369px;\"\n\t\t\t\t\t\t\t\tdata-text=\"s:37;a:inherit;\"\n\t\t\t\t\t\t\t\tdata-dim=\"h:41px;\"\n\t\t\t\t\t\t\t\tdata-frame_0=\"o:1;\"\n\t\t\t\t\t\t\t\tdata-frame_999=\"o:1;st:w;\"\n\t\t\t\t\t\t\t\tstyle=\"z-index:9;font-family:'Open Sans';\"\n\t\t\t\t\t\t\t>(Altium Designer) \n\t\t\t\t\t\t\t<\/rs-layer><!--\n\n\t\t\t\t\t\t\t--><rs-layer\n\t\t\t\t\t\t\t\tid=\"slider-14-slide-44-layer-6\" \n\t\t\t\t\t\t\t\tclass=\"Sot_Slider_Text_Black\"\n\t\t\t\t\t\t\t\tdata-type=\"text\"\n\t\t\t\t\t\t\t\tdata-color=\"#666666\"\n\t\t\t\t\t\t\t\tdata-rsp_ch=\"on\"\n\t\t\t\t\t\t\t\tdata-xy=\"x:222px;y:421px;\"\n\t\t\t\t\t\t\t\tdata-text=\"s:37;a:inherit;\"\n\t\t\t\t\t\t\t\tdata-dim=\"h:43px;\"\n\t\t\t\t\t\t\t\tdata-frame_0=\"o:1;\"\n\t\t\t\t\t\t\t\tdata-frame_999=\"o:1;st:w;\"\n\t\t\t\t\t\t\t\tstyle=\"z-index:10;font-family:'Open Sans';\"\n\t\t\t\t\t\t\t>Lieferung von Baugruppen \n\t\t\t\t\t\t\t<\/rs-layer><!--\n-->\t\t\t\t\t\t<\/rs-slide>\n\t\t\t\t\t\t<rs-slide style=\"position: absolute;\" data-key=\"rs-441\" data-title=\"Slide\" data-anim=\"ms:50;\" data-in=\"o:1;\" data-out=\"o:1;\">\n\t\t\t\t\t\t\t<img decoding=\"async\" src=\"\/\/www.sotronix.de\/wp-content\/plugins\/revslider\/public\/assets\/assets\/dummy.png\" alt=\"\" title=\"Elektronikentwicklung\" class=\"rev-slidebg tp-rs-img rs-lazyload\" data-lazyload=\"\/\/www.sotronix.de\/wp-content\/uploads\/2014\/09\/HeaderGrid.png\" data-bg=\"p:center top;\" data-no-retina>\n<!--\n\t\t\t\t\t\t\t--><rs-layer\n\t\t\t\t\t\t\t\tid=\"slider-14-slide-441-layer-1\" \n\t\t\t\t\t\t\t\tdata-type=\"image\"\n\t\t\t\t\t\t\t\tdata-rsp_ch=\"on\"\n\t\t\t\t\t\t\t\tdata-xy=\"x:r;y:b;yo:-10px;\"\n\t\t\t\t\t\t\t\tdata-text=\"l:22;a:inherit;\"\n\t\t\t\t\t\t\t\tdata-dim=\"w:985;h:689;\"\n\t\t\t\t\t\t\t\tdata-frame_0=\"o:1;\"\n\t\t\t\t\t\t\t\tdata-frame_999=\"o:1;st:w;\"\n\t\t\t\t\t\t\t\tstyle=\"z-index:5;\"\n\t\t\t\t\t\t\t><img decoding=\"async\" src=\"\/\/www.sotronix.de\/wp-content\/plugins\/revslider\/public\/assets\/assets\/dummy.png\" alt=\"\" class=\"tp-rs-img rs-lazyload\" width=\"900\" height=\"600\" data-lazyload=\"\/\/www.sotronix.de\/wp-content\/uploads\/2015\/04\/Elektronikentwicklung.png\" data-no-retina> \n\t\t\t\t\t\t\t<\/rs-layer><!--\n\n\t\t\t\t\t\t\t--><rs-layer\n\t\t\t\t\t\t\t\tid=\"slider-14-slide-441-layer-2\" \n\t\t\t\t\t\t\t\tclass=\"large_bold_grey\"\n\t\t\t\t\t\t\t\tdata-type=\"text\"\n\t\t\t\t\t\t\t\tdata-color=\"#666666\"\n\t\t\t\t\t\t\t\tdata-rsp_ch=\"on\"\n\t\t\t\t\t\t\t\tdata-xy=\"x:219px;y:183px;\"\n\t\t\t\t\t\t\t\tdata-text=\"s:50;l:60;fw:800;a:inherit;\"\n\t\t\t\t\t\t\t\tdata-padding=\"t:1;r:4;l:4;\"\n\t\t\t\t\t\t\t\tdata-frame_0=\"o:1;\"\n\t\t\t\t\t\t\t\tdata-frame_999=\"o:1;st:w;\"\n\t\t\t\t\t\t\t\tstyle=\"z-index:6;font-family:'Open Sans';\"\n\t\t\t\t\t\t\t>Firmwareentwicklung \n\t\t\t\t\t\t\t<\/rs-layer><!--\n\n\t\t\t\t\t\t\t--><rs-layer\n\t\t\t\t\t\t\t\tid=\"slider-14-slide-441-layer-3\" \n\t\t\t\t\t\t\t\tclass=\"large_bold_grey\"\n\t\t\t\t\t\t\t\tdata-type=\"text\"\n\t\t\t\t\t\t\t\tdata-color=\"#666666\"\n\t\t\t\t\t\t\t\tdata-rsp_ch=\"on\"\n\t\t\t\t\t\t\t\tdata-xy=\"x:220px;y:245px;\"\n\t\t\t\t\t\t\t\tdata-text=\"s:50;l:60;fw:800;a:inherit;\"\n\t\t\t\t\t\t\t\tdata-padding=\"t:1;r:4;l:4;\"\n\t\t\t\t\t\t\t\tdata-frame_0=\"o:1;\"\n\t\t\t\t\t\t\t\tdata-frame_999=\"o:1;st:w;\"\n\t\t\t\t\t\t\t\tstyle=\"z-index:7;font-family:'Open Sans';\"\n\t\t\t\t\t\t\t>in C und C++ \n\t\t\t\t\t\t\t<\/rs-layer><!--\n\n\t\t\t\t\t\t\t--><rs-layer\n\t\t\t\t\t\t\t\tid=\"slider-14-slide-441-layer-4\" \n\t\t\t\t\t\t\t\tclass=\"Sot_Slider_Text_Black\"\n\t\t\t\t\t\t\t\tdata-type=\"text\"\n\t\t\t\t\t\t\t\tdata-color=\"#666666\"\n\t\t\t\t\t\t\t\tdata-rsp_ch=\"on\"\n\t\t\t\t\t\t\t\tdata-xy=\"x:220px;y:322px;\"\n\t\t\t\t\t\t\t\tdata-text=\"s:37;a:inherit;\"\n\t\t\t\t\t\t\t\tdata-dim=\"h:37px;\"\n\t\t\t\t\t\t\t\tdata-frame_0=\"o:1;\"\n\t\t\t\t\t\t\t\tdata-frame_999=\"o:1;st:w;\"\n\t\t\t\t\t\t\t\tstyle=\"z-index:8;font-family:'Open Sans';\"\n\t\t\t\t\t\t\t>Schaltungs- und Layoutdesign \n\t\t\t\t\t\t\t<\/rs-layer><!--\n\n\t\t\t\t\t\t\t--><rs-layer\n\t\t\t\t\t\t\t\tid=\"slider-14-slide-441-layer-5\" \n\t\t\t\t\t\t\t\tclass=\"Sot_Slider_Text_Black\"\n\t\t\t\t\t\t\t\tdata-type=\"text\"\n\t\t\t\t\t\t\t\tdata-color=\"#666666\"\n\t\t\t\t\t\t\t\tdata-rsp_ch=\"on\"\n\t\t\t\t\t\t\t\tdata-xy=\"x:220px;y:369px;\"\n\t\t\t\t\t\t\t\tdata-text=\"s:37;a:inherit;\"\n\t\t\t\t\t\t\t\tdata-dim=\"h:41px;\"\n\t\t\t\t\t\t\t\tdata-frame_0=\"o:1;\"\n\t\t\t\t\t\t\t\tdata-frame_999=\"o:1;st:w;\"\n\t\t\t\t\t\t\t\tstyle=\"z-index:9;font-family:'Open Sans';\"\n\t\t\t\t\t\t\t>(Altium Designer) \n\t\t\t\t\t\t\t<\/rs-layer><!--\n\n\t\t\t\t\t\t\t--><rs-layer\n\t\t\t\t\t\t\t\tid=\"slider-14-slide-441-layer-6\" \n\t\t\t\t\t\t\t\tclass=\"Sot_Slider_Text_Black\"\n\t\t\t\t\t\t\t\tdata-type=\"text\"\n\t\t\t\t\t\t\t\tdata-color=\"#666666\"\n\t\t\t\t\t\t\t\tdata-rsp_ch=\"on\"\n\t\t\t\t\t\t\t\tdata-xy=\"x:222px;y:421px;\"\n\t\t\t\t\t\t\t\tdata-text=\"s:37;a:inherit;\"\n\t\t\t\t\t\t\t\tdata-dim=\"h:43px;\"\n\t\t\t\t\t\t\t\tdata-frame_0=\"o:1;\"\n\t\t\t\t\t\t\t\tdata-frame_999=\"o:1;st:w;\"\n\t\t\t\t\t\t\t\tstyle=\"z-index:10;font-family:'Open Sans';\"\n\t\t\t\t\t\t\t>Lieferung von Baugruppen \n\t\t\t\t\t\t\t<\/rs-layer><!--\n-->\t\t\t\t\t\t<\/rs-slide>\n\t\t\t\t\t<\/rs-slides>\n\t\t\t\t<\/rs-module>\n\t\t\t\t<script>\n\t\t\t\t\tsetREVStartSize({c: 'rev_slider_14_2',rl:[1240,1024,768,480],el:[600],gw:[1920],gh:[600],type:'standard',justify:'',layout:'fullwidth',mh:\"0px\"});if (window.RS_MODULES!==undefined && window.RS_MODULES.modules!==undefined && window.RS_MODULES.modules[\"revslider142\"]!==undefined) {window.RS_MODULES.modules[\"revslider142\"].once = false;window.revapi14_2 = undefined;if (window.RS_MODULES.checkMinimal!==undefined) window.RS_MODULES.checkMinimal()}\n\t\t\t\t<\/script>\n\t\t\t<\/rs-module-wrap>\n\t\t\t<!-- END REVOLUTION SLIDER -->\n Normen, Pr\u00fcfungen, Schaltungen, Software \u2026 Der Bereich der Elektronikentwicklung ist ein weites Feld. Wir sehen unsere Aufgabe darin, Ihre Ideen nach den einschl\u00e4gigen Vorschriften umzusetzen und zu einem erfolgreichen Produkt zu f\u00fchren. Neuentwicklung elektronischer Systeme Sie m\u00f6chten eine Produktidee realisieren und sind auf der Suche nach einem passenden Dienstleister? Lassen Sie uns miteinander [&hellip;]<\/p>\n","protected":false},"author":1,"featured_media":0,"parent":0,"menu_order":0,"comment_status":"closed","ping_status":"closed","template":"","meta":{"_et_pb_use_builder":"on","_et_pb_old_content":"","_et_gb_content_width":"","footnotes":""},"class_list":["post-1288","page","type-page","status-publish","hentry"],"_links":{"self":[{"href":"https:\/\/www.sotronix.de\/index.php\/wp-json\/wp\/v2\/pages\/1288","targetHints":{"allow":["GET"]}}],"collection":[{"href":"https:\/\/www.sotronix.de\/index.php\/wp-json\/wp\/v2\/pages"}],"about":[{"href":"https:\/\/www.sotronix.de\/index.php\/wp-json\/wp\/v2\/types\/page"}],"author":[{"embeddable":true,"href":"https:\/\/www.sotronix.de\/index.php\/wp-json\/wp\/v2\/users\/1"}],"replies":[{"embeddable":true,"href":"https:\/\/www.sotronix.de\/index.php\/wp-json\/wp\/v2\/comments?post=1288"}],"version-history":[{"count":63,"href":"https:\/\/www.sotronix.de\/index.php\/wp-json\/wp\/v2\/pages\/1288\/revisions"}],"predecessor-version":[{"id":1995,"href":"https:\/\/www.sotronix.de\/index.php\/wp-json\/wp\/v2\/pages\/1288\/revisions\/1995"}],"wp:attachment":[{"href":"https:\/\/www.sotronix.de\/index.php\/wp-json\/wp\/v2\/media?parent=1288"}],"curies":[{"name":"wp","href":"https:\/\/api.w.org\/{rel}","templated":true}]}}