{"id":1172,"date":"2015-04-03T06:17:04","date_gmt":"2015-04-03T04:17:04","guid":{"rendered":"https:\/\/www.sotronix.de\/?page_id=1172"},"modified":"2018-08-07T11:39:09","modified_gmt":"2018-08-07T09:39:09","slug":"referenzng","status":"publish","type":"page","link":"https:\/\/www.sotronix.de\/index.php\/referenzng\/","title":{"rendered":"ReferenzNG"},"content":{"rendered":"<p>[et_pb_section bb_built=&#8220;1&#8243; fullwidth=&#8220;on&#8220; _builder_version=&#8220;3.9&#8243; background_size=&#8220;contain&#8220; next_background_color=&#8220;#000000&#8243;][et_pb_fullwidth_code admin_label=&#8220;%91rev_slider SliderElektronicReferences%93&#8243; _builder_version=&#8220;3.9&#8243; custom_margin=&#8220;-80px|||&#8220; custom_margin_tablet=&#8220;-20px|||&#8220; custom_margin_phone=&#8220;-10px|||&#8220; custom_margin_last_edited=&#8220;on|desktop&#8220;]\n\t\t\t<!-- START SliderElektronicRefrences REVOLUTION SLIDER 6.6.16 --><p class=\"rs-p-wp-fix\"><\/p>\n\t\t\t<rs-module-wrap id=\"rev_slider_13_1_wrapper\" data-source=\"gallery\" data-aimg=\"\"  style=\"visibility:hidden;background:#E9E9E9;padding:0;margin:0px auto;margin-top:0;margin-bottom:0;background-image:url(https:\/\/www.sotronix.de\/wp-content\/uploads\/2014\/09\/HeaderGrid.png);background-repeat:no-repeat;background-size:cover;background-position:center top;\">\n\t\t\t\t<rs-module id=\"rev_slider_13_1\" style=\"\" data-version=\"6.6.16\">\n\t\t\t\t\t<rs-slides style=\"overflow: hidden; position: absolute;\">\n\t\t\t\t\t\t<rs-slide style=\"position: absolute;\" data-key=\"rs-43\" data-title=\"Slide\" data-anim=\"r:0;\" data-in=\"o:0;\" data-out=\"a:false;\">\n\t\t\t\t\t\t\t<img decoding=\"async\" src=\"\/\/www.sotronix.de\/wp-content\/plugins\/revslider\/public\/assets\/assets\/dummy.png\" alt=\"Slide\" title=\"ReferenzNG\" class=\"rev-slidebg tp-rs-img rs-lazyload\" data-lazyload=\"\/\/www.sotronix.de\/wp-content\/plugins\/revslider\/public\/assets\/assets\/transparent.png\" data-bg=\"p:center top;\" data-no-retina>\n<!--\n\t\t\t\t\t\t\t--><rs-layer\n\t\t\t\t\t\t\t\tid=\"slider-13-slide-43-layer-1\" \n\t\t\t\t\t\t\t\tdata-type=\"text\"\n\t\t\t\t\t\t\t\tdata-color=\"#8e8e93\"\n\t\t\t\t\t\t\t\tdata-rsp_ch=\"on\"\n\t\t\t\t\t\t\t\tdata-xy=\"x:339px;y:117px;\"\n\t\t\t\t\t\t\t\tdata-text=\"w:normal;s:40;l:50;\"\n\t\t\t\t\t\t\t\tdata-dim=\"minh:0px;\"\n\t\t\t\t\t\t\t\tdata-frame_0=\"o:1;\"\n\t\t\t\t\t\t\t\tdata-frame_999=\"o:0;st:2040;sp:4250;sR:1740;\"\n\t\t\t\t\t\t\t\tstyle=\"z-index:8;font-family:'Arial';\"\n\t\t\t\t\t\t\t>\u00dcber 15 Jahre Erfahrung<br \/>\nF\u00fcr die Qualit\u00e4t Ihrer Produkte \n\t\t\t\t\t\t\t<\/rs-layer><!--\n\n\t\t\t\t\t\t\t--><rs-layer\n\t\t\t\t\t\t\t\tid=\"slider-13-slide-43-layer-3\" \n\t\t\t\t\t\t\t\tdata-type=\"image\"\n\t\t\t\t\t\t\t\tdata-rsp_ch=\"on\"\n\t\t\t\t\t\t\t\tdata-xy=\"x:959px;y:-57px;\"\n\t\t\t\t\t\t\t\tdata-text=\"w:normal;\"\n\t\t\t\t\t\t\t\tdata-dim=\"w:707px;h:500px;\"\n\t\t\t\t\t\t\t\tdata-frame_999=\"o:0;st:w;\"\n\t\t\t\t\t\t\t\tstyle=\"z-index:9;\"\n\t\t\t\t\t\t\t><img decoding=\"async\" src=\"\/\/www.sotronix.de\/wp-content\/plugins\/revslider\/public\/assets\/assets\/dummy.png\" alt=\"\" class=\"tp-rs-img rs-lazyload\" width=\"707\" height=\"500\" data-lazyload=\"\/\/www.sotronix.de\/wp-content\/uploads\/2015\/03\/Referenzen.png\" data-no-retina> \n\t\t\t\t\t\t\t<\/rs-layer><!--\n-->\t\t\t\t\t\t<\/rs-slide>\n\t\t\t\t\t<\/rs-slides>\n\t\t\t\t<\/rs-module>\n\t\t\t\t<script>\n\t\t\t\t\tsetREVStartSize({c: 'rev_slider_13_1',rl:[1240,1024,768,480],el:[400],gw:[1920],gh:[400],type:'standard',justify:'',layout:'fullwidth',mh:\"0\"});if (window.RS_MODULES!==undefined && window.RS_MODULES.modules!==undefined && window.RS_MODULES.modules[\"revslider131\"]!==undefined) {window.RS_MODULES.modules[\"revslider131\"].once = false;window.revapi13 = undefined;if (window.RS_MODULES.checkMinimal!==undefined) window.RS_MODULES.checkMinimal()}\n\t\t\t\t<\/script>\n\t\t\t<\/rs-module-wrap>\n\t\t\t<!-- END REVOLUTION SLIDER -->\n[\/et_pb_fullwidth_code][\/et_pb_section][et_pb_section bb_built=&#8220;1&#8243; _builder_version=&#8220;3.9&#8243; background_color=&#8220;#ffffff&#8220; custom_padding=&#8220;20px|||&#8220; prev_background_color=&#8220;#000000&#8243;][et_pb_row custom_padding=&#8220;27px|0px|0|0px|false|false&#8220; _builder_version=&#8220;3.9&#8243;][et_pb_column type=&#8220;4_4&#8243;][et_pb_text admin_label=&#8220;Entwicklung einer Schrittmotorsteuerung \u2026&#8220; _builder_version=&#8220;3.9&#8243; text_font_size=&#8220;16px&#8220; header_line_height=&#8220;1.4em&#8220; header_2_font_size=&#8220;20px&#8220; custom_padding=&#8220;||10px|&#8220;]<\/p>\n<h2><span style=\"color: #80bc00;\">Entwicklung einer Schrittmotorsteuerung f\u00fcr den industriellen Einsatz.<\/span><\/h2>\n<p>Neben der Kontrolle der Motoren war es erforderlich aufw\u00e4ndige Bildberechnungen in relativ kurzer Zeit zu erm\u00f6glichen. Die Rohdaten hierzu werden entweder \u00fcber USB oder Ethernet bereitgestellt. Synchron zu den verfahrenden Motoren musste eine Heizleiste mit berechneten Mustern versorgt werden.<\/p>\n<p>Zur L\u00f6sung dieser Aufgabe wurde auf einen embedded x86 PC zur\u00fcckgegriffen, da seitens des Endkunden entsprechendes Programmier-Know-how zur Verf\u00fcgung stand. Weitere Prozessoren aus der Atmel-AVR Serie \u00fcbernehmen das Verfahren der Motoren und die Berechnung der Heizleistung. Alle Prozessoren sind \u00fcber verschiedene Busse miteinander verbunden.<\/p>\n<p>[\/et_pb_text][et_pb_text admin_label=&#8220;Durchf\u00fchrung&#8220; _builder_version=&#8220;3.9&#8243; border_width_bottom=&#8220;1px&#8220; border_color_bottom=&#8220;#dbdbdb&#8220;]<\/p>\n<h3 class=\"title_with_line\"><span style=\"color: #80bc00;\">Durchf\u00fchrung<\/span><\/h3>\n<p>[\/et_pb_text][\/et_pb_column][\/et_pb_row][et_pb_row custom_padding=&#8220;24px|0px|0|0px|false|false&#8220; _builder_version=&#8220;3.0.48&#8243; background_size=&#8220;initial&#8220; background_position=&#8220;top_left&#8220; background_repeat=&#8220;repeat&#8220;][et_pb_column type=&#8220;1_2&#8243;][et_pb_image admin_label=&#8220;PlatineNG800&#8243; src=&#8220;https:\/\/www.sotronix.de\/wp-content\/uploads\/2018\/08\/PlatineNG800-2018.png&#8220; show_in_lightbox=&#8220;on&#8220; use_overlay=&#8220;on&#8220; hover_overlay_color=&#8220;rgba(255,255,255,0)&#8220; hover_icon=&#8220;%%186%%&#8220; align=&#8220;center&#8220; _builder_version=&#8220;3.9&#8243; background_color=&#8220;#ffffff&#8220; background_size=&#8220;initial&#8220; background_position=&#8220;top_right&#8220; custom_margin_last_edited=&#8220;on|phone&#8220; custom_margin_tablet=&#8220;-20px|||&#8220; custom_margin_phone=&#8220;-30px|||&#8220;]<\/p>\n<p>&nbsp;<\/p>\n<p>[\/et_pb_image][\/et_pb_column][et_pb_column type=&#8220;1_2&#8243;][et_pb_tabs _builder_version=&#8220;3.9&#8243;][et_pb_tab title=&#8220;Elektronik und Layout&#8220; _builder_version=&#8220;3.9&#8243; use_background_color_gradient=&#8220;off&#8220; background_color_gradient_start=&#8220;#2b87da&#8220; background_color_gradient_end=&#8220;#29c4a9&#8243; background_color_gradient_type=&#8220;linear&#8220; background_color_gradient_direction=&#8220;180deg&#8220; background_color_gradient_direction_radial=&#8220;center&#8220; background_color_gradient_start_position=&#8220;0%&#8220; background_color_gradient_end_position=&#8220;100%&#8220; background_color_gradient_overlays_image=&#8220;off&#8220; parallax=&#8220;off&#8220; parallax_method=&#8220;on&#8220; background_size=&#8220;cover&#8220; background_position=&#8220;center&#8220; background_repeat=&#8220;no-repeat&#8220; background_blend=&#8220;normal&#8220; allow_player_pause=&#8220;off&#8220; background_video_pause_outside_viewport=&#8220;on&#8220; tab_text_shadow_style=&#8220;none&#8220; body_text_shadow_style=&#8220;none&#8220; tab_text_shadow_horizontal_length=&#8220;0em&#8220; tab_text_shadow_vertical_length=&#8220;0em&#8220; tab_text_shadow_blur_strength=&#8220;0em&#8220; body_text_shadow_horizontal_length=&#8220;0em&#8220; body_text_shadow_vertical_length=&#8220;0em&#8220; body_text_shadow_blur_strength=&#8220;0em&#8220;]<\/p>\n<ul>\n<li>Elektronikentwickung, Simulation und Layoutdesign mittels Altium Designer<\/li>\n<li>Schrittmotorsteuerung, mehrere Step-Down Schaltregler, embedded PC, USB, Ethernet<\/li>\n<li>6-lagiges Layout, differential Pair routing<\/li>\n<li>3D-Modelle aller Bauteile zur MCAD-Integration mittels STEP-Modell<\/li>\n<\/ul>\n<p>[\/et_pb_tab][et_pb_tab title=&#8220;EMV&#8220; _builder_version=&#8220;3.9&#8243; use_background_color_gradient=&#8220;off&#8220; background_color_gradient_start=&#8220;#2b87da&#8220; background_color_gradient_end=&#8220;#29c4a9&#8243; background_color_gradient_type=&#8220;linear&#8220; background_color_gradient_direction=&#8220;180deg&#8220; background_color_gradient_direction_radial=&#8220;center&#8220; background_color_gradient_start_position=&#8220;0%&#8220; background_color_gradient_end_position=&#8220;100%&#8220; background_color_gradient_overlays_image=&#8220;off&#8220; parallax=&#8220;off&#8220; parallax_method=&#8220;on&#8220; background_size=&#8220;cover&#8220; background_position=&#8220;center&#8220; background_repeat=&#8220;no-repeat&#8220; background_blend=&#8220;normal&#8220; allow_player_pause=&#8220;off&#8220; background_video_pause_outside_viewport=&#8220;on&#8220; tab_text_shadow_style=&#8220;none&#8220; body_text_shadow_style=&#8220;none&#8220; tab_text_shadow_horizontal_length=&#8220;0em&#8220; tab_text_shadow_vertical_length=&#8220;0em&#8220; tab_text_shadow_blur_strength=&#8220;0em&#8220; body_text_shadow_horizontal_length=&#8220;0em&#8220; body_text_shadow_vertical_length=&#8220;0em&#8220; body_text_shadow_blur_strength=&#8220;0em&#8220;]<\/p>\n<h5>Die Herausforderung bei dieser EMV-Pr\u00fcfung waren eindeutig die Schrittmotorsteuerungen.<\/h5>\n<p>Aufgrund der relativ steilflankigen Ansteuerung und zus\u00e4tzlich langer Leitungen bereitete insbesondere die St\u00f6raussendung (EN-61000-6-3) einigen Aufwand.<br \/>\nHier musste teilweise ein doch recht hoher Filteraufwand betrieben werden, um diesen Pr\u00fcfungsteil erfolgreich abschlie\u00dfen zu k\u00f6nnen.<br \/>\nAlle weiteren Pr\u00fcfungen (Fachgrundnorm) wurden ohne gr\u00f6\u00dfere \u00c4nderungen bestanden.<\/p>\n<p>[\/et_pb_tab][\/et_pb_tabs][\/et_pb_column][\/et_pb_row][\/et_pb_section]<\/p>\n","protected":false},"excerpt":{"rendered":"<p>\n\t\t\t<!-- START SliderElektronicRefrences REVOLUTION SLIDER 6.6.16 --><p class=\"rs-p-wp-fix\"><\/p>\n\t\t\t<rs-module-wrap id=\"rev_slider_13_2_wrapper\" data-source=\"gallery\" data-aimg=\"\"  style=\"visibility:hidden;background:#E9E9E9;padding:0;margin:0px auto;margin-top:0;margin-bottom:0;background-image:url(https:\/\/www.sotronix.de\/wp-content\/uploads\/2014\/09\/HeaderGrid.png);background-repeat:no-repeat;background-size:cover;background-position:center top;\">\n\t\t\t\t<rs-module id=\"rev_slider_13_2\" style=\"\" data-version=\"6.6.16\">\n\t\t\t\t\t<rs-slides style=\"overflow: hidden; position: absolute;\">\n\t\t\t\t\t\t<rs-slide style=\"position: absolute;\" data-key=\"rs-43\" data-title=\"Slide\" data-anim=\"r:0;\" data-in=\"o:0;\" data-out=\"a:false;\">\n\t\t\t\t\t\t\t<img decoding=\"async\" src=\"\/\/www.sotronix.de\/wp-content\/plugins\/revslider\/public\/assets\/assets\/dummy.png\" alt=\"Slide\" title=\"ReferenzNG\" class=\"rev-slidebg tp-rs-img rs-lazyload\" data-lazyload=\"\/\/www.sotronix.de\/wp-content\/plugins\/revslider\/public\/assets\/assets\/transparent.png\" data-bg=\"p:center top;\" data-no-retina>\n<!--\n\t\t\t\t\t\t\t--><rs-layer\n\t\t\t\t\t\t\t\tid=\"slider-13-slide-43-layer-1\" \n\t\t\t\t\t\t\t\tdata-type=\"text\"\n\t\t\t\t\t\t\t\tdata-color=\"#8e8e93\"\n\t\t\t\t\t\t\t\tdata-rsp_ch=\"on\"\n\t\t\t\t\t\t\t\tdata-xy=\"x:339px;y:117px;\"\n\t\t\t\t\t\t\t\tdata-text=\"w:normal;s:40;l:50;\"\n\t\t\t\t\t\t\t\tdata-dim=\"minh:0px;\"\n\t\t\t\t\t\t\t\tdata-frame_0=\"o:1;\"\n\t\t\t\t\t\t\t\tdata-frame_999=\"o:0;st:2040;sp:4250;sR:1740;\"\n\t\t\t\t\t\t\t\tstyle=\"z-index:8;font-family:'Arial';\"\n\t\t\t\t\t\t\t>\u00dcber 15 Jahre Erfahrung<br \/>\nF\u00fcr die Qualit\u00e4t Ihrer Produkte \n\t\t\t\t\t\t\t<\/rs-layer><!--\n\n\t\t\t\t\t\t\t--><rs-layer\n\t\t\t\t\t\t\t\tid=\"slider-13-slide-43-layer-3\" \n\t\t\t\t\t\t\t\tdata-type=\"image\"\n\t\t\t\t\t\t\t\tdata-rsp_ch=\"on\"\n\t\t\t\t\t\t\t\tdata-xy=\"x:959px;y:-57px;\"\n\t\t\t\t\t\t\t\tdata-text=\"w:normal;\"\n\t\t\t\t\t\t\t\tdata-dim=\"w:707px;h:500px;\"\n\t\t\t\t\t\t\t\tdata-frame_999=\"o:0;st:w;\"\n\t\t\t\t\t\t\t\tstyle=\"z-index:9;\"\n\t\t\t\t\t\t\t><img decoding=\"async\" src=\"\/\/www.sotronix.de\/wp-content\/plugins\/revslider\/public\/assets\/assets\/dummy.png\" alt=\"\" class=\"tp-rs-img rs-lazyload\" width=\"707\" height=\"500\" data-lazyload=\"\/\/www.sotronix.de\/wp-content\/uploads\/2015\/03\/Referenzen.png\" data-no-retina> \n\t\t\t\t\t\t\t<\/rs-layer><!--\n-->\t\t\t\t\t\t<\/rs-slide>\n\t\t\t\t\t<\/rs-slides>\n\t\t\t\t<\/rs-module>\n\t\t\t\t<script>\n\t\t\t\t\tsetREVStartSize({c: 'rev_slider_13_2',rl:[1240,1024,768,480],el:[400],gw:[1920],gh:[400],type:'standard',justify:'',layout:'fullwidth',mh:\"0\"});if (window.RS_MODULES!==undefined && window.RS_MODULES.modules!==undefined && window.RS_MODULES.modules[\"revslider132\"]!==undefined) {window.RS_MODULES.modules[\"revslider132\"].once = false;window.revapi13_2 = undefined;if (window.RS_MODULES.checkMinimal!==undefined) window.RS_MODULES.checkMinimal()}\n\t\t\t\t<\/script>\n\t\t\t<\/rs-module-wrap>\n\t\t\t<!-- END REVOLUTION SLIDER -->\n Entwicklung einer Schrittmotorsteuerung f\u00fcr den industriellen Einsatz. Neben der Kontrolle der Motoren war es erforderlich aufw\u00e4ndige Bildberechnungen in relativ kurzer Zeit zu erm\u00f6glichen. Die Rohdaten hierzu werden entweder \u00fcber USB oder Ethernet bereitgestellt. Synchron zu den verfahrenden Motoren musste eine Heizleiste mit berechneten Mustern versorgt werden. Zur L\u00f6sung dieser Aufgabe wurde auf einen [&hellip;]<\/p>\n","protected":false},"author":1,"featured_media":0,"parent":0,"menu_order":0,"comment_status":"closed","ping_status":"closed","template":"","meta":{"_et_pb_use_builder":"on","_et_pb_old_content":"","_et_gb_content_width":"","footnotes":""},"class_list":["post-1172","page","type-page","status-publish","hentry"],"_links":{"self":[{"href":"https:\/\/www.sotronix.de\/index.php\/wp-json\/wp\/v2\/pages\/1172","targetHints":{"allow":["GET"]}}],"collection":[{"href":"https:\/\/www.sotronix.de\/index.php\/wp-json\/wp\/v2\/pages"}],"about":[{"href":"https:\/\/www.sotronix.de\/index.php\/wp-json\/wp\/v2\/types\/page"}],"author":[{"embeddable":true,"href":"https:\/\/www.sotronix.de\/index.php\/wp-json\/wp\/v2\/users\/1"}],"replies":[{"embeddable":true,"href":"https:\/\/www.sotronix.de\/index.php\/wp-json\/wp\/v2\/comments?post=1172"}],"version-history":[{"count":25,"href":"https:\/\/www.sotronix.de\/index.php\/wp-json\/wp\/v2\/pages\/1172\/revisions"}],"predecessor-version":[{"id":2111,"href":"https:\/\/www.sotronix.de\/index.php\/wp-json\/wp\/v2\/pages\/1172\/revisions\/2111"}],"wp:attachment":[{"href":"https:\/\/www.sotronix.de\/index.php\/wp-json\/wp\/v2\/media?parent=1172"}],"curies":[{"name":"wp","href":"https:\/\/api.w.org\/{rel}","templated":true}]}}